{"id":573,"date":"2023-01-14T16:42:40","date_gmt":"2023-01-14T16:42:40","guid":{"rendered":"https:\/\/caliweedonlineshop.com\/?post_type=product&#038;p=573"},"modified":"2023-01-16T06:47:09","modified_gmt":"2023-01-16T06:47:09","slug":"cherry","status":"publish","type":"product","link":"https:\/\/caliweedonlineshop.com\/it\/product\/cherry\/","title":{"rendered":"cherry"},"content":{"rendered":"<h1>Variet\u00e0 di meringa alla ciliegia online in Island kaufen<\/h1>\n<p>Acquista Cherry Meringue Strain online in Islanda. Cherry OG \u00e8 un ibrido autoctono con un effetto equilibrato e un gusto terroso e fruttato. Questa variet\u00e0 ci arriva da Emerald Triangle Seeds, i produttori che sono anche responsabili di Emerald Jack. \u00c8 un incrocio tra una Thai Sativa e un'Afghani Indica che \u00e8 stata reincrociata con la sua madre thailandese originale e poi nuovamente incrociata con l'ibrido agrumato Lost Coast OG. Un'ottima scelta per la produttivit\u00e0 di tutto il giorno o per una tranquilla introspezione, Cherry OG ha una potenza che \u00e8 stata misurata tra il 10% e il 23% di THC. Cherry OG vanta cime straordinariamente grandi che si aggrappano insieme in una struttura densa, tipica delle indica. Questi fiori sovradimensionati hanno una forma quasi conica, sono larghe alla base e nettamente affusolate all'estremit\u00e0. Le foglie densamente compatte sono di una tonalit\u00e0 terrosa, verde oliva e sono intervallate da pistilli pelosi color ruggine. Infine, i tricomi bianchi traslucidi ricoprono le cime, rendendole molto appiccicose e difficili da macinare a meno che non si utilizzi un macinino di qualit\u00e0. Acquista Pink Runtz in Arabia Saudita<\/p>\n<p>Acquista Cherry Meringue Strain online in Islanda. Se opportunamente curate, le cime Cherry OG emanano note leggermente floreali di ciliegie. Uno sguardo pi\u00f9 attento rivela anche un aroma astringente che ricorda la benzina, ereditato dalla Chemdawg nella genetica del ceppo genitore Lost Coast OG. C'\u00e8 anche un sapore leggermente agrumato e aspro in agguato sotto. La frantumazione di queste gemme resinose parla dell'eredit\u00e0 afghana di Cherry OG, con odori di hashish, simili all'incenso, quasi opprimenti sentori di frutti di bosco. Quando viene bruciata, questa gemma brucia con un fumo morbido e facile che sa di ciliegia e mirtillo sottile, con l'aggiunta di fumi diesel durante l'espirazione.<\/p>\n<h2>Variet\u00e0 di meringa alla ciliegia online in Island kaufen<\/h2>\n<p>Cherry OG offre quello che pu\u00f2 essere descritto come uno sballo strisciante che cresce costantemente fino a quando il fumatore non pu\u00f2 fare a meno di soccombere ai suoi effetti. Insieme a una spinta sulla parte anteriore della testa, gli utenti possono percepire l'inizio di una rapida associazione di pensieri. Quel formicolio alla testa \u00e8 utile per concentrarsi su compiti complicati come ordinare la posta in arrivo o banali come le pulizie di primavera. Nel giusto ambiente, l'energia mentale pu\u00f2 anche essere molto socievole, incoraggiando la conversazione cameratesca e stimolante. A differenza di alcuni ibridi, in cui il lato indica della variet\u00e0 emerge in una seconda fase pi\u00f9 pronunciata, la Cherry OG sembra offrire uno sballo costantemente equilibrato, con un senso di rilassamento sempre presente. Il blocco del divano non viene comunemente segnalato e la chiarezza \u00e8 di lunga durata. Quando ti senti attivo e all'aperto, la variet\u00e0 pu\u00f2 preparare il terreno per una lunga passeggiata nella natura; in circostanze pi\u00f9 rilassate, puoi semplicemente staccare la spina e goderti un buon album o film. La versatilit\u00e0 della Cherry OG la rende adatta per l'uso diurno o serale, ma i fumatori dovrebbero evitare di godersi questa variet\u00e0 poco prima di andare a letto, poich\u00e9 i suoi effetti elaborati possono mantenerli vigili e iperattivi.<\/p>\n<p>Gli effetti di vasta portata di Cherry OG possono anche essere utili per i pazienti con cannabis terapeutica. Pu\u00f2 avere un efficace effetto analgesico per il dolore lieve e temporaneo o cronico causato da condizioni come l'artrite o la fibromialgia. La sua energia positiva sostenuta pu\u00f2 anche combattere i sintomi di stress e depressione da lievi a moderati, aiutando gli utenti a trascorrere il loro tempo in modo pi\u00f9 consapevole. In alcuni casi, la chiara testa del ceppo pu\u00f2 essere di beneficio per i pazienti con disturbi da deficit di attenzione. Infine, Cherry OG \u00e8 noto per indurre i morsi della fame, rendendolo un buon integratore per coloro che hanno perso l'appetito a causa di gravi malattie o farmaci. Anche se molto equilibrato L'effetto cerebrale della Cherry OG pu\u00f2 essere disorientante per alcune persone, e non \u00e8 raccomandato per i consumatori che tendono al panico o hanno una bassa tolleranza al THC. Fortunatamente, Emerald Triangle ha in vendita online i semi di coltivazione domestica Cherry OG. Pu\u00f2 essere coltivata indoor o all'aperto in climi costantemente caldi e semi-umidi; cio\u00e8, i robusti geni autoctoni della variet\u00e0 la rendono ragionevolmente resistente a condizioni avverse come fluttuazioni di temperatura e umidit\u00e0. Le piante Cherry OG sono piante sativa e possono raggiungere grandi altezze: i coltivatori indoor dovrebbero assicurarsi di addestrare le loro piante in anticipo con la potatura e il taglio. Compra Florida Cake Jungle Boys. Un'altra caratteristica di una sativa \u00e8 il lungo tempo di fioritura della Cherry's OG: fiorisce entro 9-10 settimane se coltivata indoor ed \u00e8 pronta per essere raccolta all'inizio di ottobre se coltivata all'aperto. Acquista Cherry Meringue Strain online in Islanda.<\/p>","protected":false},"excerpt":{"rendered":"<p>Cherry OG \u00e8 un ibrido autoctono con un effetto equilibrato e un gusto terroso e fruttato. Questa variet\u00e0 ci arriva da Emerald Triangle Seeds, i produttori sono anche responsabili di Emerald<\/p>\n<p>&nbsp;<\/p>","protected":false},"featured_media":574,"comment_status":"open","ping_status":"closed","template":"","meta":{"om_disable_all_campaigns":false,"_monsterinsights_skip_tracking":false,"_monsterinsights_sitenote_active":false,"_monsterinsights_sitenote_note":"","_monsterinsights_sitenote_category":0},"product_brand":[],"product_cat":[245,126,351],"product_tag":[203,233,266,258,259,260,261,262,263,264,265],"class_list":{"0":"post-573","1":"product","2":"type-product","3":"status-publish","4":"has-post-thumbnail","6":"product_cat-hybrid-sorten","7":"product_cat-blumen","8":"product_cat-marken-cannabis","9":"product_tag-cdb-brownies-online-kaufen-in-texas","10":"product_tag-chapo-kekse-in-alaska-kaufen","11":"product_tag-garrison-lane-online-kaufen-in-new-york","12":"product_tag-kirsche-online-kaufen-in-colorado","13":"product_tag-kirsche-online-kaufen-in-denver","14":"product_tag-kirsche-online-kaufen-in-illinois","15":"product_tag-kirsche-online-kaufen-in-nevada","16":"product_tag-kirsche-online-kaufen-in-new-york","17":"product_tag-kirsche-online-kaufen-in-texas","18":"product_tag-kirsche-online-kaufen-in-usa","19":"product_tag-kirsche-online-kaufen-online","21":"first","22":"instock","23":"shipping-taxable","24":"purchasable","25":"product-type-variable"},"_links":{"self":[{"href":"https:\/\/caliweedonlineshop.com\/it\/wp-json\/wp\/v2\/product\/573","targetHints":{"allow":["GET"]}}],"collection":[{"href":"https:\/\/caliweedonlineshop.com\/it\/wp-json\/wp\/v2\/product"}],"about":[{"href":"https:\/\/caliweedonlineshop.com\/it\/wp-json\/wp\/v2\/types\/product"}],"replies":[{"embeddable":true,"href":"https:\/\/caliweedonlineshop.com\/it\/wp-json\/wp\/v2\/comments?post=573"}],"wp:featuredmedia":[{"embeddable":true,"href":"https:\/\/caliweedonlineshop.com\/it\/wp-json\/wp\/v2\/media\/574"}],"wp:attachment":[{"href":"https:\/\/caliweedonlineshop.com\/it\/wp-json\/wp\/v2\/media?parent=573"}],"wp:term":[{"taxonomy":"product_brand","embeddable":true,"href":"https:\/\/caliweedonlineshop.com\/it\/wp-json\/wp\/v2\/product_brand?post=573"},{"taxonomy":"product_cat","embeddable":true,"href":"https:\/\/caliweedonlineshop.com\/it\/wp-json\/wp\/v2\/product_cat?post=573"},{"taxonomy":"product_tag","embeddable":true,"href":"https:\/\/caliweedonlineshop.com\/it\/wp-json\/wp\/v2\/product_tag?post=573"}],"curies":[{"name":"wp","href":"https:\/\/api.w.org\/{rel}","templated":true}]}}