{"id":579,"date":"2023-01-14T16:47:25","date_gmt":"2023-01-14T16:47:25","guid":{"rendered":"https:\/\/caliweedonlineshop.com\/?post_type=product&#038;p=579"},"modified":"2023-01-16T06:46:58","modified_gmt":"2023-01-16T06:46:58","slug":"dosilato","status":"publish","type":"product","link":"https:\/\/caliweedonlineshop.com\/it\/product\/dosilato\/","title":{"rendered":"dosilato"},"content":{"rendered":"<h1>Acquista Dosilato online in Liechtenstein<\/h1>\n<p>Acquista Dosilato online in Liechtenstein. La Dosilato Flower della Connected Cannabis Co. \u00e8 un ibrido terroso-dolce con un fumo delicato. BUY GROW (per grammo) Lo sballo risultante \u00e8 spesso inebriante e concentrato con un leggero ronzio energizzante nel corpo. Pu\u00f2 farti sentire un po' elettrico, quasi nervoso, quando finisci poco per dormire. Il fiore Dosilato di Cake Mix\/Mintz Connected Cannabis Co. \u00e8 un ibrido terroso-dolce con un fumo morbido. Lo sballo che ne deriva \u00e8 spesso inebriante e concentrato con un leggero ronzio energizzante nel corpo. Puoi sentirti un po' elettrico, quasi nervoso, quando hai solo bisogno di dormire un po'. Acquista funghi magici cubani online.<\/p>\n<h2>Dosilato online in Liechtenstein kaufen<\/h2>\n<p>La Donato, nota anche come Do-Si-Lato o Dosilato, \u00e8 una variet\u00e0 a predominanza indica creata incrociando Do-Si-Dos con Gelato #41. Questa variet\u00e0 ha uno splendido spettro di colori nelle sue cime - dal verde chiaro al verde scuro e dal viola bordeaux all'arancio brillante, tutte spolverate di tricomi simili a diamanti. Il profilo terpenico di Donato presenta un profumo fruttato e terroso seguito da un dolce sapore di lavanda. Donato ti lascia senza stress e calmo, rendendolo perfetto per una serata rilassante, magari abbinata a un bagno e un libro. Mescolando queste due potenti variet\u00e0 (decide x gelato) si ottiene un aroma folle che \u00e8 pungente, dolce e terroso, con una leggera nota floreale. Questi sapori si sposano bene con l'effetto fisico, tendente al lato sedativo. Kurupt Moon Rock Goditi la storia in alto amici miei, il fiore Dosilato di Cannabis Co. \u00e8 un ibrido terroso-dolce con un fumo che colpisce dolcemente. Lo sballo che ne deriva \u00e8 spesso inebriante e concentrato con un leggero ronzio energizzante nel corpo. Puoi sentirti un po' elettrico, quasi nervoso, quando stai per andare a dormire. Il fiore Dosilato di Lemon Zkittle Connected Cannabis Co. \u00e8 un ibrido terroso-dolce con un fumo morbido. Lo sballo che ne deriva \u00e8 spesso inebriante e focalizzato con la luce. ronzio stimolante nel corpo. Puoi sentirti un po' elettrico, quasi nervoso, quando stai per andare a letto. Il fiore Dosilato di Lemon Zkittle Connected Cannabis Co. \u00e8 un ibrido terroso-dolce con un fumo morbido. Lo sballo che ne deriva \u00e8 spesso inebriante e focalizzato con la luce. ronzio stimolante nel corpo. Puoi sentirti un po' elettrico, quasi nervoso, quando stai per andare a letto. Il fiore Dosilato di Lemon Zkittle Connected Cannabis Co. \u00e8 un ibrido terroso-dolce con un fumo morbido. Lo sballo che ne deriva \u00e8 spesso inebriante e focalizzato con la luce.<\/p>","protected":false},"excerpt":{"rendered":"<p>Noto anche come Do-Si-Lato o Dosilato, \u00e8 una variet\u00e0 a predominanza Indica creata incrociando Do-Si-Dos con Gelato #41. Questa variet\u00e0 ha uno splendido spettro di colori nelle sue cime - dal verde chiaro al verde scuro e dal viola bordeaux all'arancio brillante, tutte spolverate di tricomi simili a diamanti.<\/p>\n<p>&nbsp;<\/p>","protected":false},"featured_media":580,"comment_status":"open","ping_status":"closed","template":"","meta":{"om_disable_all_campaigns":false,"_monsterinsights_skip_tracking":false,"_monsterinsights_sitenote_active":false,"_monsterinsights_sitenote_note":"","_monsterinsights_sitenote_category":0},"product_brand":[],"product_cat":[126,245,351],"product_tag":[],"class_list":{"0":"post-579","1":"product","2":"type-product","3":"status-publish","4":"has-post-thumbnail","6":"product_cat-blumen","7":"product_cat-hybrid-sorten","8":"product_cat-marken-cannabis","10":"first","11":"instock","12":"shipping-taxable","13":"purchasable","14":"product-type-variable"},"_links":{"self":[{"href":"https:\/\/caliweedonlineshop.com\/it\/wp-json\/wp\/v2\/product\/579","targetHints":{"allow":["GET"]}}],"collection":[{"href":"https:\/\/caliweedonlineshop.com\/it\/wp-json\/wp\/v2\/product"}],"about":[{"href":"https:\/\/caliweedonlineshop.com\/it\/wp-json\/wp\/v2\/types\/product"}],"replies":[{"embeddable":true,"href":"https:\/\/caliweedonlineshop.com\/it\/wp-json\/wp\/v2\/comments?post=579"}],"wp:featuredmedia":[{"embeddable":true,"href":"https:\/\/caliweedonlineshop.com\/it\/wp-json\/wp\/v2\/media\/580"}],"wp:attachment":[{"href":"https:\/\/caliweedonlineshop.com\/it\/wp-json\/wp\/v2\/media?parent=579"}],"wp:term":[{"taxonomy":"product_brand","embeddable":true,"href":"https:\/\/caliweedonlineshop.com\/it\/wp-json\/wp\/v2\/product_brand?post=579"},{"taxonomy":"product_cat","embeddable":true,"href":"https:\/\/caliweedonlineshop.com\/it\/wp-json\/wp\/v2\/product_cat?post=579"},{"taxonomy":"product_tag","embeddable":true,"href":"https:\/\/caliweedonlineshop.com\/it\/wp-json\/wp\/v2\/product_tag?post=579"}],"curies":[{"name":"wp","href":"https:\/\/api.w.org\/{rel}","templated":true}]}}