{"id":585,"date":"2023-01-14T16:51:18","date_gmt":"2023-01-14T16:51:18","guid":{"rendered":"https:\/\/caliweedonlineshop.com\/?post_type=product&#038;p=585"},"modified":"2023-01-16T06:46:49","modified_gmt":"2023-01-16T06:46:49","slug":"ether","status":"publish","type":"product","link":"https:\/\/caliweedonlineshop.com\/it\/product\/ether\/","title":{"rendered":"Ether"},"content":{"rendered":"<h1>Acquista Ether Marijuana Strain online in Germania<\/h1>\n<p>Acquista Ether Marijuana Strain online in Germania. Ether \u00e8 un raro ibrido a predominanza indica (70% indica\/30% sativa) che \u00e8 uno speciale taglio ad alta potenza della famigerata Alien Dawg, un incrocio tra Chemdawg e Alien Technology. ACQUISTA WAX (per grammo) Con livelli di THC tipicamente superiori al 20% e un effetto potente e corposo, Ether \u00e8 una variet\u00e0 da non sottovalutare. Lo sballo di Ether colpisce velocemente e con forza, con uno sballo cerebrale quasi immediato di intensa euforia. Acquista Cake Mix\/Mintz Questo effetto invade la tua mente, lasciandoti leggermente annebbiato e stordito nonostante sia beato. Presto questa sensazione diventa rocciosa e la tua mente sprofonda in una profonda introspezione e pensieri casuali, rendendoti la testa pesante. Questa pesantezza si diffonder\u00e0 rapidamente al resto del tuo corpo, facendoti venire sonno. Compra la torta di ciliegie<\/p>\n<p>Chiamata comunemente Alien Dawg (taglio \"Ether\"), questa variet\u00e0 \u00e8 uno dei fenotipi pi\u00f9 ricercati dell'ibrido a predominanza indica Alien Dawg ed \u00e8 stata utilizzata per creare altri ibridi come Alien Abduction e Lemon Alien Dawg. L'etere tende maggiormente verso il lato Chemdawg 91 della sua eredit\u00e0 ed \u00e8 nota per il suo intenso odore acido e la straordinaria produzione di tricomi. Big Mex Magic Mushroom Online USA<\/p>\n<h2>Acquista Ether Marijuana Strain online in Germania<\/h2>\n<p>Ether \u00e8 una rara variet\u00e0 ibrida a predominanza indica (70% indica\/30% sativa) che \u00e8 uno speciale taglio ad alta potenza della famigerata Alien Dawg, un incrocio di Chemdawg X Alien Technology. Con livelli di THC tipicamente superiori al 20% e un effetto potente e corposo, Ether \u00e8 una variet\u00e0 da non sottovalutare. Lo sballo dell'etere colpisce velocemente e con forza, con uno sballo cerebrale quasi immediato di euforia accresciuta. acquista Lemon Zkittle Questo effetto colpisce la tua mente, lasciandoti leggermente annebbiato e stordito nonostante sia beato. Molto presto, quella sensazione si trasforma in una sensazione rocciosa, affondando la tua mente in una profonda introspezione e pensieri casuali e facendoti sentire la testa pesante. Questa pesantezza si diffonde rapidamente al resto del tuo corpo, rendendoti assonnato e stanco. compra Kurupt Moon Rock. Chiamata comunemente Alien Dawg (taglio \"Ether\"), questa variet\u00e0 \u00e8 uno dei fenotipi pi\u00f9 ricercati dell'ibrido a predominanza indica Alien Dawg ed \u00e8 stata utilizzata per creare altri ibridi come Alien Abduction e Lemon Alien Dawg. L'etere tende maggiormente verso il lato Chemdawg 91 della sua eredit\u00e0 ed \u00e8 nota per il suo intenso odore acido e la straordinaria produzione di tricomi. Acquista Ether Marijuana Strain online in Germania. L'etere tende maggiormente verso il lato Chemdawg 91 della sua eredit\u00e0 ed \u00e8 nota per il suo intenso odore acido e la straordinaria produzione di tricomi. Acquista Ether Marijuana Strain online in Germania. L'etere tende maggiormente verso il lato Chemdawg 91 della sua eredit\u00e0 ed \u00e8 nota per il suo intenso odore acido e la straordinaria produzione di tricomi. Acquista Ether Marijuana Strain online in Germania.<\/p>","protected":false},"excerpt":{"rendered":"<p>Chiamata comunemente Alien Dawg (taglio \"Ether\"), questa variet\u00e0 \u00e8 uno dei fenotipi pi\u00f9 ricercati dell'ibrido a predominanza indica Alien Dawg ed \u00e8 stata utilizzata per creare altri ibridi come Alien Abduction e Lemon Alien Dawg.<\/p>\n<p>&nbsp;<\/p>","protected":false},"featured_media":586,"comment_status":"open","ping_status":"closed","template":"","meta":{"om_disable_all_campaigns":false,"_monsterinsights_skip_tracking":false,"_monsterinsights_sitenote_active":false,"_monsterinsights_sitenote_note":"","_monsterinsights_sitenote_category":0},"product_brand":[],"product_cat":[126,245,351],"product_tag":[268,269,270,271,272,273,274,275,276,267],"class_list":{"0":"post-585","1":"product","2":"type-product","3":"status-publish","4":"has-post-thumbnail","6":"product_cat-blumen","7":"product_cat-hybrid-sorten","8":"product_cat-marken-cannabis","9":"product_tag-ether-in-kalifornien-kaufen","10":"product_tag-ether-kaufen-in-colorado","11":"product_tag-ether-kaufen-in-florida","12":"product_tag-ether-kaufen-in-new-york","13":"product_tag-ether-kaufen-in-polen","14":"product_tag-ether-kaufen-in-texas","15":"product_tag-ether-online-kaufen","16":"product_tag-fruity-pebbles-in-florida-kaufen","17":"product_tag-garrison-lane-in-virginia-kaufen","18":"product_tag-kekspackung-in-north-carolina-kaufen","20":"first","21":"instock","22":"shipping-taxable","23":"purchasable","24":"product-type-variable"},"_links":{"self":[{"href":"https:\/\/caliweedonlineshop.com\/it\/wp-json\/wp\/v2\/product\/585","targetHints":{"allow":["GET"]}}],"collection":[{"href":"https:\/\/caliweedonlineshop.com\/it\/wp-json\/wp\/v2\/product"}],"about":[{"href":"https:\/\/caliweedonlineshop.com\/it\/wp-json\/wp\/v2\/types\/product"}],"replies":[{"embeddable":true,"href":"https:\/\/caliweedonlineshop.com\/it\/wp-json\/wp\/v2\/comments?post=585"}],"wp:featuredmedia":[{"embeddable":true,"href":"https:\/\/caliweedonlineshop.com\/it\/wp-json\/wp\/v2\/media\/586"}],"wp:attachment":[{"href":"https:\/\/caliweedonlineshop.com\/it\/wp-json\/wp\/v2\/media?parent=585"}],"wp:term":[{"taxonomy":"product_brand","embeddable":true,"href":"https:\/\/caliweedonlineshop.com\/it\/wp-json\/wp\/v2\/product_brand?post=585"},{"taxonomy":"product_cat","embeddable":true,"href":"https:\/\/caliweedonlineshop.com\/it\/wp-json\/wp\/v2\/product_cat?post=585"},{"taxonomy":"product_tag","embeddable":true,"href":"https:\/\/caliweedonlineshop.com\/it\/wp-json\/wp\/v2\/product_tag?post=585"}],"curies":[{"name":"wp","href":"https:\/\/api.w.org\/{rel}","templated":true}]}}