{"id":591,"date":"2023-01-14T17:01:33","date_gmt":"2023-01-14T17:01:33","guid":{"rendered":"https:\/\/caliweedonlineshop.com\/?post_type=product&#038;p=591"},"modified":"2023-01-14T17:01:33","modified_gmt":"2023-01-14T17:01:33","slug":"gelato","status":"publish","type":"product","link":"https:\/\/caliweedonlineshop.com\/it\/product\/gelato\/","title":{"rendered":"Gelato"},"content":{"rendered":"<h1>Acquista il gelato online<\/h1>\n<p>Acquista il gelato online. Gelato (detto anche \"<a href=\"https:\/\/en.wikipedia.org\/wiki\/Larry_Bird\" target=\"_blank\" rel=\"noopener\">Larry Bird<\/a>\u201c) \u00e8 allettante <a href=\"https:\/\/caliweedonlineshop.com\/index.php\/product-category\/blumen\/hybrid-sorten\/\">Cannabis-Hybridsorte<\/a> di Cookie Fam e Sherbinski, seguendo le orme dei suoi genitori Sunset Sherbet e Thin Mint GSC. Originaria della Bay Area della California, questa variet\u00e0 deve il suo nome all'aroma fruttato, simile al dessert, che attraversa come un filo conduttore la famiglia Cookie. Le sue cime tendono a sbocciare in intense tonalit\u00e0 viola, illuminate da ardenti peli arancioni e da un brillante strato bianco di resina cristallina. novizio<\/p>\n<p>Dovrebbe avvicinarsi a questa potenza di THC con cautela, ma quelli con un'alta tolleranza apprezzeranno la pesante euforia di Gelato. Il rilassamento fisico entra in gioco, ma molti si ritrovano ancora abbastanza mentalmente vigili da rimanere produttivi e creativi quando si gustano il gelato durante il giorno.<\/p>\n<h2>Acquista il gelato online<\/h2>\n<p><strong>INDICA %SATIVA %REINHEIT \/ POTENZENTSPANNUNGSCHLAFENDE ENERGIEEUPHORIESCHMERZLINDERUNG<\/strong><\/p>\n<p>Name der Sorte: Gelato Cannabis-Sorte<\/p>\n<p>Dominante Sorte: Indica-dominant mit 55% Indica \/ 45% Sativa.<\/p>\n<p>Breve storia: Originario della Bay Area, California, Gelato \u00e8 stato sviluppato da Cookie Fam Genetics. Questa deliziosa variet\u00e0 \u00e8 stata creata incrociando Sunset Sherbet con Thin Mint Girl Scout Cookies. I ceppi parentali sono entrambi noti per i loro effetti corposi.<\/p>\n<p>Tuttavia, non lasciarti ingannare dal suo nome carino. La Gelato \u00e8 una variet\u00e0 molto potente. Dopotutto, questa deliziosa variet\u00e0 possiede tutte le migliori qualit\u00e0 delle sue variet\u00e0 genitrici.<\/p>\n<p>Il gelato colpisce duro e veloce. Il suo alto contenuto di THC \u00e8 noto per indurre potenti effetti psicoattivi e psichedelici. Non \u00e8 una variet\u00e0 per principianti e per coloro che non tollerano bene il THC. Se vuoi ancora provarli, fallo con cautela.<\/p>\n<p>Caratteristiche distintive: le cime di Gelato sono leggermente pi\u00f9 piccole rispetto ad altre variet\u00e0. Tuttavia, sono spessi e densamente imballati insieme. I boccioli sono di un colore verde foresta scuro intervallati da vibranti peli viola e arancioni. Le foglie sono anche di colore verde bosco con una leggera sfumatura viola.<\/p>\n<p>Profilo di cannabinoidi e terpeni: il contenuto di THC di Gelato \u00e8 alto, intorno al 20%, anche se alcuni test hanno rilevato che pu\u00f2 raggiungere il 25%. Il contenuto di CBD \u00e8 di circa lo 0,1%, con alcuni test che mostrano livelli di CBD fino all'1,59%. Il contenuto di CBN \u00e8 basso allo 0,07%.<br \/>\nIl profilo terpenico di Gelato comprende mircene, cariofillene e pinene.<\/p>\n<p>Sapori\/aroma: il gelato \u00e8 all'altezza del suo dolce nome. Ha un aroma dolce e terroso con deliziosi sentori di mirtilli e arance. Ha anche un profumo dolce e legnoso, con potenti note di frutta come bacche, ciliegie e agrumi come limone e lime. Noterai anche alcune sfumature di lavanda.<\/p>\n<p>Effetti: Gelato \u00e8 una variet\u00e0 a predominanza indica i cui effetti cerebrali e fisici possono colpirti velocemente e con forza. Potresti persino sentire i potenti effetti prima di espirare.<br \/>\nAll'inizio sentirai un forte sballo mentale, seguito rapidamente da un altrettanto forte sballo corporeo. Questi effetti ti fanno sentire completamente rilassato, calmo, felice, euforico e sollevato. Tuttavia, l'effetto rilassante non ti bloccher\u00e0 sul divano.<\/p>","protected":false},"excerpt":{"rendered":"<p>Acquista il gelato online. Acquista il gelato online. Acquista il gelato online. La variet\u00e0 di cannabis \u00e8 un ibrido a predominanza indica 55\/45 allevato da Cookie Fam Genetics. \u00c8 conosciuta per lei...<\/p>\n<p>&nbsp;<\/p>","protected":false},"featured_media":592,"comment_status":"open","ping_status":"closed","template":"","meta":{"om_disable_all_campaigns":false,"_monsterinsights_skip_tracking":false,"_monsterinsights_sitenote_active":false,"_monsterinsights_sitenote_note":"","_monsterinsights_sitenote_category":0},"product_brand":[],"product_cat":[126,245],"product_tag":[],"class_list":{"0":"post-591","1":"product","2":"type-product","3":"status-publish","4":"has-post-thumbnail","6":"product_cat-blumen","7":"product_cat-hybrid-sorten","9":"first","10":"instock","11":"shipping-taxable","12":"purchasable","13":"product-type-variable"},"_links":{"self":[{"href":"https:\/\/caliweedonlineshop.com\/it\/wp-json\/wp\/v2\/product\/591","targetHints":{"allow":["GET"]}}],"collection":[{"href":"https:\/\/caliweedonlineshop.com\/it\/wp-json\/wp\/v2\/product"}],"about":[{"href":"https:\/\/caliweedonlineshop.com\/it\/wp-json\/wp\/v2\/types\/product"}],"replies":[{"embeddable":true,"href":"https:\/\/caliweedonlineshop.com\/it\/wp-json\/wp\/v2\/comments?post=591"}],"wp:featuredmedia":[{"embeddable":true,"href":"https:\/\/caliweedonlineshop.com\/it\/wp-json\/wp\/v2\/media\/592"}],"wp:attachment":[{"href":"https:\/\/caliweedonlineshop.com\/it\/wp-json\/wp\/v2\/media?parent=591"}],"wp:term":[{"taxonomy":"product_brand","embeddable":true,"href":"https:\/\/caliweedonlineshop.com\/it\/wp-json\/wp\/v2\/product_brand?post=591"},{"taxonomy":"product_cat","embeddable":true,"href":"https:\/\/caliweedonlineshop.com\/it\/wp-json\/wp\/v2\/product_cat?post=591"},{"taxonomy":"product_tag","embeddable":true,"href":"https:\/\/caliweedonlineshop.com\/it\/wp-json\/wp\/v2\/product_tag?post=591"}],"curies":[{"name":"wp","href":"https:\/\/api.w.org\/{rel}","templated":true}]}}