{"id":597,"date":"2023-01-14T17:07:21","date_gmt":"2023-01-14T17:07:21","guid":{"rendered":"https:\/\/caliweedonlineshop.com\/?post_type=product&#038;p=597"},"modified":"2023-01-14T17:07:22","modified_gmt":"2023-01-14T17:07:22","slug":"girl-scout-cookies","status":"publish","type":"product","link":"https:\/\/caliweedonlineshop.com\/it\/product\/girl-scout-cookies\/","title":{"rendered":"Girl Scout Cookies"},"content":{"rendered":"<h1>Acquista i biscotti Girl Scout online<\/h1>\n<p>Acquista i biscotti Girls Scout online. GSC, precedentemente noto come Girl Scout Cookies, \u00e8 un incrocio di <a href=\"https:\/\/caliweedonlineshop.com\/index.php\/product\/og-kush\/\">OG Kush<\/a> und <a href=\"https:\/\/www.leafly.com\/strains\/durban-poison\" target=\"_blank\" rel=\"noopener\">Durban Poison<\/a>, la cui reputazione \u00e8 diventata troppo grande per rimanere entro i confini della loro casa in California. compra erba online Europa Con un aroma dolce e terroso, GSC ti porta all'ultimo piano dell'euforia, dove il rilassamento di tutto il corpo incontra uno spazio cerebrale che richiede tempo. Questo ibrido, i cui alti livelli di THC hanno fatto guadagnare al GSC numerosi premi Cannabis Cup, fa molta strada con poco. Tuttavia, i pazienti che necessitano di una forte dose di sollievo possono consultare GSC per forti dolori, nausea e perdita di appetito.<\/p>\n<p>Esistono diversi fenotipi del ceppo GSC, tra cui Thin Mint e Platinum GSC, che differiscono leggermente nell'aspetto e nell'effetto. In genere, tuttavia, GSC esprime la sua bellezza in calici verdi contorti racchiusi in foglie viola e peli arancioni infuocati. I pazienti e gli utenti che desiderano coltivare questa base di cannabis a casa dovrebbero attendere dalle 9 alle 10 settimane affinch\u00e9 le loro piante d'appartamento finiscano di fiorire.<\/p>\n<h2>Acquista online Girls Scout Cookies<\/h2>\n<p>La Girl Scout Cookies, nota anche come GSC, \u00e8 una pluripremiata variet\u00e0 californiana. Questo ibrido offre uno sballo cerebrale come nessun'altra variet\u00e0 sul mercato, il che ha portato la sua popolarit\u00e0 a diffondersi in tutto il mondo. I biscotti Girl Scout offrono un grande sollievo dalla nausea e dal dolore e hanno anche effetti stimolanti dell'appetito, rendendoli ottimi per coloro che si sottopongono a trattamenti chemioterapici per il cancro. Poich\u00e9 la GSC \u00e8 il risultato dell'incrocio tra genetiche Durban Poison e OG Kush, offre uno sballo corporeo molto equilibrato accompagnato da un'euforia travolgente nella testa. La popolarit\u00e0 di questa variet\u00e0 e i suoi incredibili effetti hanno portato alla comparsa di molti diversi fenotipi GSC sulla scena della cannabis negli ultimi anni,<\/p>\n<p>Eltern: Durban Poison, OG Kush<br \/>\n\u00c4hnlich zu: Red Dragon, Space Queen, Premium Jack<br \/>\nGeschm\u00e4cker: S\u00fc\u00df, stechend, erdig<br \/>\nWirkungen: Gl\u00fccklich, Entspannt, Kreativ, Euphorisch<br \/>\nMedizinisch: Appetitlosigkeit, Schmerzen, Schlaflosigkeit, Depression, Stress, Angstzust\u00e4nde<br \/>\nPotenz: 17-28% THC<\/p>","protected":false},"excerpt":{"rendered":"<p>Acquista Girl Scout Cookies Weed online. Acquista GSC Online, la migliore variet\u00e0 di marijuana medica. Ordina ora in modo sicuro e ricevilo durante la notte. Discreto.<\/p>\n<p>&nbsp;<\/p>","protected":false},"featured_media":598,"comment_status":"open","ping_status":"closed","template":"","meta":{"om_disable_all_campaigns":false,"_monsterinsights_skip_tracking":false,"_monsterinsights_sitenote_active":false,"_monsterinsights_sitenote_note":"","_monsterinsights_sitenote_category":0},"product_brand":[],"product_cat":[126,245],"product_tag":[280,277,278,279,222],"class_list":{"0":"post-597","1":"product","2":"type-product","3":"status-publish","4":"has-post-thumbnail","6":"product_cat-blumen","7":"product_cat-hybrid-sorten","8":"product_tag-pfadfinderinnen-kekse-online-in-den-usa-kaufen","9":"product_tag-pfadfinderinnen-kekse-online-kaufen-in-asien","10":"product_tag-pfadfinderinnen-kekse-online-kaufen-in-australien","11":"product_tag-pfadfinderinnen-kekse-online-kaufen-in-colorado","12":"product_tag-pfadfinderinnen-kekse-online-kaufen-in-uk","14":"first","15":"instock","16":"shipping-taxable","17":"purchasable","18":"product-type-variable"},"_links":{"self":[{"href":"https:\/\/caliweedonlineshop.com\/it\/wp-json\/wp\/v2\/product\/597","targetHints":{"allow":["GET"]}}],"collection":[{"href":"https:\/\/caliweedonlineshop.com\/it\/wp-json\/wp\/v2\/product"}],"about":[{"href":"https:\/\/caliweedonlineshop.com\/it\/wp-json\/wp\/v2\/types\/product"}],"replies":[{"embeddable":true,"href":"https:\/\/caliweedonlineshop.com\/it\/wp-json\/wp\/v2\/comments?post=597"}],"wp:featuredmedia":[{"embeddable":true,"href":"https:\/\/caliweedonlineshop.com\/it\/wp-json\/wp\/v2\/media\/598"}],"wp:attachment":[{"href":"https:\/\/caliweedonlineshop.com\/it\/wp-json\/wp\/v2\/media?parent=597"}],"wp:term":[{"taxonomy":"product_brand","embeddable":true,"href":"https:\/\/caliweedonlineshop.com\/it\/wp-json\/wp\/v2\/product_brand?post=597"},{"taxonomy":"product_cat","embeddable":true,"href":"https:\/\/caliweedonlineshop.com\/it\/wp-json\/wp\/v2\/product_cat?post=597"},{"taxonomy":"product_tag","embeddable":true,"href":"https:\/\/caliweedonlineshop.com\/it\/wp-json\/wp\/v2\/product_tag?post=597"}],"curies":[{"name":"wp","href":"https:\/\/api.w.org\/{rel}","templated":true}]}}