{"id":604,"date":"2023-01-14T17:12:19","date_gmt":"2023-01-14T17:12:19","guid":{"rendered":"https:\/\/caliweedonlineshop.com\/?post_type=product&#038;p=604"},"modified":"2023-01-16T07:01:31","modified_gmt":"2023-01-16T07:01:31","slug":"grape-jelly","status":"publish","type":"product","link":"https:\/\/caliweedonlineshop.com\/it\/product\/grape-jelly\/","title":{"rendered":"Grape jelly"},"content":{"rendered":"<h1>Acquista Grape Jelly Marijuana Strain online in Svezia<\/h1>\n<p>Acquista Grape Jelly Marijuana Strain online in Svezia. ordina gelatina d'uva a New York. La Grape Jelly \u00e8 un ibrido a tendenza indica con un fascino innegabile. Questa variet\u00e0 \u00e8 un incrocio tra la resinosa OG Glue e la Sweet Purple D, derivata dalla NYC Diesel. Con il suo delizioso sapore di frutta e uno sballo sorprendentemente equilibrato, la Grape Jelly pu\u00f2 soddisfare sia gli amanti delle indica che delle sativa. I suoi livelli di THC sono stati misurati tra il 18% e il 28%.<\/p>\n<p>La gelatina d'uva presenta grandi cime che si aggrappano insieme in una formazione conica, che si assottiglia da un'ampia base a una punta appuntita. La composizione interna di queste grosse cime mostra una chiara influenza indica, con foglie che si attorcigliano strettamente verso l'interno e formano un nucleo solido. Le foglie stesse sono un mix iridescente di verde salvia e viola scuro; pistilli arruffati color ruggine rendono queste cime colorate ancora pi\u00f9 accattivanti. Infine, la variet\u00e0 genitrice OG Glue eredita la sua propensione per un'elevata produzione di tricomi, che si traduce in uno spesso strato di tricomi bianchi come rugiada. Acquista Grape Jelly Marijuana Strain online in Svezia<\/p>\n<p>Come ci si potrebbe aspettare, il primo soffio dei fiori di Grape Jelly riveler\u00e0 note distinte di uva. A un esame pi\u00f9 attento, quell'aroma dolce pu\u00f2 essere indebolito da alcuni odori aspri e puzzolenti. Schiacciare o rompere le cime pu\u00f2 produrre fumi simili al diesel. Quando viene bruciata in una pipa o in una canna, la gelatina d'uva brucia con un fumo dall'odore gradevole, che tuttavia pu\u00f2 irritare le papille gustative o i seni nasali dell'utilizzatore. Questo fumo ha un sapore unico di benzina all'uva all'espirazione.<\/p>\n<h2>Grape Jelly Marihuana Strain online in Schweden kaufen<\/h2>\n<p>Lo sballo della Grape Jelly arriva rapidamente, colpendo il consumatore con una pressione mirata sulla fronte subito dopo aver fumato. Questa strana sensazione pu\u00f2 essere accompagnata da vertigini o addirittura stimolazione delle ghiandole salivari. Tuttavia, una volta abituati a quelle strane espressioni facciali, i fumatori spesso si trovano a un nuovo livello di pensiero. I pensieri sembrano muoversi pi\u00f9 velocemente o assumere una nuova intensit\u00e0 e i consumatori si fermano per interagire con concetti a cui altrimenti potrebbero non essere interessati. Allo stesso modo, Grape Jelly pu\u00f2 innescare attacchi di libera associazione di parole, rendendo la variet\u00e0 utile per qualsiasi cosa, dal brainstorming all'avvio di conversazioni in contesti sociali. Utenti sufficientemente motivati pu\u00f2 utilizzare questo vantaggio cerebrale per compiti analitici dettagliati. Dove acquistare la marijuana della migliore qualit\u00e0 online nei Paesi Bassi.<\/p>\n<p>Tuttavia, dopo circa un'ora, gli effetti fisici di Grape Jelly entrano in azione, iniziando con una sensazione pesante nel nucleo e negli arti. L'utente pu\u00f2 provare un graduale senso di sollievo dalla tensione muscolare di lunga data ed essere in grado di fare respiri pi\u00f9 profondi e riparatori. Con l'aumentare della dose, questo effetto rilassante pu\u00f2 essere amplificato e ha il potenziale per inabilitare il fumatore, non importa dove si sieda o stia in piedi. Tuttavia, per coloro che riescono a mantenere un certo livello di energia, la doppia stimolazione mente-corpo di Grape Jelly pu\u00f2 essere un solido afrodisiaco, ovviamente solo con la giusta compagnia. A causa del suo graduale esaurimento, la gelatina d'uva \u00e8 consigliata per il consumo dal tardo pomeriggio alla sera. Acquista la variet\u00e0 di marijuana Grape Jelly online in Svezia. Acquista funghi magici cubani online<\/p>\n<p>Una variet\u00e0 versatile per i consumatori ricreativi, Grape Jelly pu\u00f2 anche avere alcuni benefici per i pazienti con cannabis terapeutica. La loro mentalit\u00e0 focalizzata pu\u00f2 aiutare le persone con disturbi da deficit di attenzione a completare un compito alla volta. Inoltre, il suo costante high euforico pu\u00f2 eliminare temporaneamente alcuni dei sintomi di stress e depressione da lievi a moderati. All'estremit\u00e0 fisica dello spettro, questa variet\u00e0 pu\u00f2 alleviare il dolore lieve causato dall'infiammazione, cos\u00ec come il dolore derivante da condizioni croniche come la BPCO o la fibromialgia. Inoltre, la tendenza di Grape Jelly a indurre voglie pu\u00f2 renderla un solido stimolante dell'appetito per coloro che lottano con malattie digestive, chemioterapia e cachessia. Poich\u00e9 la sensazione iniziale di una \"corsa mentale\" pu\u00f2 essere disorientante nelle circostanze sbagliate, Grape Jelly potrebbe non essere la scelta migliore per i pazienti inclini al panico o alla paranoia. Big Mex Magic Mushroom Online USA.<\/p>\n<p>Sfortunatamente, i semi di Grape Jelly non sono disponibili online. Invece, coloro che desiderano coltivare la propria pianta possono ottenere talee da piante mature e sane per propagare \"cloni\". Questi possono essere coltivati \u200b\u200bindoor o all'aperto, anche se per il successo all'aperto \u00e8 necessario un clima mediterraneo semi-umido. Tuttavia<\/p>","protected":false},"excerpt":{"rendered":"<p>Come ti aspetteresti, la prima volta che annusi i fiori di Grape Jelly, noterai chiare note di uva. A un esame pi\u00f9 attento, quell'aroma dolce pu\u00f2 essere indebolito da alcuni odori aspri e puzzolenti<\/p>\n<p>&nbsp;<\/p>","protected":false},"featured_media":605,"comment_status":"open","ping_status":"closed","template":"","meta":{"om_disable_all_campaigns":false,"_monsterinsights_skip_tracking":false,"_monsterinsights_sitenote_active":false,"_monsterinsights_sitenote_note":"","_monsterinsights_sitenote_category":0},"product_brand":[],"product_cat":[126,245,351],"product_tag":[],"class_list":{"0":"post-604","1":"product","2":"type-product","3":"status-publish","4":"has-post-thumbnail","6":"product_cat-blumen","7":"product_cat-hybrid-sorten","8":"product_cat-marken-cannabis","10":"first","11":"instock","12":"featured","13":"shipping-taxable","14":"purchasable","15":"product-type-variable"},"_links":{"self":[{"href":"https:\/\/caliweedonlineshop.com\/it\/wp-json\/wp\/v2\/product\/604","targetHints":{"allow":["GET"]}}],"collection":[{"href":"https:\/\/caliweedonlineshop.com\/it\/wp-json\/wp\/v2\/product"}],"about":[{"href":"https:\/\/caliweedonlineshop.com\/it\/wp-json\/wp\/v2\/types\/product"}],"replies":[{"embeddable":true,"href":"https:\/\/caliweedonlineshop.com\/it\/wp-json\/wp\/v2\/comments?post=604"}],"wp:featuredmedia":[{"embeddable":true,"href":"https:\/\/caliweedonlineshop.com\/it\/wp-json\/wp\/v2\/media\/605"}],"wp:attachment":[{"href":"https:\/\/caliweedonlineshop.com\/it\/wp-json\/wp\/v2\/media?parent=604"}],"wp:term":[{"taxonomy":"product_brand","embeddable":true,"href":"https:\/\/caliweedonlineshop.com\/it\/wp-json\/wp\/v2\/product_brand?post=604"},{"taxonomy":"product_cat","embeddable":true,"href":"https:\/\/caliweedonlineshop.com\/it\/wp-json\/wp\/v2\/product_cat?post=604"},{"taxonomy":"product_tag","embeddable":true,"href":"https:\/\/caliweedonlineshop.com\/it\/wp-json\/wp\/v2\/product_tag?post=604"}],"curies":[{"name":"wp","href":"https:\/\/api.w.org\/{rel}","templated":true}]}}