{"id":610,"date":"2023-01-14T17:17:43","date_gmt":"2023-01-14T17:17:43","guid":{"rendered":"https:\/\/caliweedonlineshop.com\/?post_type=product&#038;p=610"},"modified":"2023-01-16T07:01:31","modified_gmt":"2023-01-16T07:01:31","slug":"gushers","status":"publish","type":"product","link":"https:\/\/caliweedonlineshop.com\/it\/product\/gushers\/","title":{"rendered":"Gushers"},"content":{"rendered":"<h1>Acquista la variet\u00e0 di marijuana Gushers online in Francia<\/h1>\n<p>Acquista la variet\u00e0 di marijuana Gushers online in Francia. La dominante indica <a href=\"https:\/\/caliweedonlineshop.com\/index.php\/product-category\/blumen\/hybrid-sorten\/\">Hybridsorte<\/a> Gushers \u00e8 un incrocio tra <a href=\"https:\/\/www.allbud.com\/marijuana-strains\/sativa-dominant-hybrid\/gelato-41\" target=\"_blank\" rel=\"noopener\">Gelato #41<\/a> und <a href=\"https:\/\/www.leafly.com\/strains\/triangle-kush\" target=\"_blank\" rel=\"noopener\">Triangle Kush<\/a>. Questa variet\u00e0 ha preso il nome dal suo profumo e sapore che imitano le caramelle dolci e fruttate. Induce un calcio tropicale agrodolce con un leggero sottofondo erbaceo. Acquista Peach Kobbler Runtz in Qatar Quando vedi la variet\u00e0 Gushers noterai che le pepite stagionate sono lunghe e verde oliva con macchie verde chiaro sparse insieme a sottili pistilli ambrati. I fan di Gushers hanno affermato che gli effetti della variet\u00e0 sono eccellenti per alleviare l'ansia e la depressione, in quanto aiuta a calmare le loro menti frenetiche. Acquista Gushers nel Montana Altri dicono di aver usato Gushers per giorni pigri in quanto rilassa i muscoli e schiarisce la mente. Acquista Pink Runtz in Arabia Saudita<\/p>\n<h2>Gushers Marijuana Strain acquista online in Francia<\/h2>\n<p>Il contenuto di THC della cannabis di Gusher tende a variare tra la met\u00e0 dell'adolescenza e la met\u00e0 degli anni '20, quindi fai qualche ricerca sui livelli di THC prima di acquistare o preparare una porzione. Gushers \u00e8 una variet\u00e0 ibrida leggermente a predominanza indica (60% indica\/40% sativa) creata incrociando le classiche variet\u00e0 Gelato #41 X Triangle Kush. Acquista Gruntz in Connecticut Chiamato per le deliziose caramelle, Gushers infonde i sapori con una combinazione di aspra frutta tropicale e ricchi biscotti cremosi in ogni singolo soffio. L'olfatto segue lo stesso profilo, seppur con un leggero sottofondo erbaceo e sentori di uva speziata. Acquista la variet\u00e0 di marijuana Gushers online in Francia. Lo sballo di Gushers non \u00e8 cos\u00ec forte come il gusto, con un effetto super rilassante pi\u00f9 adatto per notti pigre trascorse a casa con gli amici a guardare Netflix. Lo sballo inizia con un afflusso di formicolio euforico che riempie la parte posteriore della testa con un formicolio leggermente eccitante. Acquista MoneyBagg Runtz a Dammam Questo si diffonde rapidamente al resto del tuo corpo lasciandoti abbastanza eccitato e incredibilmente rilassato. Non sarai assonnato in questo stato, ma completamente rilassato con tutto ci\u00f2 che sta accadendo intorno a te. Acquista Gushers in Montana Con questi effetti e alti livelli medi di THC del 15-22%, si dice che la Gushers sia perfetta per trattare lo stress cronico o l'ansia, la depressione e il dolore cronico. Questo bocciolo ha cime allungate verde oliva con foglie verde chiaro, molti sottili peli ambrati e un rivestimento di minuscoli tricomi di cristallo ambrato. Big Mex Magic Mushroom Online USA.<\/p>\n<p>&nbsp;<\/p>\n<p>&nbsp;<\/p>\n<p>&nbsp;<\/p>\n<p>&nbsp;<\/p>","protected":false},"excerpt":{"rendered":"<p>La variet\u00e0 ibrida a predominanza indica Gushers \u00e8 un incrocio tra Gelato #41 e Triangle Kush. Questa variet\u00e0 ha preso il nome dal suo profumo e sapore che imitano le caramelle dolci e fruttate. Induce un calcio tropicale agrodolce con un leggero sottofondo erbaceo.<\/p>\n<p>&nbsp;<\/p>","protected":false},"featured_media":611,"comment_status":"open","ping_status":"closed","template":"","meta":{"om_disable_all_campaigns":false,"_monsterinsights_skip_tracking":false,"_monsterinsights_sitenote_active":false,"_monsterinsights_sitenote_note":"","_monsterinsights_sitenote_category":0},"product_brand":[],"product_cat":[126,245,351],"product_tag":[202,283,285,286,288,282,284,287,289,281,290],"class_list":{"0":"post-610","1":"product","2":"type-product","3":"status-publish","4":"has-post-thumbnail","6":"product_cat-blumen","7":"product_cat-hybrid-sorten","8":"product_cat-marken-cannabis","9":"product_tag-alice-brownies-online-kaufen-in-new-york","10":"product_tag-gushers-in-europa-kaufen","11":"product_tag-gushers-in-montana-kaufen","12":"product_tag-gushers-in-new-york-kaufen","13":"product_tag-gushers-in-texas-kaufen","14":"product_tag-gushers-kaufen","15":"product_tag-gushers-kaufen-in-illinois","16":"product_tag-gushers-kaufen-in-orleans","17":"product_tag-gushers-online-kaufen","18":"product_tag-keksmischung-in-north-carolina-kaufen","19":"product_tag-mitglied-berry-in-michigan-kaufen","21":"first","22":"instock","23":"featured","24":"shipping-taxable","25":"purchasable","26":"product-type-variable"},"_links":{"self":[{"href":"https:\/\/caliweedonlineshop.com\/it\/wp-json\/wp\/v2\/product\/610","targetHints":{"allow":["GET"]}}],"collection":[{"href":"https:\/\/caliweedonlineshop.com\/it\/wp-json\/wp\/v2\/product"}],"about":[{"href":"https:\/\/caliweedonlineshop.com\/it\/wp-json\/wp\/v2\/types\/product"}],"replies":[{"embeddable":true,"href":"https:\/\/caliweedonlineshop.com\/it\/wp-json\/wp\/v2\/comments?post=610"}],"wp:featuredmedia":[{"embeddable":true,"href":"https:\/\/caliweedonlineshop.com\/it\/wp-json\/wp\/v2\/media\/611"}],"wp:attachment":[{"href":"https:\/\/caliweedonlineshop.com\/it\/wp-json\/wp\/v2\/media?parent=610"}],"wp:term":[{"taxonomy":"product_brand","embeddable":true,"href":"https:\/\/caliweedonlineshop.com\/it\/wp-json\/wp\/v2\/product_brand?post=610"},{"taxonomy":"product_cat","embeddable":true,"href":"https:\/\/caliweedonlineshop.com\/it\/wp-json\/wp\/v2\/product_cat?post=610"},{"taxonomy":"product_tag","embeddable":true,"href":"https:\/\/caliweedonlineshop.com\/it\/wp-json\/wp\/v2\/product_tag?post=610"}],"curies":[{"name":"wp","href":"https:\/\/api.w.org\/{rel}","templated":true}]}}