{"id":616,"date":"2023-01-14T17:23:20","date_gmt":"2023-01-14T17:23:20","guid":{"rendered":"https:\/\/caliweedonlineshop.com\/?post_type=product&#038;p=616"},"modified":"2023-01-16T07:01:31","modified_gmt":"2023-01-16T07:01:31","slug":"hawaiian-skunk","status":"publish","type":"product","link":"https:\/\/caliweedonlineshop.com\/it\/product\/hawaiian-skunk\/","title":{"rendered":"Hawaiian Skunk"},"content":{"rendered":"<h1>Acquista Hawaiian Skunk online in Norvegia<\/h1>\n<p>Acquista Hawaiian Skunk online in Norvegia. Hawaiian Skunk \u00e8 una variet\u00e0 ibrida a predominanza indica (alcune piante vengono raccolte a predominanza indica) che produce cime pronte per il raccolto caratterizzate da una gamma di tonalit\u00e0 di verde scuro e chiaro ed emanano un profumo che ricorda la frutta con sfumature di skunk e terra . Alcuni notano un accenno di salvia.<\/p>\n<p>I livelli di THC sono in media tra l'11 e il 17%, quindi la potenza dovrebbe essere controllata prima dell'acquisto\/consumo. Lo sballo \u00e8 noto per indurre un effetto edificante nei consumatori che migliora l'umore e allevia la tensione fisica. Sebbene questa variet\u00e0 sia a predominanza sativa, produce una mente annebbiata piuttosto che aumentare la concentrazione e induce sedazione, quindi si consiglia il consumo a casa poche ore prima di coricarsi. L'attenzione e la concentrazione diminuiranno, ma il consumatore gallegger\u00e0 felicemente nella propria testa. Acquista erba online<\/p>\n<p>Oltre alla secchezza della bocca e degli occhi, gli effetti collaterali negativi includono paranoia e vertigini se il consumo supera il limite di tolleranza. Acquista Hawaiian Skunk online in Norvegia<\/p>\n<p>Ci vogliono circa 11 settimane perch\u00e9 la Hawaiian Skunk fiorisca completamente, quindi i coltivatori impazienti dovrebbero scegliere un'altra variet\u00e0 da coltivare.<\/p>\n<p>Hawaiian Skunk \u00e8 un ibrido a predominanza indica (alcuni raccolti sono classificati come a predominanza indica) che produce cime pronte per il raccolto che presentano una gamma di tonalit\u00e0 di verde scuro e chiaro ed emanano un profumo fruttato con sfumature di skunk e terra. Biscotto SuperOg.<\/p>\n<p>Hawaiian Skunk \u00e8 un ibrido indica al 65% che produce rami spessi con pesanti cime di colore verde scuro. Questa variet\u00e0 favorisce il rilassamento totale ed \u00e8 preferita come variet\u00e0 medicinale da coloro che lottano contro l'insonnia cronica. Acquista erba online<\/p>\n<p>I genitori di questa variet\u00e0 sono Hawaiian Indica e Skunk #1, entrambe con potenti caratteristiche che corrispondono al loro fenotipo. La Hawaiian Skunk ottiene il suo odore muschiato e skunk e il potente high dalle sue radici Skunk #1, e le sue propriet\u00e0 sedative derivano dalla sua parentela indica. Acquista Hawaiian Skunk online in Norvegia<\/p>\n<p>Gusto:<\/p>\n<p>La Hawaiian Skunk \u00e8 molto saporita e piacevole. Il sapore dolce e terroso \u00e8 pi\u00f9 evidente all'inalazione e pu\u00f2 sfumare in un retrogusto skunk e chimico. Il fumo di questa variet\u00e0 sa di salvia dolce mista a sfumature legnose ed erbacee che indugiano all'interno della bocca.<\/p>\n<h2>Acquista Hawaiian Skunk online in Norvegia<\/h2>\n<p>Benefici medicinali della Skunk hawaiana<\/p>\n<p>Se soffri di insonnia, quest'erba \u00e8 il sollievo che stavi cercando. A causa delle sue propriet\u00e0 fortemente sedative, gli utenti hanno bisogno solo di pochi tiri per cadere in un sonno profondo. Lo sballo sembra essere ingannevole all'inizio in quanto induce uno sballo iniziale che rende l'utente pi\u00f9 socievole per un breve periodo, ma viene presto sostituito da un corpo estremamente pesante e una mente annebbiata perfetta per andare a dormire. Questa variet\u00e0 pu\u00f2 essere utile per i consumatori che soffrono di nausea e mal di testa, cos\u00ec come per altri problemi di salute mentale come depressione e stress, ma non \u00e8 raccomandata come trattamento primario. Questa variet\u00e0 pu\u00f2 anche aiutare coloro che soffrono di lievi attacchi di depressione cronica poich\u00e9 li fa sentire per sentirsi pi\u00f9 sollevati e liberi da continue preoccupazioni. Acquista Hawaiian Skunk online in Norvegia. Acquista funghi magici cubani online.<\/p>\n<p>Effetti della Skunk hawaiana<\/p>\n<p>Effetti positivi:<\/p>\n<p>La Hawaiian Skunk ha molti effetti positivi che spingono i consumatori a tornare per averne di pi\u00f9. Questa variet\u00e0 non solo ti rende incredibilmente assonnato, ma anche edificante, rilassante ed euforico. \u00c8 uno sballo felice che spesso porta a un attacco di risatine, se il sonno non viene prima. Sia il corpo che la mente ne risentono: mentre le maree del sonno rallentano il corpo, la mente ronza di buon umore prima di crollare. Acquista Hawaiian Skunk online in Norvegia. Acquista le compresse di Diazepam 10mg online<\/p>\n<p>Effetti negativi<\/p>\n<p>Mentre la Hawaiian Skunk ha effetti per lo pi\u00f9 positivi, c'\u00e8 una chiara conseguenza negativa del consumo: le vertigini. Gli utenti dovrebbero esserne consapevoli e pianificare di conseguenza. Bisogna sdraiarsi comodamente e in un luogo sicuro o andare a dormire. Sono possibili anche altri effetti collaterali, come secchezza delle fauci e secchezza oculare. Acquista Hawaiian Skunk online in Norvegia.<\/p>","protected":false},"excerpt":{"rendered":"<p>La Hawaiian Skunk \u00e8 super aromatica e piacevole. Il sapore dolce e terroso \u00e8 pi\u00f9 evidente all'inalazione e pu\u00f2 sfumare in un retrogusto skunk e chimico. Il fumo di questa variet\u00e0 sa di salvia dolce mista a sfumature legnose ed erbacee che indugiano all'interno della bocca.<\/p>\n<p>&nbsp;<\/p>","protected":false},"featured_media":617,"comment_status":"open","ping_status":"closed","template":"","meta":{"om_disable_all_campaigns":false,"_monsterinsights_skip_tracking":false,"_monsterinsights_sitenote_active":false,"_monsterinsights_sitenote_note":"","_monsterinsights_sitenote_category":0},"product_brand":[],"product_cat":[126,245,351],"product_tag":[291,292,294,293,295,296,297,298],"class_list":{"0":"post-616","1":"product","2":"type-product","3":"status-publish","4":"has-post-thumbnail","6":"product_cat-blumen","7":"product_cat-hybrid-sorten","8":"product_cat-marken-cannabis","9":"product_tag-hawaiian-skunk-online-kaufen","10":"product_tag-hawaiin-skunk-online-kaufen-in-australien","11":"product_tag-hawaiin-skunk-online-kaufen-in-deutschland","12":"product_tag-hawaiin-skunk-online-kaufen-in-frankreich","13":"product_tag-hawaiin-skunk-online-kaufen-in-polen","14":"product_tag-hawaiin-skunk-online-kaufen-in-spanien","15":"product_tag-hawaiin-skunk-online-kaufen-in-uk","16":"product_tag-hawaiin-skunk-online-kaufen-usa","18":"first","19":"instock","20":"featured","21":"shipping-taxable","22":"purchasable","23":"product-type-variable"},"_links":{"self":[{"href":"https:\/\/caliweedonlineshop.com\/it\/wp-json\/wp\/v2\/product\/616","targetHints":{"allow":["GET"]}}],"collection":[{"href":"https:\/\/caliweedonlineshop.com\/it\/wp-json\/wp\/v2\/product"}],"about":[{"href":"https:\/\/caliweedonlineshop.com\/it\/wp-json\/wp\/v2\/types\/product"}],"replies":[{"embeddable":true,"href":"https:\/\/caliweedonlineshop.com\/it\/wp-json\/wp\/v2\/comments?post=616"}],"wp:featuredmedia":[{"embeddable":true,"href":"https:\/\/caliweedonlineshop.com\/it\/wp-json\/wp\/v2\/media\/617"}],"wp:attachment":[{"href":"https:\/\/caliweedonlineshop.com\/it\/wp-json\/wp\/v2\/media?parent=616"}],"wp:term":[{"taxonomy":"product_brand","embeddable":true,"href":"https:\/\/caliweedonlineshop.com\/it\/wp-json\/wp\/v2\/product_brand?post=616"},{"taxonomy":"product_cat","embeddable":true,"href":"https:\/\/caliweedonlineshop.com\/it\/wp-json\/wp\/v2\/product_cat?post=616"},{"taxonomy":"product_tag","embeddable":true,"href":"https:\/\/caliweedonlineshop.com\/it\/wp-json\/wp\/v2\/product_tag?post=616"}],"curies":[{"name":"wp","href":"https:\/\/api.w.org\/{rel}","templated":true}]}}