{"id":622,"date":"2023-01-14T17:27:22","date_gmt":"2023-01-14T17:27:22","guid":{"rendered":"https:\/\/caliweedonlineshop.com\/?post_type=product&#038;p=622"},"modified":"2023-01-16T07:01:31","modified_gmt":"2023-01-16T07:01:31","slug":"jack","status":"publish","type":"product","link":"https:\/\/caliweedonlineshop.com\/it\/product\/jack\/","title":{"rendered":"Jack"},"content":{"rendered":"<h1>Jack Marijuana Strains Acquista Online Lituania<\/h1>\n<p>Acquista Jack Marijuana Strains Online Lituania. Jack Herer \u00e8 una variet\u00e0 che prende il nome da un attivista della cannabis per tutta la vita il cui libro del 1985 The Emperor Wears No Clothes continua ad essere una fonte influente nella lotta per la depenalizzazione e la legalizzazione della cannabis. Sviluppato da Sensi Seeds negli anni '80 o '90, l'ibrido a predominanza sativa \u00e8 una variet\u00e0 gustosa e costantemente popolare. Jack Herer ha trasmesso la sua genetica e parte del suo nome a variet\u00e0 incrociate come Jack the Ripper, Jack's Cleaner e Jack Skellington. compra Member Berry<\/p>\n<p>Sebbene l'esatta formula genetica sia un segreto gelosamente custodito, si ritiene che la Jack Herer sia il prodotto di una base sativa Haze e un incrocio tra Northern Lights #5 e Shiva Skunk. Le cime appiccicose hanno un attraente profumo e sapore di limone e arancia con sentori di pino umido. Lo sballo offre un eccellente equilibrio di effetti cerebrali e fisici, lasciando il consumatore profondamente rilassato, ma anche vigile e loquace. Il gusto accattivante e gli effetti a tutto tondo della Jack Herer l'hanno resa molto popolare tra i consumatori di cannabis terapeutici e ricreativi; ha vinto nove titoli della Cannabis Cup. Il laboratorio di cannabis Analytical 360 ha misurato il contenuto di THC delle cime di Jack Herer dal 15% al \u200b\u200b24%. compra Minz<\/p>\n<h2>Jack Marihuana-Sorten online kaufen Litauen<\/h2>\n<p>Le informazioni generali su questa variet\u00e0 sono le seguenti: Jack Herer combina un ibrido Haze con una Northern Lights #5 e un incrocio di Shiva Skunk. I coltivatori originali Sensi Seeds hanno creato Jack Herer sperando di ottenere sia l'elevazione cerebrale associata alle variet\u00e0 sativa sia la produzione di resina pesante delle variet\u00e0 indica. compra Super Og Biscotto<\/p>\n<p>Il suo ricco background genetico si traduce in diverse varianti di Jack Herer, con ogni fenotipo con i suoi tratti ed effetti unici. Questo particolare fenotipo che abbiamo ottenuto offre uno sballo molto limpido e beato che permette di fumare tutto il giorno, tutti i giorni... Acquista Jack a Beverly Hills. quando vuoi. Acquista erba online in Europa<\/p>\n<p>Se stai cercando una medicina mattutina, prova Jack. Per il prezzo questo \u00e8 un grande fiore. \u00c8 molto ben conciato, consentendo una bruciatura pulita e un ricco odore\/gusto - l'unico lato negativo \u00e8 che le cime sono un po' ariose, ma sono GRANDI. Acquista Jack Marijuana Strains online Lituania Acquista Sour Diesel<\/p>\n<p>EFFEKTE:<br \/>\nKreativ, Gl\u00fccklich, Euphorisch, Energetisch<\/p>\n<p>MEDIZINISCH:<br \/>\nStress, Depression, M\u00fcdigkeit<\/p>\n<p>THC:<br \/>\n21%<\/p>\n<p>CBD:<br \/>\n1.2%<\/p>\n<p>&nbsp;<\/p>\n<p>&nbsp;<\/p>\n<p>&nbsp;<\/p>\n<p>&nbsp;<\/p>","protected":false},"excerpt":{"rendered":"<p>Jack Herer \u00e8 una variet\u00e0 che prende il nome da un attivista della cannabis per tutta la vita il cui libro del 1985 The Emperor Wears No Clothes rimane una fonte influente nella lotta per la depenalizzazione e la legalizzazione della cannabis.<\/p>\n<p>&nbsp;<\/p>","protected":false},"featured_media":623,"comment_status":"open","ping_status":"closed","template":"","meta":{"om_disable_all_campaigns":false,"_monsterinsights_skip_tracking":false,"_monsterinsights_sitenote_active":false,"_monsterinsights_sitenote_note":"","_monsterinsights_sitenote_category":0},"product_brand":[],"product_cat":[126,245,351],"product_tag":[],"class_list":{"0":"post-622","1":"product","2":"type-product","3":"status-publish","4":"has-post-thumbnail","6":"product_cat-blumen","7":"product_cat-hybrid-sorten","8":"product_cat-marken-cannabis","10":"first","11":"instock","12":"featured","13":"shipping-taxable","14":"purchasable","15":"product-type-variable"},"_links":{"self":[{"href":"https:\/\/caliweedonlineshop.com\/it\/wp-json\/wp\/v2\/product\/622","targetHints":{"allow":["GET"]}}],"collection":[{"href":"https:\/\/caliweedonlineshop.com\/it\/wp-json\/wp\/v2\/product"}],"about":[{"href":"https:\/\/caliweedonlineshop.com\/it\/wp-json\/wp\/v2\/types\/product"}],"replies":[{"embeddable":true,"href":"https:\/\/caliweedonlineshop.com\/it\/wp-json\/wp\/v2\/comments?post=622"}],"wp:featuredmedia":[{"embeddable":true,"href":"https:\/\/caliweedonlineshop.com\/it\/wp-json\/wp\/v2\/media\/623"}],"wp:attachment":[{"href":"https:\/\/caliweedonlineshop.com\/it\/wp-json\/wp\/v2\/media?parent=622"}],"wp:term":[{"taxonomy":"product_brand","embeddable":true,"href":"https:\/\/caliweedonlineshop.com\/it\/wp-json\/wp\/v2\/product_brand?post=622"},{"taxonomy":"product_cat","embeddable":true,"href":"https:\/\/caliweedonlineshop.com\/it\/wp-json\/wp\/v2\/product_cat?post=622"},{"taxonomy":"product_tag","embeddable":true,"href":"https:\/\/caliweedonlineshop.com\/it\/wp-json\/wp\/v2\/product_tag?post=622"}],"curies":[{"name":"wp","href":"https:\/\/api.w.org\/{rel}","templated":true}]}}