{"id":628,"date":"2023-01-14T17:32:09","date_gmt":"2023-01-14T17:32:09","guid":{"rendered":"https:\/\/caliweedonlineshop.com\/?post_type=product&#038;p=628"},"modified":"2023-05-18T16:58:27","modified_gmt":"2023-05-18T16:58:27","slug":"jealousy","status":"publish","type":"product","link":"https:\/\/caliweedonlineshop.com\/it\/product\/jealousy\/","title":{"rendered":"Jealousy"},"content":{"rendered":"<h1>Acquista Jealousy Marijuana Strain online in Polonia<\/h1>\n<p>Acquista Jealousy Marijuana Strain online in Polonia. Bellissimo fiore viola, molto appiccicoso e denso, peli arancioni brillanti e foglie verde smeraldo spuntano in tutto il fiore con tonnellate di #tricomi ACQUISTA CERA (Per grammo)<\/p>\n<p>Forte e intenso sballo fisico e cerebrale, ad azione rapida e sollever\u00e0 istantaneamente la tua mente su una nuvola e far\u00e0 sentire al tuo corpo tutta la gravit\u00e0. Acquista le compresse di Diazepam 10mg online.<\/p>\n<p>Bellissimo fiore viola, molto appiccicoso e denso, peli arancioni brillanti e foglie verde smeraldo spuntano attraverso il fiore con tonnellate di #tricomi Acquista Cake Mix\/Mintz<\/p>\n<p>Forte e intenso sballo fisico e cerebrale, ad azione rapida e sollever\u00e0 istantaneamente la tua mente su una nuvola e far\u00e0 sentire al tuo corpo tutta la gravit\u00e0. Jealousy (Gelato41 x Sherb bx1) di Cookies e Mintz ibridata da Seed Junky Genetics. I boccioli della gelosia hanno una tonalit\u00e0 viola scuro e una lucentezza gelida. i sapori di gelato e sorbetto sono un perfetto connubio di gassoso, funky e dolce. Puoi condividere o rendere gelosi i tuoi amici. Acquista Kurupt Moon Skirt<\/p>\n<p>Splendido fiore viola, molto appiccicoso e denso, peli arancione brillante e foglie verde smeraldo che spuntano in tutto il fiore con tonnellate di #tricomi acquista Strawnana<\/p>\n<h2>Acquista Jealousy Marijuana Strain online in Polonia<\/h2>\n<p>Sballo fisico e cerebrale forte e intenso che colpisce velocemente e istantaneamente fa fluttuare la tua mente su una nuvola e fa sentire al tuo corpo tutta la gravit\u00e0.compra Lemon Skittle<\/p>\n<p>Splendido fiore viola, molto appiccicoso e denso, peli arancioni brillanti e foglie verde smeraldo che spuntano in tutto il fiore con tonnellate di #tricomi. Acquista Jealousy Marijuana Strain online in Polonia<\/p>\n<p>Sballo fisico e cerebrale forte e intenso che colpisce velocemente e istantaneamente fa fluttuare la tua mente su una nuvola e fa sentire al tuo corpo tutta la gravit\u00e0.compra HASH<\/p>\n<p>Splendido fiore viola, molto appiccicoso e denso, peli arancioni brillanti e foglie verde smeraldo che spuntano in tutto il fiore con tonnellate di #tricomi. Acquista funghi magici cubani online.<\/p>\n<p>Forte e intenso sballo fisico e cerebrale, ad azione rapida e sollever\u00e0 istantaneamente la tua mente su una nuvola e far\u00e0 sentire al tuo corpo tutta la gravit\u00e0. Jealousy (Gelato41 x Sherb bx1) di Cookies e Mintz ibridata da Seed Junky Genetics. I boccioli gelosi hanno una tonalit\u00e0 viola scuro e una lucentezza gelida. I gusti di gelato e sorbetto sono un perfetto connubio tra gassoso, funky e dolce. Puoi condividere o rendere gelosi i tuoi amici. Compra Jealousy in Arizona compra BROWNIE AL CIOCCOLATO FUDGE<\/p>\n<p>Splendido fiore viola, molto appiccicoso e denso, peli arancioni brillanti e foglie verde smeraldo che spuntano in tutto il fiore, con tonnellate di #tricomi. Acquista Jealousy Marijuana Strain online in Polonia<\/p>\n<p>Forte e intenso sballo fisico e cerebrale, ad azione rapida e sollever\u00e0 istantaneamente la tua mente su una nuvola e far\u00e0 sentire al tuo corpo tutta la gravit\u00e0.<\/p>","protected":false},"excerpt":{"rendered":"<p>Splendido bocciolo viola, molto appiccicoso e denso, peli arancioni brillanti e foglie verde smeraldo che spuntano su tutto il bocciolo, con tonnellate di tricomi.<\/p>\n<p>&nbsp;<\/p>","protected":false},"featured_media":629,"comment_status":"open","ping_status":"closed","template":"","meta":{"om_disable_all_campaigns":false,"_monsterinsights_skip_tracking":false,"_monsterinsights_sitenote_active":false,"_monsterinsights_sitenote_note":"","_monsterinsights_sitenote_category":0},"product_brand":[],"product_cat":[126,245,351],"product_tag":[299,233,301,302,303,304,305,306,307,308,309,300],"class_list":{"0":"post-628","1":"product","2":"type-product","3":"status-publish","4":"has-post-thumbnail","6":"product_cat-blumen","7":"product_cat-hybrid-sorten","8":"product_cat-marken-cannabis","9":"product_tag-apple-fritter-online-kaufen-in-der-tuerkei","10":"product_tag-chapo-kekse-in-alaska-kaufen","11":"product_tag-eifersucht-in-arizona-kaufen","12":"product_tag-eifersucht-kaufen-in-denver","13":"product_tag-eifersucht-kaufen-in-europa","14":"product_tag-eifersucht-kaufen-in-florida","15":"product_tag-eifersucht-kaufen-in-illinois","16":"product_tag-eifersucht-kaufen-in-new-york","17":"product_tag-eifersucht-kaufen-in-orleans","18":"product_tag-eifersucht-kaufen-in-polen","19":"product_tag-eifersucht-online-kaufen","20":"product_tag-keksmischpackung-in-north-carolina-kaufen","22":"first","23":"instock","24":"featured","25":"shipping-taxable","26":"purchasable","27":"product-type-variable"},"_links":{"self":[{"href":"https:\/\/caliweedonlineshop.com\/it\/wp-json\/wp\/v2\/product\/628","targetHints":{"allow":["GET"]}}],"collection":[{"href":"https:\/\/caliweedonlineshop.com\/it\/wp-json\/wp\/v2\/product"}],"about":[{"href":"https:\/\/caliweedonlineshop.com\/it\/wp-json\/wp\/v2\/types\/product"}],"replies":[{"embeddable":true,"href":"https:\/\/caliweedonlineshop.com\/it\/wp-json\/wp\/v2\/comments?post=628"}],"wp:featuredmedia":[{"embeddable":true,"href":"https:\/\/caliweedonlineshop.com\/it\/wp-json\/wp\/v2\/media\/629"}],"wp:attachment":[{"href":"https:\/\/caliweedonlineshop.com\/it\/wp-json\/wp\/v2\/media?parent=628"}],"wp:term":[{"taxonomy":"product_brand","embeddable":true,"href":"https:\/\/caliweedonlineshop.com\/it\/wp-json\/wp\/v2\/product_brand?post=628"},{"taxonomy":"product_cat","embeddable":true,"href":"https:\/\/caliweedonlineshop.com\/it\/wp-json\/wp\/v2\/product_cat?post=628"},{"taxonomy":"product_tag","embeddable":true,"href":"https:\/\/caliweedonlineshop.com\/it\/wp-json\/wp\/v2\/product_tag?post=628"}],"curies":[{"name":"wp","href":"https:\/\/api.w.org\/{rel}","templated":true}]}}