{"id":634,"date":"2023-01-14T17:37:07","date_gmt":"2023-01-14T17:37:07","guid":{"rendered":"https:\/\/caliweedonlineshop.com\/?post_type=product&#038;p=634"},"modified":"2023-01-16T07:01:31","modified_gmt":"2023-01-16T07:01:31","slug":"kings-garden-copy","status":"publish","type":"product","link":"https:\/\/caliweedonlineshop.com\/it\/product\/kings-garden-copy\/","title":{"rendered":"kings garden (Copy)"},"content":{"rendered":"<h1>Kings Garden Variet\u00e0 di marijuana Acquista online in Germania<\/h1>\n<p>Acquista la variet\u00e0 di marijuana Kings Garden online in Germania. Conosci la gioia di trovare una variet\u00e0 che ami, la sensazione perfetta per l'esperienza perfetta? Ma poi vai a comprarli di nuovo - la stessa variet\u00e0 dallo stesso allevatore - e qualcosa non va. Non \u00e8 lo stesso. E perdi l'amore King's Garden \u00e8 diverso. Acquista erba online in Europa<br \/>\nPerch\u00e9 abbiamo la ricetta di Charlie. Il nostro meticoloso processo proprietario garantisce che ogni allevamento di ogni variet\u00e0 abbia lo stesso identico sapore, odore e, cosa pi\u00f9 importante, lo stesso identico effetto soddisfacente, ogni volta. Non siamo qui per reinventare la ruota dell'erba. I nostri obiettivi sono molto pi\u00f9 alti. Siamo qui perch\u00e9 tu possa innamorarti e rimanere innamorato oggi, domani e per gli anni a venire. negozio di erbacce<br \/>\nOgni pianta che coltiviamo viene lentamente essiccata e fatta maturare per 14 giorni in un ambiente rigorosamente controllato senza contatto umano. Questo garantisce il sapore, i terpeni e la viscosit\u00e0 che ti aspetti. Ogni gemma viene raccolta a mano dal nostro team di oltre 100 trimmer esperti per garantire che i tricomi non vengano mai danneggiati e che ogni gemma e variet\u00e0 unica mantenga le dimensioni e la forma esatte della natura. Acquista Banana Runtz online.<br \/>\nDestinato. Non sorprende che questo processo richieda pi\u00f9 tempo. E pi\u00f9 soldi. Ma niente vale di pi\u00f9. Perch\u00e9 una volta che scopri la qualit\u00e0 e la coerenza di Kings Garden, tutto il resto \u00e8 solo qualcos'altro.<\/p>\n<h2>Kings Garden Acquista variet\u00e0 di marijuana online in Germania<\/h2>\n<p>Acquista la variet\u00e0 di marijuana Kings Garden online. In Kings Garden crediamo che un fiore Top Shelf mantenga il suo stato e la sua qualit\u00e0 solo quando \u00e8 rifinito a mano. La rifilatura a mano \u00e8 uno degli elementi costitutivi fondamentali del prodotto di alta qualit\u00e0 che presentiamo con il marchio Kings Garden. Portiamo la stessa attenzione ai dettagli e standard rigorosi a tutti i nostri clienti. I nostri sistemi assicurano che il tasso di perdita per furto sia quasi pari a zero.<\/p>\n<p>.<\/p>","protected":false},"excerpt":{"rendered":"<p>Ogni pianta che coltiviamo viene lentamente essiccata e invecchiata per 14 giorni in un ambiente rigorosamente controllato, non toccato da mani umane. Questo garantisce il sapore, i terpeni e la viscosit\u00e0 che ti aspetti<\/p>\n<p>&nbsp;<\/p>","protected":false},"featured_media":635,"comment_status":"open","ping_status":"closed","template":"","meta":{"om_disable_all_campaigns":false,"_monsterinsights_skip_tracking":false,"_monsterinsights_sitenote_active":false,"_monsterinsights_sitenote_note":"","_monsterinsights_sitenote_category":0},"product_brand":[],"product_cat":[126,245,351],"product_tag":[],"class_list":{"0":"post-634","1":"product","2":"type-product","3":"status-publish","4":"has-post-thumbnail","6":"product_cat-blumen","7":"product_cat-hybrid-sorten","8":"product_cat-marken-cannabis","10":"first","11":"instock","12":"featured","13":"shipping-taxable","14":"purchasable","15":"product-type-variable"},"_links":{"self":[{"href":"https:\/\/caliweedonlineshop.com\/it\/wp-json\/wp\/v2\/product\/634","targetHints":{"allow":["GET"]}}],"collection":[{"href":"https:\/\/caliweedonlineshop.com\/it\/wp-json\/wp\/v2\/product"}],"about":[{"href":"https:\/\/caliweedonlineshop.com\/it\/wp-json\/wp\/v2\/types\/product"}],"replies":[{"embeddable":true,"href":"https:\/\/caliweedonlineshop.com\/it\/wp-json\/wp\/v2\/comments?post=634"}],"wp:featuredmedia":[{"embeddable":true,"href":"https:\/\/caliweedonlineshop.com\/it\/wp-json\/wp\/v2\/media\/635"}],"wp:attachment":[{"href":"https:\/\/caliweedonlineshop.com\/it\/wp-json\/wp\/v2\/media?parent=634"}],"wp:term":[{"taxonomy":"product_brand","embeddable":true,"href":"https:\/\/caliweedonlineshop.com\/it\/wp-json\/wp\/v2\/product_brand?post=634"},{"taxonomy":"product_cat","embeddable":true,"href":"https:\/\/caliweedonlineshop.com\/it\/wp-json\/wp\/v2\/product_cat?post=634"},{"taxonomy":"product_tag","embeddable":true,"href":"https:\/\/caliweedonlineshop.com\/it\/wp-json\/wp\/v2\/product_tag?post=634"}],"curies":[{"name":"wp","href":"https:\/\/api.w.org\/{rel}","templated":true}]}}