{"id":640,"date":"2023-01-14T17:40:04","date_gmt":"2023-01-14T17:40:04","guid":{"rendered":"https:\/\/caliweedonlineshop.com\/?post_type=product&#038;p=640"},"modified":"2023-05-15T02:01:57","modified_gmt":"2023-05-15T02:01:57","slug":"kush-mint","status":"publish","type":"product","link":"https:\/\/caliweedonlineshop.com\/it\/product\/kush-mint\/","title":{"rendered":"kush mint"},"content":{"rendered":"<h1>Acquista Kush Mint online in Giappone<\/h1>\n<p>Acquista Kush Mint online in Giappone. Kush Mint \u00e8 una variet\u00e0 ibrida equilibrata (50% indica\/50% sativa) creata da un potente incrocio di ceppi classici Bubba Kush X Animal Mints. Perfetta per tutti i fan del sapore di super menta, la Kush Mint porta un effetto equilibrato che colpisce sia la mente che il corpo con un alto livello di potenza grazie ai suoi livelli medi di THC super pesanti del 22-24%. Kush Mint ha un sapore di menta favolosamente aspro con sentori di caff\u00e8 fresco e biscotti terrosi. Acquista Cherry Pie L'aroma \u00e8 costituito da legni terrosi e dolci e caff\u00e8 ricco e speziato con un forte calcio di menta. Lo sballo Kush Mint non \u00e8 cos\u00ec illuminante come il gusto, con effetti rilassanti che ti faranno ritirare e abbastanza assonnato, se non stai attento. Inizia con un caldo formicolio alla spina dorsale. ACQUISTA CRESCERE (per grammo)<\/p>\n<p>Kush Mints \u00e8 una potente combinazione di un gusto terroso, simile al carburante, e sentori di menta fresca. Questa indica ha un livello di THC superiore al 30% ed \u00e8 una variet\u00e0 eccellente da godersi quando \u00e8 necessario un profondo rilassamento. Questa variet\u00e0 indurr\u00e0 seri effetti di blocco da divano e allevier\u00e0 lo stress. Big Mex Magic Mushroom Online USA.<\/p>\n<h2>Acquista Kush Mint online in Giappone<\/h2>\n<p>THC: 30,1% Un altro membro della famigerata famiglia Cookies, Kush Mints \u00e8 un potente hit creato come incrocio tra Bubba Kush e Seed Junky Genetics esclusiva Animal Mints. Questa variet\u00e0 della Top Shelf Collection \u00e8 un fenotipo perfetto per coloro che desiderano una sensazione leggermente di menta bilanciata da note cremose, caff\u00e8, terrose e gassose o kush. Questo esclusivo ibrido a predominanza indica vanta concentrazioni di THC superiori alla media che raggiungono un picco di circa il 26%, fornendo ai consumatori uno sballo potente simile al suo predecessore degli anni '90, Bubba Kush. Lo sballo delle Kush Mints \u00e8 un rampicante che inizia con un'ondata di calma dalla testa ai piedi, che allevia il dolore e rilassa i muscoli, mentre calma ed eleva lo spirito. Come molte delle variet\u00e0 distintive di Seed Junkyz Genetics, Kush Mints \u00e8 nota per il suo profilo terpenico estremamente distinto e appetitoso, dominato da composti di pinene, limonene, cariofillene e linalolo. Questa straordinaria combinazione di terpeni si traduce nell'aroma e nel gusto di un dessert di Kush Mints, che pu\u00f2 essere riconosciuto come cremoso e terroso, con uno spettacolare calcio di mentolo o menta. Acquista Kush Mint online in Giappone. che pu\u00f2 essere riconosciuto come cremoso e terroso, con uno spettacolare calcio di mentolo o menta. Acquista Kush Mint online in Giappone. che pu\u00f2 essere riconosciuto come cremoso e terroso, con uno spettacolare calcio di mentolo o menta. Acquista Kush Mint online in Giappone.<\/p>","protected":false},"excerpt":{"rendered":"<p>Kush Mint \u00e8 una variet\u00e0 ibrida equilibrata (50% indica\/50% sativa) creata da un potente incrocio di ceppi classici Bubba Kush X Animal Mints.<\/p>\n<p>&nbsp;<\/p>","protected":false},"featured_media":641,"comment_status":"open","ping_status":"closed","template":"","meta":{"om_disable_all_campaigns":false,"_monsterinsights_skip_tracking":false,"_monsterinsights_sitenote_active":false,"_monsterinsights_sitenote_note":"","_monsterinsights_sitenote_category":0},"product_brand":[],"product_cat":[126,245,351],"product_tag":[],"class_list":{"0":"post-640","1":"product","2":"type-product","3":"status-publish","4":"has-post-thumbnail","6":"product_cat-blumen","7":"product_cat-hybrid-sorten","8":"product_cat-marken-cannabis","10":"first","11":"instock","12":"featured","13":"shipping-taxable","14":"purchasable","15":"product-type-variable"},"_links":{"self":[{"href":"https:\/\/caliweedonlineshop.com\/it\/wp-json\/wp\/v2\/product\/640","targetHints":{"allow":["GET"]}}],"collection":[{"href":"https:\/\/caliweedonlineshop.com\/it\/wp-json\/wp\/v2\/product"}],"about":[{"href":"https:\/\/caliweedonlineshop.com\/it\/wp-json\/wp\/v2\/types\/product"}],"replies":[{"embeddable":true,"href":"https:\/\/caliweedonlineshop.com\/it\/wp-json\/wp\/v2\/comments?post=640"}],"wp:featuredmedia":[{"embeddable":true,"href":"https:\/\/caliweedonlineshop.com\/it\/wp-json\/wp\/v2\/media\/641"}],"wp:attachment":[{"href":"https:\/\/caliweedonlineshop.com\/it\/wp-json\/wp\/v2\/media?parent=640"}],"wp:term":[{"taxonomy":"product_brand","embeddable":true,"href":"https:\/\/caliweedonlineshop.com\/it\/wp-json\/wp\/v2\/product_brand?post=640"},{"taxonomy":"product_cat","embeddable":true,"href":"https:\/\/caliweedonlineshop.com\/it\/wp-json\/wp\/v2\/product_cat?post=640"},{"taxonomy":"product_tag","embeddable":true,"href":"https:\/\/caliweedonlineshop.com\/it\/wp-json\/wp\/v2\/product_tag?post=640"}],"curies":[{"name":"wp","href":"https:\/\/api.w.org\/{rel}","templated":true}]}}