{"id":646,"date":"2023-01-14T17:44:24","date_gmt":"2023-01-14T17:44:24","guid":{"rendered":"https:\/\/caliweedonlineshop.com\/?post_type=product&#038;p=646"},"modified":"2023-01-16T07:01:31","modified_gmt":"2023-01-16T07:01:31","slug":"lemon-cherry","status":"publish","type":"product","link":"https:\/\/caliweedonlineshop.com\/it\/product\/lemon-cherry\/","title":{"rendered":"Lemon cherry"},"content":{"rendered":"<h1>Acquista Lemon Cherry online in Svizzera<\/h1>\n<p>Acquista Lemon Cherry online in Svizzera. \u00e8 una variet\u00e0 prevalentemente Indica della Secret Santa Genetics e pu\u00f2 essere coltivata indoor (dove le piante avranno bisogno di un tempo di fioritura di \u00b156 giorni), outdoor e in serra. La Lemon Cherry ZmartieZ della Secret Santa Genetics \u00e8 una variet\u00e0 a predominanza di THC e non \u00e8 mai stata disponibile come semi femminizzati. Ordina Motor Breath Jungleboys a Chicago<\/p>\n<p>Scopri i fattori unici che rendono la variet\u00e0 Lemon Cherry cos\u00ec potente. Big Mex Magic Mushroom Online USA.<\/p>\n<p>Nel nord-ovest americano, il cambio delle stagioni \u00e8 pi\u00f9 di una semplice occhiata al calendario. Nel nostro bellissimo angolo degli Stati Uniti, sperimentiamo il vero cambio delle stagioni: fogliame autunnale, sole estivo e neve invernale. Pertanto, le nuove stagioni possono ispirarci a nuove esperienze. Il clima esterno influenza la nostra routine quotidiana, i nostri cibi e bevande preferiti e, per alcuni di noi, anche le nostre variet\u00e0 di cannabis preferite. Una delle nostre variet\u00e0 preferite \u00e8 senza dubbio la Lemon Cherry di Gasworks Garden. In primavera, il tempo instabile nel nord-ovest del Pacifico significa aspettarsi un sole splendente un giorno e un cupo strapiombo di spesse nuvole grigie il giorno successivo. Data questa variet\u00e0, faresti bene a procurarti una variet\u00e0 ibrida di alta qualit\u00e0,<\/p>\n<h2>Acquista Lemon Cherry online in Svizzera<\/h2>\n<p>Ci sono poche variet\u00e0 pi\u00f9 adatte a questo scopo di Lemon Cherry, una variet\u00e0 accuratamente ibridata del Gasworks Garden. Hanno passato molto tempo a produrre questa variet\u00e0 straordinariamente diversificata, scegliendo le loro caratteristiche preferite da Lemon OG, Cherry Pie e un tocco di OG Kush. Il risultato \u00e8 una variet\u00e0 creata con cura, una variet\u00e0 che Gasworks ama chiamare una variet\u00e0 \"Desert Island\", il fiore perfetto che non esiteresti a fumare una ciotola dopo l'altra per il resto dei tuoi giorni. La variet\u00e0 mostra tratti a predominanza sativa simili alla Lemon OG, ma il suo tempo di fioritura di 10 settimane - molto pi\u00f9 breve di quello di una tipica sativa - le conferisce alcune qualit\u00e0 indica davvero meravigliose, cos\u00ec come un decadente, ricco profilo terpenico, fortemente influenzato dal mircene e dal limonene. Questa doppia combinazione di terpeni dona alla Cherry Pie una pungenza che si espande nelle narici con toni terrosi e aromatici illuminati da note taglienti e speziate di ciliegia e agrumi. Con il suo high ben bilanciato e il suo carico di terpeni, la Lemon Cherry \u00e8 una variet\u00e0 che implora di essere usata nei concentrati, e Gasworks l'ha ibridata proprio per questo motivo.<\/p>\n<p>Dopo aver creato quella che ritenevano una variet\u00e0 perfettamente bilanciata, la Gasworks non ha perso tempo ad utilizzarla per creare una gamma di prodotti concentrati di alta qualit\u00e0, tra cui pastella di terpeni, concentrati di cristalliti e cartucce di BHO (o PHO). Questi fenomenali prodotti concentrati esaltano il carattere completo di Lemon Cherry, rendendolo ugualmente adatto per una giornata di relax a casa o un'entusiasmante giornata in viaggio. Acquista Lemon Cherry online in Svizzera.<\/p>","protected":false},"excerpt":{"rendered":"<p>Lemon Cherry ZmartieZ \u00e8 una variet\u00e0 Indica di Secret Santa Genetics e pu\u00f2 essere coltivata indoor (dove le piante avranno bisogno di un tempo di fioritura di \u00b156 giorni), outdoor e in serra.<\/p>\n<p>&nbsp;<\/p>","protected":false},"featured_media":647,"comment_status":"open","ping_status":"closed","template":"","meta":{"om_disable_all_campaigns":false,"_monsterinsights_skip_tracking":false,"_monsterinsights_sitenote_active":false,"_monsterinsights_sitenote_note":"","_monsterinsights_sitenote_category":0},"product_brand":[],"product_cat":[126,245,351],"product_tag":[311,313,312,310,201,314],"class_list":{"0":"post-646","1":"product","2":"type-product","3":"status-publish","4":"has-post-thumbnail","6":"product_cat-blumen","7":"product_cat-hybrid-sorten","8":"product_cat-marken-cannabis","9":"product_tag-lemon-cherry-online-kaufen-in-belgien","10":"product_tag-lemon-cherry-online-kaufen-in-deutschland","11":"product_tag-lemon-cherry-online-kaufen-in-europa","12":"product_tag-zitronenkirsche-online-kaufen","13":"product_tag-zitronenkirsche-online-kaufen-in-australien","14":"product_tag-zitronenkirsche-online-kaufen-in-usa","16":"first","17":"instock","18":"featured","19":"shipping-taxable","20":"purchasable","21":"product-type-variable"},"_links":{"self":[{"href":"https:\/\/caliweedonlineshop.com\/it\/wp-json\/wp\/v2\/product\/646","targetHints":{"allow":["GET"]}}],"collection":[{"href":"https:\/\/caliweedonlineshop.com\/it\/wp-json\/wp\/v2\/product"}],"about":[{"href":"https:\/\/caliweedonlineshop.com\/it\/wp-json\/wp\/v2\/types\/product"}],"replies":[{"embeddable":true,"href":"https:\/\/caliweedonlineshop.com\/it\/wp-json\/wp\/v2\/comments?post=646"}],"wp:featuredmedia":[{"embeddable":true,"href":"https:\/\/caliweedonlineshop.com\/it\/wp-json\/wp\/v2\/media\/647"}],"wp:attachment":[{"href":"https:\/\/caliweedonlineshop.com\/it\/wp-json\/wp\/v2\/media?parent=646"}],"wp:term":[{"taxonomy":"product_brand","embeddable":true,"href":"https:\/\/caliweedonlineshop.com\/it\/wp-json\/wp\/v2\/product_brand?post=646"},{"taxonomy":"product_cat","embeddable":true,"href":"https:\/\/caliweedonlineshop.com\/it\/wp-json\/wp\/v2\/product_cat?post=646"},{"taxonomy":"product_tag","embeddable":true,"href":"https:\/\/caliweedonlineshop.com\/it\/wp-json\/wp\/v2\/product_tag?post=646"}],"curies":[{"name":"wp","href":"https:\/\/api.w.org\/{rel}","templated":true}]}}