{"id":652,"date":"2023-01-14T17:49:08","date_gmt":"2023-01-14T17:49:08","guid":{"rendered":"https:\/\/caliweedonlineshop.com\/?post_type=product&#038;p=652"},"modified":"2026-03-15T14:47:30","modified_gmt":"2026-03-15T14:47:30","slug":"lemon-cherry-gelato","status":"publish","type":"product","link":"https:\/\/caliweedonlineshop.com\/it\/product\/lemon-cherry-gelato\/","title":{"rendered":"Lemon cherry gelato"},"content":{"rendered":"<h1>Acquista il gelato al limone e ciliegia online in Grecia<\/h1>\n<p>Acquista il gelato al limone e ciliegia online in Grecia. Antique, un'azienda con sede a Oakland, sta lavorando sodo per dimostrare che l'East Bay \u00e8 ancora all'avanguardia.<\/p>\n<p>La sua ultima goccia di gelato al limone e ciliegia? ? \u00e8 il livello successivo. Big Mex Magic Mushroom Online USA.<\/p>\n<p>La prima cosa che ti colpisce \u00e8 quanto bene sia cresciuto, arrossato, guarito e curato. Brucia in modo incredibilmente liscio che ricorda i fiori certificati verdi puliti. acquista Cookies Pre-Rolls<\/p>\n<p>Il profilo aromatico sembra essere stato creato da un famoso chef. L'equilibrio tra ciliegia, limone e gelato \u00e8 impeccabile. Il gelato non \u00e8 troppo travolgente mentre le note di limone e ciliegia completano cos\u00ec bene il gelato.<\/p>\n<p>Lemon Gelato \u00e8 una variet\u00e0 ibrida a predominanza indica che soddisfer\u00e0 gli amanti sia dell'olfatto che del gusto. Come suggerisce il nome, Lemon Gelato offre un sapore dolce, simile a un sorbetto, che ricorda limoni e mirtilli, ma con un sapore legnoso all'espirazione. Il profumo \u00e8 simile e diventa pi\u00f9 intenso solo quando si aprono le cime di questa variet\u00e0. Con i suoi antenati di Sunset Sherbet, Thin Mint Girl Scout Cookies e Lemon Haze, non c'\u00e8 da meravigliarsi che sia il suo profumo che il suo gusto siano cos\u00ec diversi e deliziosi. Acquista funghi magici cubani online<\/p>\n<h2>Acquista il gelato al limone e ciliegia online in Grecia<\/h2>\n<p>Un lotto ben coltivato di Lemon Gelato produce cime con punte verde intenso che si schiariscono verso lo stelo, insieme a pistilli bruno-dorati e una leggera impollinazione di tricomi. Acquista MoneyBagg Runtz a Dammam<\/p>\n<p>Il contenuto di THC di Lemon Gelato pu\u00f2 variare, quindi controlla la percentuale prima di provarlo. I revisori di questa variet\u00e0 hanno spesso affermato che la sua concentrazione aumenta insieme all'energia, e uno sballo cerebrale \u00e8 accompagnato da un ronzio corporeo che vibra dalla testa ai piedi.I fan di questa variet\u00e0 spesso si abbandonano al rilassamento, alla calma e alla pace quando la provano e hanno anche scoperto che pu\u00f2 aiutare ad alleviare il dolore, il mal di testa e possibilmente l'affaticamento.<\/p>","protected":false},"excerpt":{"rendered":"<p>Questa variet\u00e0 discende dalla variet\u00e0 Sunset Sherbet. Siamo il fornitore numero uno di gelato.<br \/>\nLemon Gelato \u00e8 una variet\u00e0 ibrida a predominanza indica che piacer\u00e0 agli amanti dell'olfatto e. Proprio come suggerisce il nome, Lemon Gelato offre un sapore dolce, simile a un sorbetto, che ricorda limoni e mirtilli.<\/p>","protected":false},"featured_media":653,"comment_status":"open","ping_status":"closed","template":"","meta":{"om_disable_all_campaigns":false,"_monsterinsights_skip_tracking":false,"_monsterinsights_sitenote_active":false,"_monsterinsights_sitenote_note":"","_monsterinsights_sitenote_category":0},"product_brand":[],"product_cat":[126,245,351],"product_tag":[],"class_list":{"0":"post-652","1":"product","2":"type-product","3":"status-publish","4":"has-post-thumbnail","6":"product_cat-blumen","7":"product_cat-hybrid-sorten","8":"product_cat-marken-cannabis","10":"first","11":"instock","12":"featured","13":"shipping-taxable","14":"purchasable","15":"product-type-variable"},"_links":{"self":[{"href":"https:\/\/caliweedonlineshop.com\/it\/wp-json\/wp\/v2\/product\/652","targetHints":{"allow":["GET"]}}],"collection":[{"href":"https:\/\/caliweedonlineshop.com\/it\/wp-json\/wp\/v2\/product"}],"about":[{"href":"https:\/\/caliweedonlineshop.com\/it\/wp-json\/wp\/v2\/types\/product"}],"replies":[{"embeddable":true,"href":"https:\/\/caliweedonlineshop.com\/it\/wp-json\/wp\/v2\/comments?post=652"}],"wp:featuredmedia":[{"embeddable":true,"href":"https:\/\/caliweedonlineshop.com\/it\/wp-json\/wp\/v2\/media\/653"}],"wp:attachment":[{"href":"https:\/\/caliweedonlineshop.com\/it\/wp-json\/wp\/v2\/media?parent=652"}],"wp:term":[{"taxonomy":"product_brand","embeddable":true,"href":"https:\/\/caliweedonlineshop.com\/it\/wp-json\/wp\/v2\/product_brand?post=652"},{"taxonomy":"product_cat","embeddable":true,"href":"https:\/\/caliweedonlineshop.com\/it\/wp-json\/wp\/v2\/product_cat?post=652"},{"taxonomy":"product_tag","embeddable":true,"href":"https:\/\/caliweedonlineshop.com\/it\/wp-json\/wp\/v2\/product_tag?post=652"}],"curies":[{"name":"wp","href":"https:\/\/api.w.org\/{rel}","templated":true}]}}