{"id":658,"date":"2023-01-14T18:02:05","date_gmt":"2023-01-14T18:02:05","guid":{"rendered":"https:\/\/caliweedonlineshop.com\/?post_type=product&#038;p=658"},"modified":"2026-03-04T02:16:04","modified_gmt":"2026-03-04T02:16:04","slug":"mimosa","status":"publish","type":"product","link":"https:\/\/caliweedonlineshop.com\/it\/product\/mimosa\/","title":{"rendered":"Mimosa"},"content":{"rendered":"<h1>Acquista la mimosa in Virginia negli Stati Uniti<\/h1>\n<p>Acquista Mimosa in Virginia USA. Ordina Mimosa in Virginia Stati Uniti. La Mimosa \u00e8 una variet\u00e0 a predominanza sativa <a href=\"https:\/\/caliweedonlineshop.com\/index.php\/product-category\/blumen\/hybrid-sorten\/\">Hybridsorte<\/a> (70% Sativa\/30% Indica) ottenuta incrociando la classica P<a href=\"https:\/\/www.alchimiaweb.com\/en\/purple-punch-x-do-si-dos-product-12372.php#:~:text=Purple%20Punch%20x%20Do%2DSi%2Ddos%20by%20Philosopher%20Seeds%20is,production%2C%20appearance%20and%20psychedelic%20effect.\" target=\"_blank\" rel=\"noopener\">urple Punch X<\/a> Sono emerse variet\u00e0 di clementine. Se stai cercando uno stimolante mattutino (analcolico), questa variet\u00e0 \u00e8 per te. La mimosa ha un effetto diurno luminoso e ottimista, perfetto per allontanare il sonno e iniziare la giornata con un'atmosfera positiva. All'inizio dello sballo, sentirai una testa energica e lucida che riempie il tuo cervello di motivazione euforica e concentrazione laser. Questo effetto \u00e8 accompagnato da una leggera sensazione di formicolio, principalmente nel corpo e non nella testa. Con questi effetti e alti livelli medi di THC del 19-27%, la Mimosa \u00e8 una scelta perfetta per curare le persone che soffrono di strawnana.<\/p>\n<h4>THC<\/h4>\n<p>Tetrahydrocannabinol<br \/>\nJe h\u00f6her der prozentuale Anteil an THC, desto h\u00f6her die Potenz (High). Mimosa Cannabis Europa kaufen<\/p>\n<h4>CBD<\/h4>\n<p><strong>Cannabidiolo<\/strong><br \/>\nIl CBD, o cannabidiolo, \u00e8 il secondo ingrediente pi\u00f9 comune nella maggior parte delle variet\u00e0 di marijuana. Alcuni ceppi sono creati per contenere pi\u00f9 CBD che THC. Il CBD ha un alto effetto medicinale, ma non ti fa sballare perch\u00e9 non ha propriet\u00e0 psicoattive. Il CBD \u00e8 usato per trattare molte condizioni: dolore, infiammazione, ansia e molti altri disturbi. brownies al cbd<\/p>\n<p>La Mimosa \u00e8 una variet\u00e0 indica dominante che racchiude un potente effetto ibrido. Ha una concentrazione di THC incredibilmente alta che parte dal 20 percento. Ha un aroma davvero unico e pungente che a volte appare dolce.<\/p>\n<p>Il suo aroma ha anche sentori di agrumi e sapori terrosi. La variet\u00e0 ha un aspetto muschioso di colore verdastro e arrugginito. La mimosa ha un buon sapore che \u00e8 un mix di sapori terrosi e di agrumi. Gli effetti positivi di questa variet\u00e0 sono sorprendenti. Ha un forte effetto calmante sui nervi, rendendoti felice ed euforico allo stesso tempo.<\/p>\n<p>Dopo aver fumato la mimosa ci si sente rilassati. Pu\u00f2 anche farti sentire creativo. La mimosa \u00e8 ottima per curare ansia e depressione di vario genere, ma si pu\u00f2 usare anche per curare l'iperattivit\u00e0. Acquista erba ad alto contenuto di THC. Compra Tutti i brownies americani<\/p>\n<p>Un ibrido \u00e8 un mix di due variet\u00e0 di marijuana geneticamente diverse. Gli ibridi si formano quando il polline di una cultivar (maschio) viene trasferito (da un insetto o manualmente) a un fiore (femmina) di un'altra cultivar. La pianta produce quindi semi che contengono la genetica di entrambi i genitori. Gli ibridi a volte mostrano una potenza e una robustezza maggiori rispetto ai loro genitori. Ad esempio, la variet\u00e0 Chemdawg \u00e8 un incrocio tra OG Kush e Sour Diesel.<\/p>","protected":false},"excerpt":{"rendered":"<p>Mimosa \u00e8 una variet\u00e0 ibrida a predominanza sativa (70% sativa\/30% indica) creata incrociando le classiche variet\u00e0 Purple Punch X Clementine.<\/p>\n<p>&nbsp;<\/p>","protected":false},"featured_media":659,"comment_status":"open","ping_status":"closed","template":"","meta":{"om_disable_all_campaigns":false,"_monsterinsights_skip_tracking":false,"_monsterinsights_sitenote_active":false,"_monsterinsights_sitenote_note":"","_monsterinsights_sitenote_category":0},"product_brand":[],"product_cat":[126,245,351],"product_tag":[],"class_list":{"0":"post-658","1":"product","2":"type-product","3":"status-publish","4":"has-post-thumbnail","6":"product_cat-blumen","7":"product_cat-hybrid-sorten","8":"product_cat-marken-cannabis","10":"first","11":"instock","12":"featured","13":"shipping-taxable","14":"purchasable","15":"product-type-variable"},"_links":{"self":[{"href":"https:\/\/caliweedonlineshop.com\/it\/wp-json\/wp\/v2\/product\/658","targetHints":{"allow":["GET"]}}],"collection":[{"href":"https:\/\/caliweedonlineshop.com\/it\/wp-json\/wp\/v2\/product"}],"about":[{"href":"https:\/\/caliweedonlineshop.com\/it\/wp-json\/wp\/v2\/types\/product"}],"replies":[{"embeddable":true,"href":"https:\/\/caliweedonlineshop.com\/it\/wp-json\/wp\/v2\/comments?post=658"}],"wp:featuredmedia":[{"embeddable":true,"href":"https:\/\/caliweedonlineshop.com\/it\/wp-json\/wp\/v2\/media\/659"}],"wp:attachment":[{"href":"https:\/\/caliweedonlineshop.com\/it\/wp-json\/wp\/v2\/media?parent=658"}],"wp:term":[{"taxonomy":"product_brand","embeddable":true,"href":"https:\/\/caliweedonlineshop.com\/it\/wp-json\/wp\/v2\/product_brand?post=658"},{"taxonomy":"product_cat","embeddable":true,"href":"https:\/\/caliweedonlineshop.com\/it\/wp-json\/wp\/v2\/product_cat?post=658"},{"taxonomy":"product_tag","embeddable":true,"href":"https:\/\/caliweedonlineshop.com\/it\/wp-json\/wp\/v2\/product_tag?post=658"}],"curies":[{"name":"wp","href":"https:\/\/api.w.org\/{rel}","templated":true}]}}