{"id":664,"date":"2023-01-14T18:08:36","date_gmt":"2023-01-14T18:08:36","guid":{"rendered":"https:\/\/caliweedonlineshop.com\/?post_type=product&#038;p=664"},"modified":"2023-01-16T07:01:30","modified_gmt":"2023-01-16T07:01:30","slug":"peach","status":"publish","type":"product","link":"https:\/\/caliweedonlineshop.com\/it\/product\/peach\/","title":{"rendered":"Peach"},"content":{"rendered":"<h1>Acquista Peach OG Marijuana Strain online in Finlandia<\/h1>\n<p>Acquista la variet\u00e0 di marijuana Peach OG online in Finlandia. La Peach OG \u00e8 una variet\u00e0 a predominanza Indica incredibilmente rara <a href=\"https:\/\/caliweedonlineshop.com\/index.php\/product-category\/blumen\/hybrid-sorten\/\">Hybrid<\/a> (85% Indica\/15% Sativa) con genetiche relativamente sconosciute, anche se il consenso generale tra i consumatori di cannabis \u00e8 che si tratti di un incrocio tra OG Kush e un'altra variet\u00e0 sconosciuta. Questa fantastica cima ha un livello di THC moderato che non \u00e8 mai stato testato, anche se probabilmente varia tra il 15 e il 20% in base alle ipotesi e alle recensioni degli utenti. Gli utenti descrivono lo sballo della Peach OG come un'euforia immediata e leggermente edificante che suscita facilmente un senso di concentrazione e motivazione. Questo sballo cerebrale si trasforma in uno sballo corporeo rilassante e riscaldante che svanisce lentamente in tutto il corpo, lasciandoti leggermente sedato ma rilassato e felice. Tutto sommato, questi effetti sono molto fluidi, rendendo Peach OG ideale per tutti i livelli di utenti.<\/p>\n<p>La variet\u00e0 di cannabis Peach Weed \u00e8 un ibrido bilanciato proveniente dalla Sacramento Valley, dai fratelli Skunk. I livelli di THC sono alti ma non misurabili, e lo stesso vale per i terpeni. Ha un sapore di agrumi e frutta leggermente dolce, quasi troppo matura. Questa variet\u00e0 pu\u00f2 aiutare con perdita di appetito e dolore. La Peach Cobbler \u00e8 una variet\u00e0 di cannabis che pu\u00f2 essere utilizzata sia di giorno che di sera. Acquista funghi magici cubani online.<\/p>\n<h2>Peach OG Marihuana Sorte online in Finnland kaufen<\/h2>\n<p>Tutte le ricette del ciabattino alla pesca includono pesche fresche, congelate o in scatola. Su questo non si discute. Ci\u00f2 che li rende diversi \u00e8 il condimento. La guarnizione pu\u00f2 essere una variet\u00e0 di miscele per torte, farina d'avena, pasta per biscotti, pastella per torte, biscotti e persino bisquick. Sembra che tutti abbiano un condimento preferito, probabilmente perch\u00e9 ci sono cresciuti, e io non sono diverso. Il mio condimento preferito in assoluto \u00e8 quello incluso in questa ricetta. \u00c8 di gran lunga il pi\u00f9 semplice e consiste in poco pi\u00f9 di un po' di burro, zucchero, latte e farina.<\/p>\n<p>Le THC Kushy Peaches sono realizzate con distillato di THC di altissima qualit\u00e0. Inoltre sono 100% vegani e senza glutine. Ogni deliziosa caramella contiene 30 mg di THC. Questo \u00e8 l'unico prodotto commestibile sul mercato che contiene 30 mg per gomma. Questo ti d\u00e0 uno sballo fisico molto pulito e beato.<\/p>\n<p>Gli effetti sono di prim'ordine. Pietra del corpo SOLIDO con una testa pulita alta. Perfetto per gli amanti del cibo: sarai molto felice. Acquista Banana Runtz online.<\/p>\n<p>Perfetto per il giorno, la notte, guardare film, andare alle feste, gestire il dolore cronico e rilassarsi.<\/p>","protected":false},"excerpt":{"rendered":"<p>La Peach OG \u00e8 una variet\u00e0 ibrida a predominanza indica incredibilmente rara (85% indica\/15% sativa) di genetica relativamente sconosciuta, anche se il consenso tra i consumatori di cannabis \u00e8 che sia un incrocio tra OG Kush e un'altra variet\u00e0 sconosciuta.<\/p>","protected":false},"featured_media":665,"comment_status":"open","ping_status":"closed","template":"","meta":{"om_disable_all_campaigns":false,"_monsterinsights_skip_tracking":false,"_monsterinsights_sitenote_active":false,"_monsterinsights_sitenote_note":"","_monsterinsights_sitenote_category":0},"product_brand":[],"product_cat":[126,245,351],"product_tag":[203,204,315],"class_list":{"0":"post-664","1":"product","2":"type-product","3":"status-publish","4":"has-post-thumbnail","6":"product_cat-blumen","7":"product_cat-hybrid-sorten","8":"product_cat-marken-cannabis","9":"product_tag-cdb-brownies-online-kaufen-in-texas","10":"product_tag-kirschtorte-online-kaufen-in-los-angeles","11":"product_tag-schneemann-online-kaufen-in-colorado","13":"first","14":"instock","15":"featured","16":"shipping-taxable","17":"purchasable","18":"product-type-variable"},"_links":{"self":[{"href":"https:\/\/caliweedonlineshop.com\/it\/wp-json\/wp\/v2\/product\/664","targetHints":{"allow":["GET"]}}],"collection":[{"href":"https:\/\/caliweedonlineshop.com\/it\/wp-json\/wp\/v2\/product"}],"about":[{"href":"https:\/\/caliweedonlineshop.com\/it\/wp-json\/wp\/v2\/types\/product"}],"replies":[{"embeddable":true,"href":"https:\/\/caliweedonlineshop.com\/it\/wp-json\/wp\/v2\/comments?post=664"}],"wp:featuredmedia":[{"embeddable":true,"href":"https:\/\/caliweedonlineshop.com\/it\/wp-json\/wp\/v2\/media\/665"}],"wp:attachment":[{"href":"https:\/\/caliweedonlineshop.com\/it\/wp-json\/wp\/v2\/media?parent=664"}],"wp:term":[{"taxonomy":"product_brand","embeddable":true,"href":"https:\/\/caliweedonlineshop.com\/it\/wp-json\/wp\/v2\/product_brand?post=664"},{"taxonomy":"product_cat","embeddable":true,"href":"https:\/\/caliweedonlineshop.com\/it\/wp-json\/wp\/v2\/product_cat?post=664"},{"taxonomy":"product_tag","embeddable":true,"href":"https:\/\/caliweedonlineshop.com\/it\/wp-json\/wp\/v2\/product_tag?post=664"}],"curies":[{"name":"wp","href":"https:\/\/api.w.org\/{rel}","templated":true}]}}