{"id":670,"date":"2023-01-14T18:13:58","date_gmt":"2023-01-14T18:13:58","guid":{"rendered":"https:\/\/caliweedonlineshop.com\/?post_type=product&#038;p=670"},"modified":"2023-01-14T18:14:54","modified_gmt":"2023-01-14T18:14:54","slug":"pineapple-express","status":"publish","type":"product","link":"https:\/\/caliweedonlineshop.com\/it\/product\/pineapple-express\/","title":{"rendered":"Pineapple Express"},"content":{"rendered":"<h1>Acquista Pineapple Express online<\/h1>\n<p>Acquista Pineapple Express online. La Pineapple Express combina i poteri potenti e saporiti delle variet\u00e0 genitrici <a href=\"https:\/\/leafwell.com\/cannabis-strains\/trainwreck\/\" target=\"_blank\" rel=\"noopener\">Trainwreck<\/a> e hawaiano. L'odore ricorda la mela fresca e il mango, con un gusto di ananas, pino e cedro. Questo tosto. acquista Kurupt Moon Rock<\/p>\n<p>L'ibrido fornisce uno sballo energetico e duraturo, perfetto per pomeriggi produttivi e fughe creative. comprare CERA (per grammo)<\/p>\n<p>&nbsp;<\/p>\n<p>La variet\u00e0 Pineapple Express combina i poteri potenti e saporiti delle variet\u00e0 parentali Trainwreck e Hawaiian. L'odore ricorda la mela fresca e il mango, con un gusto di ananas, pino e cedro. Questa potente sativa offre uno sballo energetico e duraturo, perfetto per pomeriggi produttivi e fughe creative. Acquista mirtilli<\/p>\n<h2>Acquista Pineapple Express online<\/h2>\n<p>La variet\u00e0 Pineapple Express \u00e8 una variet\u00e0 a predominanza sativa. La variet\u00e0 \u00e8 molto popolare e ha guadagnato notoriet\u00e0 grazie all'omonimo film di stoner. Tuttavia, bisogna tenere presente che la tensione non \u00e8 cos\u00ec intensa come il film l'ha descritta. Ma la Pineapple Express riesce comunque a fornire uno sballo lieve e piacevole che intorpidisce il corpo da aspettarsi con ansia. La variet\u00e0 si presenta sotto forma di pepite ben pesate che sembrano popcorn di polistirolo. Non ha un sapore dolce, ma ha un odore funky con le sue sfumature di agrumi. Il gusto \u00e8 piuttosto eccezionale con sentori di ananas mentre inspiri. Pineapple Express \u00e8 usato per trattare molti problemi medici, tra cui ansia e stress. Tuttavia, \u00e8 ancora pi\u00f9 efficace nel curare allo stesso tempo i sintomi della depressione cronica. Se soffri di lievi dolori e dolori, non cercare oltre. Dopo una sigaretta scoprirai che Pineapple Express \u00e8 sia calmante che stimolante. Non solo affiler\u00e0 tutti i tuoi sensi, ma ti sentirai energizzato mentre assisti a un'impennata di concentrazione, consapevolezza e creativit\u00e0. Acquista erba online in Europa Osserva la consapevolezza e la creativit\u00e0. Acquista erba online in Europa Osserva la consapevolezza e la creativit\u00e0. Acquista erba online in Europa<\/p>\n<p>Bis zu 25-27% THC<\/p>","protected":false},"excerpt":{"rendered":"<p>La Pineapple Express combina i poteri potenti e saporiti delle variet\u00e0 parentali Trainwreck e Hawaiian. L'odore \u00e8 paragonato alla mela fresca e al mango, con un sapore di ananas, pino e cedro. Questo tosto.<\/p>\n<p>&nbsp;<\/p>","protected":false},"featured_media":671,"comment_status":"open","ping_status":"closed","template":"","meta":{"om_disable_all_campaigns":false,"_monsterinsights_skip_tracking":false,"_monsterinsights_sitenote_active":false,"_monsterinsights_sitenote_note":"","_monsterinsights_sitenote_category":0},"product_brand":[],"product_cat":[126,245],"product_tag":[319,320,316,317,318],"class_list":{"0":"post-670","1":"product","2":"type-product","3":"status-publish","4":"has-post-thumbnail","6":"product_cat-blumen","7":"product_cat-hybrid-sorten","8":"product_tag-ananas-express-online-kaufen-in-los-angeles","9":"product_tag-ananas-express-online-kaufen-in-otawa","10":"product_tag-pineapple-express-online-kaufen-deutschland","11":"product_tag-pineapple-express-online-kaufen-in-colorado","12":"product_tag-pineapple-express-online-kaufen-in-hawaii","14":"first","15":"instock","16":"shipping-taxable","17":"purchasable","18":"product-type-variable"},"_links":{"self":[{"href":"https:\/\/caliweedonlineshop.com\/it\/wp-json\/wp\/v2\/product\/670","targetHints":{"allow":["GET"]}}],"collection":[{"href":"https:\/\/caliweedonlineshop.com\/it\/wp-json\/wp\/v2\/product"}],"about":[{"href":"https:\/\/caliweedonlineshop.com\/it\/wp-json\/wp\/v2\/types\/product"}],"replies":[{"embeddable":true,"href":"https:\/\/caliweedonlineshop.com\/it\/wp-json\/wp\/v2\/comments?post=670"}],"wp:featuredmedia":[{"embeddable":true,"href":"https:\/\/caliweedonlineshop.com\/it\/wp-json\/wp\/v2\/media\/671"}],"wp:attachment":[{"href":"https:\/\/caliweedonlineshop.com\/it\/wp-json\/wp\/v2\/media?parent=670"}],"wp:term":[{"taxonomy":"product_brand","embeddable":true,"href":"https:\/\/caliweedonlineshop.com\/it\/wp-json\/wp\/v2\/product_brand?post=670"},{"taxonomy":"product_cat","embeddable":true,"href":"https:\/\/caliweedonlineshop.com\/it\/wp-json\/wp\/v2\/product_cat?post=670"},{"taxonomy":"product_tag","embeddable":true,"href":"https:\/\/caliweedonlineshop.com\/it\/wp-json\/wp\/v2\/product_tag?post=670"}],"curies":[{"name":"wp","href":"https:\/\/api.w.org\/{rel}","templated":true}]}}