{"id":676,"date":"2023-01-14T18:19:51","date_gmt":"2023-01-14T18:19:51","guid":{"rendered":"https:\/\/caliweedonlineshop.com\/?post_type=product&#038;p=676"},"modified":"2023-05-05T02:37:47","modified_gmt":"2023-05-05T02:37:47","slug":"pink-dosidos","status":"publish","type":"product","link":"https:\/\/caliweedonlineshop.com\/it\/product\/pink-dosidos\/","title":{"rendered":"pink dosidos"},"content":{"rendered":"<h1>Acquista la variet\u00e0 di marijuana Pink Dosidos online in Europa<\/h1>\n<p>Acquista la variet\u00e0 di marijuana Pink Dosidos online in Europa. Con un genitore come Do-Si-Dos che \u00e8 una specie di bambino <a href=\"https:\/\/caliweedonlineshop.com\/index.php\/product\/girl-scout-cookies\/\">Girl Scout Cookies<\/a> si potrebbe pensare che il profilo terpenico della Pink Do-Si-Dos abbia l'odore di biscotti. A quanto pare, tende ad essere molto pi\u00f9 puzzola di quanto ci si aspetterebbe. Anche il gusto \u00e8 skunk ed \u00e8 accompagnato da un sapore umido e terroso che indugia sul palato dopo aver fumato o vaporizzato la Pink Do-Si-Dos. Big Mex Magic Mushroom Online USA.<\/p>\n<p>La parte \"rosa\" del nome deriva dall'altra sua pianta madre, il Pink Champagne. I boccioli rosa Do-Si-Dos sono una combinazione di fiori verde chiaro e verde salvia intrecciati con pistilli gialli e marrone chiaro. Non sono rosa come alcune persone potrebbero pensare. Acquista funghi magici cubani online.<\/p>\n<h2>Pink Dosidos Marihuana Sorte online in Europa kaufen<\/h2>\n<p>Nelle recensioni positive della variet\u00e0 Pink Do-Si-Dos, i consumatori hanno espresso la loro gioia per quanto bene abbia aiutato a superare ansia, stress e altri blocchi mentali. Alcuni hanno meditato con questa variet\u00e0 mentre altri si sono sentiti assonnati o pensierosi. Il nostro Pink Dosido \u00e8 una modifica di un nuovo classico. Incrociata con Pink Champagne e Dosidos, questa variet\u00e0 ha un aroma incredibile: \u00e8 dolce, con un odore di Skunk che riempie l'intera stanza quando apri un barattolo. Una fumata dolce e decisamente una delle preferite del team Korova. Do-Si-Dos \u00e8 un incrocio tra OG Kush Breath - un fenotipo di Girl Scout Cookies - e Faceoff OG della Archive Seed Bank in Oregon. La banca dei semi sta lavorando su una linea F2 di fenotipi Do-Si-Dos - Do-Si-Dos #9, #18 e #22; cos\u00ec come gli inediti #4 e #. 13 - si dice che crescano tutti alti e producano raccolti medi abbondanti in un periodo di fioritura di 70 giorni. L'intera linea F2 mostra tendenze ermafrodite ereditate dal genitore OGKB in circa il 5% della popolazione, secondo la banca dei semi. Dei tre fenotipi rilasciati, la #9 \u00e8 descritta come la pi\u00f9 potente, densa e resinosa - producendo grandi quantit\u00e0 di secchezza da sorseggiare - cos\u00ec come un forte aroma e sapore di biscotto e Kush. Nel frattempo, la #18 mostra ghiandole resinose spesse e prominenti e un forte aroma di OG Kush, mentre la #22 \u00e8 un fenotipo viola, aromatico e dal sapore di uva consigliato per produrre Ice Hash. L'intera linea F2 mostra tendenze ermafrodite ereditate dal genitore OGKB in circa il 5% della popolazione, secondo la banca dei semi. Dei tre fenotipi rilasciati, la #9 \u00e8 descritta come la pi\u00f9 potente, densa e resinosa - producendo grandi quantit\u00e0 di secchezza da sorseggiare - cos\u00ec come un forte aroma e sapore di biscotto e Kush. Nel frattempo, la #18 mostra ghiandole resinose spesse e prominenti e un forte aroma di OG Kush, mentre la #22 \u00e8 un fenotipo viola, aromatico e dal sapore di uva consigliato per produrre Ice Hash. L'intera linea F2 mostra tendenze ermafrodite ereditate dal genitore OGKB in circa il 5% della popolazione, secondo la banca dei semi. Dei tre fenotipi rilasciati, la #9 \u00e8 descritta come la pi\u00f9 potente, densa e resinosa - producendo grandi quantit\u00e0 di secchezza da sorseggiare - cos\u00ec come un forte aroma e sapore di biscotto e Kush. Nel frattempo, la #18 mostra ghiandole resinose spesse e prominenti e un forte aroma di OG Kush, mentre la #22 \u00e8 un fenotipo viola, aromatico e dal sapore di uva consigliato per produrre Ice Hash. pi\u00f9 denso e pi\u00f9 resinoso - produce grandi quantit\u00e0 di secchezza da sorseggiare - cos\u00ec come un forte aroma e sapore di biscotto e Kush. Nel frattempo, la #18 mostra ghiandole resinose spesse e prominenti e un forte aroma di OG Kush, mentre la #22 \u00e8 un fenotipo viola, aromatico e dal sapore di uva consigliato per produrre Ice Hash. La pi\u00f9 densa e resinosa descritta - produce grandi quantit\u00e0 di secchezza da sorseggiare - cos\u00ec come un forte aroma e sapore di biscotti e Kush. Nel frattempo, la #18 mostra ghiandole resinose spesse e prominenti e un forte aroma di OG Kush, mentre la #22 \u00e8 un fenotipo viola, aromatico e dal sapore di uva consigliato per produrre Ice Hash.<\/p>","protected":false},"excerpt":{"rendered":"<p>Con un genitore come Do-Si-Dos, che era un ceppo figlio di Girl Scout Cookies, penseresti che il profilo terpenico Pink Do-Si-Dos avrebbe l'odore di biscotti<\/p>\n<p>&nbsp;<\/p>","protected":false},"featured_media":677,"comment_status":"open","ping_status":"closed","template":"","meta":{"om_disable_all_campaigns":false,"_monsterinsights_skip_tracking":false,"_monsterinsights_sitenote_active":false,"_monsterinsights_sitenote_note":"","_monsterinsights_sitenote_category":0},"product_brand":[],"product_cat":[126,245,351],"product_tag":[231,321,224],"class_list":{"0":"post-676","1":"product","2":"type-product","3":"status-publish","4":"has-post-thumbnail","6":"product_cat-blumen","7":"product_cat-hybrid-sorten","8":"product_cat-marken-cannabis","9":"product_tag-frosties-kekse-online-kaufen-in-new-jersy","10":"product_tag-fruity-pebbles-in-nevada-kaufen","11":"product_tag-kekse-und-broetchen-in-north-dakota-kaufen","13":"first","14":"instock","15":"featured","16":"shipping-taxable","17":"purchasable","18":"product-type-variable"},"_links":{"self":[{"href":"https:\/\/caliweedonlineshop.com\/it\/wp-json\/wp\/v2\/product\/676","targetHints":{"allow":["GET"]}}],"collection":[{"href":"https:\/\/caliweedonlineshop.com\/it\/wp-json\/wp\/v2\/product"}],"about":[{"href":"https:\/\/caliweedonlineshop.com\/it\/wp-json\/wp\/v2\/types\/product"}],"replies":[{"embeddable":true,"href":"https:\/\/caliweedonlineshop.com\/it\/wp-json\/wp\/v2\/comments?post=676"}],"wp:featuredmedia":[{"embeddable":true,"href":"https:\/\/caliweedonlineshop.com\/it\/wp-json\/wp\/v2\/media\/677"}],"wp:attachment":[{"href":"https:\/\/caliweedonlineshop.com\/it\/wp-json\/wp\/v2\/media?parent=676"}],"wp:term":[{"taxonomy":"product_brand","embeddable":true,"href":"https:\/\/caliweedonlineshop.com\/it\/wp-json\/wp\/v2\/product_brand?post=676"},{"taxonomy":"product_cat","embeddable":true,"href":"https:\/\/caliweedonlineshop.com\/it\/wp-json\/wp\/v2\/product_cat?post=676"},{"taxonomy":"product_tag","embeddable":true,"href":"https:\/\/caliweedonlineshop.com\/it\/wp-json\/wp\/v2\/product_tag?post=676"}],"curies":[{"name":"wp","href":"https:\/\/api.w.org\/{rel}","templated":true}]}}