{"id":682,"date":"2023-01-14T18:26:38","date_gmt":"2023-01-14T18:26:38","guid":{"rendered":"https:\/\/caliweedonlineshop.com\/?post_type=product&#038;p=682"},"modified":"2023-01-14T18:26:38","modified_gmt":"2023-01-14T18:26:38","slug":"purple-haze-2","status":"publish","type":"product","link":"https:\/\/caliweedonlineshop.com\/it\/product\/purple-haze-2\/","title":{"rendered":"Purple haze"},"content":{"rendered":"<h1>Acquista Purple Haze online in Germania<\/h1>\n<p>Acquista Purple Haze online in Germania. Resa famosa dal classico di Jimi Hendrix del 1967, Purple Haze offre un'esplosione sognante di euforia che riporter\u00e0 i consumatori veterani al loro periodo di massimo splendore psichedelico. Questa nostalgica graffetta sativa continua ad essere apprezzata per la sua stimolazione cerebrale ad alta energia che ispira creativit\u00e0 e appagamento beato per tutto il giorno. Si pensa che la Purple Haze discenda da ceppi parentali Purple Thai e Haze, che trasmettono una miscela di aromi dolci e terrosi supportati da note di frutti di bosco e spezie piccanti. Le cime della Purple Haze sono in genere di una brillante tonalit\u00e0 lavanda, il che giustifica ulteriormente il nome di questa variet\u00e0.<\/p>\n<p>Grazie al successo di Jimi Hendrix \"Purple Haze\", questa potrebbe essere una delle variet\u00e0 pi\u00f9 conosciute al mondo. Dopo aver fumato questa variet\u00e0, saprai perch\u00e9 prende il nome dalla famosa canzone rock. ACQUISTA CRESCITA (per grammo) La genetica a predominanza sativa della Purple Haze ti fornir\u00e0 uno stupefacente sballo mentale che pu\u00f2 persino sconfinare nei regni del trippy psichedelico. Acquista Purple Haze online in Germania<\/p>\n<p><strong>Energia<\/strong><\/p>\n<p>La maggior parte delle variet\u00e0 sativa ha un contenuto di THC di circa il 13,5%. La OG Kush Purple Haze contiene tra il 13% e il 20% di THC. La potenza dello specifico bocciolo su cui metti le mani giocher\u00e0 un ruolo chiave nell'intensit\u00e0 del tuo sballo.<\/p>\n<h2>Acquista Purple Haze online in Germania<\/h2>\n<p><strong>Effetti<\/strong><\/p>\n<p>Questa variet\u00e0 \u00e8 incentrata sul cervello. Dopo aver consumato Purple Haze, puoi aspettarti uno sballo cerebrale distinto e forte. Ti sentirai sicuramente euforico, energico, esaltato e creativo. E se usi un fiore potente o prendi una dose pi\u00f9 alta, puoi anche sperimentare alcuni effetti psichedelici trippy. Ad ogni modo, ti ritroverai in paradiso dopo pochi tiri di questa variet\u00e0 di cannabis premium. Acquista Super Og Biscotto<\/p>\n<p><strong>Olfatto e gusto<\/strong><\/p>\n<p>La Purple Haze ha un odore terroso con note dolci. Lo stesso profilo si ripercuote sul sapore del fumo, che assume anche un leggero sapore di frutti di bosco. Acquista Purple Haze online in Germania.<br \/>\nPurple Haze \u00e8 un ibrido a predominanza sativa (85% sativa\/15% indica) che \u00e8 un potente incrocio tra le rare ma popolari variet\u00e0 Purple Thai X Haze. Prende il nome dalla classica canzone di Jimi Hendrix del 1967, la Purple Haze \u00e8 una delle variet\u00e0 pi\u00f9 conosciute in circolazione grazie alla sua popolarit\u00e0 negli anni '60. Acquista Honey Bun Gli utenti descrivono lo sballo della Purple Haze come uno stimolo cerebrale ad alta energia quasi istantaneo accompagnato da un intenso senso di ispirazione creativa e beata contentezza. Acquista erba online in Europa Si pu\u00f2 sperimentare uno sballo corporeo leggero che riscalda e si diffonde dalla testa e dal collo a tutto il corpo. A causa di questi potenti effetti, la Purple Haze \u00e8 una variet\u00e0 ideale per il trattamento di pazienti che soffrono di affaticamento, soffre di depressione da lieve a moderata, stress cronico o ansia. Acquista Cherry Pie La Purple Haze ha cime lunghe, dense e pepate che sono di un verde menta chiaro con ricche sfumature viola. Queste pepite sono ricoperte da lunghi e sottili peli viola chiaro e scuro e da un sottile rivestimento di tricomi bianco latte e resina dolce e appiccicosa. Ha un dolce aroma di bacche terrose e un sapore pungente di bacche con sentori di spezie. Acquista Purple Haze online in Germania. ricoperto di resina appiccicosa. Ha un dolce aroma di bacche terrose e un sapore pungente di bacche con sentori di spezie. Acquista Purple Haze online in Germania. ricoperto di resina appiccicosa. Ha un dolce aroma di bacche terrose e un sapore pungente di bacche con sentori di spezie. Acquista Purple Haze online in Germania.<\/p>","protected":false},"excerpt":{"rendered":"<p>I livelli di THC sono intorno al 13,5% nella maggior parte delle variet\u00e0 sativa. La Purple Haze contiene tra il 13% e il 20% di THC. La potenza dello specifico bocciolo su cui metti le mani giocher\u00e0 un ruolo chiave nell'intensit\u00e0 del tuo sballo.<\/p>\n<p>&nbsp;<\/p>","protected":false},"featured_media":683,"comment_status":"open","ping_status":"closed","template":"","meta":{"om_disable_all_campaigns":false,"_monsterinsights_skip_tracking":false,"_monsterinsights_sitenote_active":false,"_monsterinsights_sitenote_note":"","_monsterinsights_sitenote_category":0},"product_brand":[],"product_cat":[126,245],"product_tag":[],"class_list":{"0":"post-682","1":"product","2":"type-product","3":"status-publish","4":"has-post-thumbnail","6":"product_cat-blumen","7":"product_cat-hybrid-sorten","9":"first","10":"instock","11":"shipping-taxable","12":"purchasable","13":"product-type-variable"},"_links":{"self":[{"href":"https:\/\/caliweedonlineshop.com\/it\/wp-json\/wp\/v2\/product\/682","targetHints":{"allow":["GET"]}}],"collection":[{"href":"https:\/\/caliweedonlineshop.com\/it\/wp-json\/wp\/v2\/product"}],"about":[{"href":"https:\/\/caliweedonlineshop.com\/it\/wp-json\/wp\/v2\/types\/product"}],"replies":[{"embeddable":true,"href":"https:\/\/caliweedonlineshop.com\/it\/wp-json\/wp\/v2\/comments?post=682"}],"wp:featuredmedia":[{"embeddable":true,"href":"https:\/\/caliweedonlineshop.com\/it\/wp-json\/wp\/v2\/media\/683"}],"wp:attachment":[{"href":"https:\/\/caliweedonlineshop.com\/it\/wp-json\/wp\/v2\/media?parent=682"}],"wp:term":[{"taxonomy":"product_brand","embeddable":true,"href":"https:\/\/caliweedonlineshop.com\/it\/wp-json\/wp\/v2\/product_brand?post=682"},{"taxonomy":"product_cat","embeddable":true,"href":"https:\/\/caliweedonlineshop.com\/it\/wp-json\/wp\/v2\/product_cat?post=682"},{"taxonomy":"product_tag","embeddable":true,"href":"https:\/\/caliweedonlineshop.com\/it\/wp-json\/wp\/v2\/product_tag?post=682"}],"curies":[{"name":"wp","href":"https:\/\/api.w.org\/{rel}","templated":true}]}}