{"id":688,"date":"2023-01-14T18:32:28","date_gmt":"2023-01-14T18:32:28","guid":{"rendered":"https:\/\/caliweedonlineshop.com\/?post_type=product&#038;p=688"},"modified":"2023-05-17T20:08:15","modified_gmt":"2023-05-17T20:08:15","slug":"purple-punch-2","status":"publish","type":"product","link":"https:\/\/caliweedonlineshop.com\/it\/product\/purple-punch-2\/","title":{"rendered":"purple punch"},"content":{"rendered":"<h1>Acquista punch viola online nel Regno Unito<\/h1>\n<p>Acquista Purple Punch online. \u00c8 grazie agli allevatori britannici di Mystery che la Purple Punch \u00e8 entrata nelle nostre vite, poich\u00e9 questa potente cima offre un'esplosione di gusto con un effetto che continuerai a desiderare. Incrociare Granddaddy Purple con Larry OG \u00e8 stata un'idea intelligente poich\u00e9 questa variet\u00e0 a predominanza indica tira fuori il meglio da entrambi i genitori. Gli individui che desiderano uno sballo mentale e fisico altrettanto potente dovrebbero provare questa variet\u00e0. Compra Preparato per torte\/Minntz<\/p>\n<p>Anche se non suona molto forte con il 20% di THC, la Purple Punch contiene anche l'1% di CBD e ti colpir\u00e0 come un Mack Truck. Le pepite sono molto soffici e luminose con una tonalit\u00e0 al neon accompagnata da pistilli rossastri e tricomi ambrati. Alcuni descriverebbero gli aromi e i sapori di questa gemma come uno schiaffo in faccia, e giustamente, poich\u00e9 \u00e8 presente una forte nota di Grape Kool-Aid. Tuttavia, questo \u00e8 compensato da altri deliziosi sapori come mirtilli, vaniglia ed erbe aromatiche<\/p>\n<p>Lo sballo della Purple Punch inizia con tutta la sua forza, con una potente stimolazione cerebrale che ti colpisce proprio dietro gli occhi. L'umore si solleva con facilit\u00e0 e ti sentirai quasi come un pallone che si alza nel cielo. Mentre sali letteralmente sempre pi\u00f9 in alto, gli effetti fisici entrano in gioco, contribuendo a bilanciare le cose con un pesante stato di sedazione. A seconda della tua tolleranza, questo \u00e8 il momento ideale per rannicchiarsi e andare a dormire, o almeno il momento della sera per guardare il tuo film preferito e rilassarsi.Mintz<\/p>\n<p>Purple Punch \u00e8 nota per la sua capacit\u00e0 di risollevare l'umore con facilit\u00e0, quindi non sorprende che i consumatori terapeutici si rivolgano a lei quando si sentono gi\u00f9. Sia lo stress che la depressione vengono alleviati in tempi relativamente brevi e anche il dolore fisico viene trattato con facilit\u00e0. Se hai mal di testa, crampi, spasmi muscolari o qualsiasi altro disturbo, rivolgiti a Purple Punch. Naturalmente, questo bocciolo \u00e8 ottimo anche per le persone che lottano regolarmente con l'insonnia.<\/p>\n<p>Se ti sei innamorato di questa variet\u00e0, \u00e8 probabile che vorrai portarla a casa e farla tua. Fortunatamente, i semi Purple Punch sono molto facili da ottenere e non vedrai l'ora di ottenere un raccolto molto abbondante in sole 8-10 settimane. Le specifiche di coltivazione sono un po' confuse su questa variet\u00e0, ma sappiamo che pu\u00f2 essere facilmente coltivata sia indoor che outdoor Acquista Pluto Cookies online.<\/p>\n<p>Se vuoi deliziare le tue papille gustative e vivere un'esperienza cannabica davvero indimenticabile, la Purple Punch fa per te. Questo bocciolo \u00e8 disponibile in molte localit\u00e0 in tutto il paese, quindi provalo e guarda tutte le tue preoccupazioni svanire. sogno blu<\/p>","protected":false},"excerpt":{"rendered":"<p>Purple Punch \u00e8 la fusione dolce e rilassante di due classici a predominanza indica. Incrociando Larry OG con Granddaddy Purple, l'incredibile...<\/p>\n<p>&nbsp;<\/p>","protected":false},"featured_media":689,"comment_status":"open","ping_status":"closed","template":"","meta":{"om_disable_all_campaigns":false,"_monsterinsights_skip_tracking":false,"_monsterinsights_sitenote_active":false,"_monsterinsights_sitenote_note":"","_monsterinsights_sitenote_category":0},"product_brand":[],"product_cat":[126,245,351],"product_tag":[],"class_list":{"0":"post-688","1":"product","2":"type-product","3":"status-publish","4":"has-post-thumbnail","6":"product_cat-blumen","7":"product_cat-hybrid-sorten","8":"product_cat-marken-cannabis","10":"first","11":"instock","12":"featured","13":"shipping-taxable","14":"purchasable","15":"product-type-variable"},"_links":{"self":[{"href":"https:\/\/caliweedonlineshop.com\/it\/wp-json\/wp\/v2\/product\/688","targetHints":{"allow":["GET"]}}],"collection":[{"href":"https:\/\/caliweedonlineshop.com\/it\/wp-json\/wp\/v2\/product"}],"about":[{"href":"https:\/\/caliweedonlineshop.com\/it\/wp-json\/wp\/v2\/types\/product"}],"replies":[{"embeddable":true,"href":"https:\/\/caliweedonlineshop.com\/it\/wp-json\/wp\/v2\/comments?post=688"}],"wp:featuredmedia":[{"embeddable":true,"href":"https:\/\/caliweedonlineshop.com\/it\/wp-json\/wp\/v2\/media\/689"}],"wp:attachment":[{"href":"https:\/\/caliweedonlineshop.com\/it\/wp-json\/wp\/v2\/media?parent=688"}],"wp:term":[{"taxonomy":"product_brand","embeddable":true,"href":"https:\/\/caliweedonlineshop.com\/it\/wp-json\/wp\/v2\/product_brand?post=688"},{"taxonomy":"product_cat","embeddable":true,"href":"https:\/\/caliweedonlineshop.com\/it\/wp-json\/wp\/v2\/product_cat?post=688"},{"taxonomy":"product_tag","embeddable":true,"href":"https:\/\/caliweedonlineshop.com\/it\/wp-json\/wp\/v2\/product_tag?post=688"}],"curies":[{"name":"wp","href":"https:\/\/api.w.org\/{rel}","templated":true}]}}