{"id":694,"date":"2023-01-14T18:38:33","date_gmt":"2023-01-14T18:38:33","guid":{"rendered":"https:\/\/caliweedonlineshop.com\/?post_type=product&#038;p=694"},"modified":"2023-04-18T21:00:09","modified_gmt":"2023-04-18T21:00:09","slug":"runtz","status":"publish","type":"product","link":"https:\/\/caliweedonlineshop.com\/it\/product\/runtz\/","title":{"rendered":"Runtz"},"content":{"rendered":"<h1>Acquista l'erba Runtz online<\/h1>\n<p>Acquista l'erba Runtz online, Zkittlez \u00e8 un ibrido a predominanza indica <a href=\"https:\/\/www.wikileaf.com\/strain\/grape-ape\/\" target=\"_blank\" rel=\"noopener\">Grape Ape<\/a> und <a href=\"https:\/\/www.hytiva.com\/strains\/sativa\/grapefruit\" target=\"_blank\" rel=\"noopener\">Grapefruit<\/a>, die mit einer anderen<\/p>\n<p>gekreuzt wurde, um dieses Cannabis mit S\u00fc\u00dfigkeitengeschmack zu produzieren, das von 3rd Gen Family und Terp Hogs gez\u00fcchtet wurde. Diese preis-<\/p>\n<p>die siegreiche Kombination belegte den 1. Platz beim Emerald Cup 2016 und den 1. Platz Indica bei den Cannabis Cups 2015 in San. buy Diamond OG Hash<\/p>\n<p>Runtz, die gehypte Sorte der Cookies Family, ist eine Kreuzung aus Zkittlez und Gelato, die selten und begehrt ist. Gefeiert f\u00fcr ihr unglaublich fruchtiges Profil, das wie eine T\u00fcte S\u00fc\u00dfigkeiten riecht, hat die Sorte harzgetr\u00e4nkte Knospen, die in der Farbe von sattem Lila bis Limettengr\u00fcn reichen. Runtz ist auch f\u00fcr ihren cremigen Rauch bekannt, der weich und einladend ist<\/p>\n<p>neben einem euphorischen und erhebenden Rausch, der stundenlang anh\u00e4lt. Weed online kaufen in Europa<\/p>\n<h2>Runtz Weed online kaufen<\/h2>\n<h4>Indica-dominanter Hybrid &#8211; 70% Indica \/ 30% Sativa<br \/>\nTHC: 13% &#8211; 15%<\/h4>\n<p>Buy Runtz, auch <a href=\"https:\/\/caliweedonlineshop.com\/index.php\/product\/blue-skittlez\/\">Zkittlez<\/a> genannt, ist eine indicadominierte Mischung aus Grape Ape und Grapefruit, die mit einer anderen, nicht genannten Sorte gekreuzt wurde, um dieses Cannabis mit S\u00fc\u00dfigkeitengeschmack zu erzeugen, gez\u00fcchtet von 3rd Gen Family und Terp Hogs. Diese preisgekr\u00f6nte Kombination belegte den 1. Platz beim Emerald Cup 2016 und den 1. Platz Indica bei den Cannabis Cups 2015 in San Francisco und in Michigan. Die klobigen Colas explodieren in einem Spektrum von hellgr\u00fcnen Farbt\u00f6nen und verstr\u00f6men eine s\u00fc\u00dfe, tropische Mischung von Fruchtaromen. Die Wirkung von Zkittlez ist f\u00fcr eine Indica \u00fcberraschend erhebend und l\u00e4sst die Konsumenten fokussiert, wach und gl\u00fccklich zur\u00fcck, w\u00e4hrend sie den K\u00f6rper entspannt, um zu jeder Tageszeit zu entspannen.<\/p>\n<h3>Zkittlez Marihuana online kaufen<\/h3>\n<p>Francisco und in Michigan. Die klobigen Colas explodieren in einem Spektrum von hellgr\u00fcnen Farbt\u00f6nen und emittieren.buy Fire OG<\/p>\n<p>eine s\u00fc\u00dfe, tropische Mischung aus Fruchtaromen. Die Wirkung von Zkittlez ist f\u00fcr eine Indica erstaunlich erhebend und l\u00e4sst<\/p>\n<p>Konsumenten fokussiert, wach und gl\u00fccklich, w\u00e4hrend sie den K\u00f6rper entspannt, um zu jeder Tageszeit zu entspannen. Runtz Weed online kaufen<\/p>\n<p>&nbsp;<\/p>\n<p>&nbsp;<\/p>\n<p>&nbsp;<\/p>","protected":false},"excerpt":{"rendered":"<p>Runtz Weed Online kaufen Buy Runtz weed Online, Zkittlez ist eine Indica-dominante Mischung aus Grape Ape und Grapefruit, die mit einer anderen gekreuzt wurde, um dieses Cannabis mit S\u00fc\u00dfigkeitengeschmack zu produzieren, das von 3rd Gen Family und Terp Hogs gez\u00fcchtet wurde. Diese preis- die siegreiche Kombination belegte den 1. Platz beim Emerald Cup 2016 und [&hellip;]<\/p>","protected":false},"featured_media":695,"comment_status":"open","ping_status":"closed","template":"","meta":{"om_disable_all_campaigns":false,"_monsterinsights_skip_tracking":false,"_monsterinsights_sitenote_active":false,"_monsterinsights_sitenote_note":"","_monsterinsights_sitenote_category":0},"product_brand":[],"product_cat":[126,245,351],"product_tag":[],"class_list":{"0":"post-694","1":"product","2":"type-product","3":"status-publish","4":"has-post-thumbnail","6":"product_cat-blumen","7":"product_cat-hybrid-sorten","8":"product_cat-marken-cannabis","10":"first","11":"instock","12":"featured","13":"shipping-taxable","14":"purchasable","15":"product-type-variable"},"_links":{"self":[{"href":"https:\/\/caliweedonlineshop.com\/it\/wp-json\/wp\/v2\/product\/694","targetHints":{"allow":["GET"]}}],"collection":[{"href":"https:\/\/caliweedonlineshop.com\/it\/wp-json\/wp\/v2\/product"}],"about":[{"href":"https:\/\/caliweedonlineshop.com\/it\/wp-json\/wp\/v2\/types\/product"}],"replies":[{"embeddable":true,"href":"https:\/\/caliweedonlineshop.com\/it\/wp-json\/wp\/v2\/comments?post=694"}],"wp:featuredmedia":[{"embeddable":true,"href":"https:\/\/caliweedonlineshop.com\/it\/wp-json\/wp\/v2\/media\/695"}],"wp:attachment":[{"href":"https:\/\/caliweedonlineshop.com\/it\/wp-json\/wp\/v2\/media?parent=694"}],"wp:term":[{"taxonomy":"product_brand","embeddable":true,"href":"https:\/\/caliweedonlineshop.com\/it\/wp-json\/wp\/v2\/product_brand?post=694"},{"taxonomy":"product_cat","embeddable":true,"href":"https:\/\/caliweedonlineshop.com\/it\/wp-json\/wp\/v2\/product_cat?post=694"},{"taxonomy":"product_tag","embeddable":true,"href":"https:\/\/caliweedonlineshop.com\/it\/wp-json\/wp\/v2\/product_tag?post=694"}],"curies":[{"name":"wp","href":"https:\/\/api.w.org\/{rel}","templated":true}]}}