{"id":700,"date":"2023-01-14T18:45:45","date_gmt":"2023-01-14T18:45:45","guid":{"rendered":"https:\/\/caliweedonlineshop.com\/?post_type=product&#038;p=700"},"modified":"2023-01-16T07:01:30","modified_gmt":"2023-01-16T07:01:30","slug":"sherblato","status":"publish","type":"product","link":"https:\/\/caliweedonlineshop.com\/it\/product\/sherblato\/","title":{"rendered":"Sherblato"},"content":{"rendered":"<h1>Acquista la variet\u00e0 di marijuana Sherblato online in Austria<\/h1>\n<p>Acquista la variet\u00e0 di marijuana Sherblato online in Austria. Sherblato \u00e8 una rara dominante sativa <a href=\"https:\/\/caliweedonlineshop.com\/index.php\/product-category\/blumen\/hybrid-sorten\/\">Hybrid-Sorte<\/a>, determinato da una deliziosa combinazione del famigerato <a href=\"https:\/\/www.hytiva.com\/strains\/hybrid\/sherbert\" target=\"_blank\" rel=\"noopener\">Sherbet<\/a> X <a href=\"https:\/\/caliweedonlineshop.com\/index.php\/product\/gelato\/\">Gelato<\/a>- Sorsero variet\u00e0. Chiamato cos\u00ec per il suo sapore super delizioso, Sherblato porta il sapore super fruttato con un'espirazione agrumata tropicale leggermente acida ad ogni boccata. L'aroma segue lo stesso profilo, anche se con una nota gassosa e pungente che ha sentori di biscotto alla nocciola. Lo sballo di Sherblato \u00e8 delizioso quanto il gusto, con effetti pietrosi che ti porteranno in una profonda introspezione dopo solo pochi tiri. Lo sballo inizia nella testa con un ronzio rilassante che riempie la tua mente di pensieri felici e sfocati prima di dissolverli in una foschia beata e ignara. La tua mente continua a calmarsi. Sherblato \u00e8 un forte ibrido a predominanza indica che colpisce! Il bivio che fa Sherblato sono Sherbert e Gelato! Quando apri per la prima volta la bottiglia di Sherblato senti un forte odore di gas molto pungente ma con una seconda esplosione di un forte biscotto che travolge rapidamente il gas. Al fumo, vengono rilasciate dolci note di agrumi, che lasciano un riconoscibile retrogusto di biscotto. Acquista Cherry Pie Questa variet\u00e0 \u00e8 nota per le sue propriet\u00e0 curative che alleviano il dolore cronico senza trasformarti in un teledipendente. Sherblato \u00e8 un forte ibrido a predominanza indica che colpisce! Gli incroci che fanno Sherblato sono Sherbert e Gelato! Quando apri per la prima volta la bottiglia di Sherblato senti un forte odore di gas molto pungente, una seconda esplosione di un biscotto forte che travolge rapidamente il gas. Quando apri per la prima volta la bottiglia di Sherblato senti un forte odore di gas molto pungente ma con una seconda esplosione di un forte biscotto che travolge rapidamente il gas. Al fumo, vengono rilasciate dolci note di agrumi, che lasciano un riconoscibile retrogusto di biscotto. Acquista Cherry Pie Questa variet\u00e0 \u00e8 nota per le sue propriet\u00e0 curative che alleviano il dolore cronico senza trasformarti in un teledipendente. Sherblato \u00e8 un forte ibrido a predominanza indica che colpisce! Gli incroci che fanno Sherblato sono Sherbert e Gelato! Quando apri per la prima volta la bottiglia di Sherblato senti un forte odore di gas molto pungente, una seconda esplosione di un biscotto forte che travolge rapidamente il gas. Quando apri per la prima volta la bottiglia di Sherblato senti un forte odore di gas molto pungente ma con una seconda esplosione di un forte biscotto che travolge rapidamente il gas. Al fumo, vengono rilasciate dolci note di agrumi, che lasciano un riconoscibile retrogusto di biscotto. Acquista Cherry Pie Questa variet\u00e0 \u00e8 nota per le sue propriet\u00e0 curative che alleviano il dolore cronico senza trasformarti in un teledipendente. Sherblato \u00e8 un forte ibrido a predominanza indica che colpisce! Gli incroci che fanno Sherblato sono Sherbert e Gelato! Quando apri per la prima volta la bottiglia di Sherblato senti un forte odore di gas molto pungente, una seconda esplosione di un biscotto forte che travolge rapidamente il gas. che \u00e8 molto pungente, ma con una seconda esplosione di un potente biscotto che travolge rapidamente il gas. Al fumo, vengono rilasciate dolci note di agrumi, che lasciano un riconoscibile retrogusto di biscotto. Acquista Cherry Pie Questa variet\u00e0 \u00e8 nota per le sue propriet\u00e0 curative che alleviano il dolore cronico senza trasformarti in un teledipendente. Sherblato \u00e8 un forte ibrido a predominanza indica che colpisce! Gli incroci che fanno Sherblato sono Sherbert e Gelato! Quando apri per la prima volta la bottiglia di Sherblato senti un forte odore di gas molto pungente, una seconda esplosione di un biscotto forte che travolge rapidamente il gas. che \u00e8 molto pungente, ma con una seconda esplosione di un potente biscotto che travolge rapidamente il gas. Al fumo, vengono rilasciate dolci note di agrumi, che lasciano un riconoscibile retrogusto di biscotto. Acquista Cherry Pie Questa variet\u00e0 \u00e8 nota per le sue propriet\u00e0 curative che alleviano il dolore cronico senza trasformarti in un pantofolaio. Sherblato \u00e8 un forte ibrido a predominanza indica che colpisce! Gli incroci che fanno Sherblato sono Sherbert e Gelato! Quando apri per la prima volta la bottiglia di Sherblato senti un forte odore di gas molto pungente, una seconda esplosione di un biscotto forte che travolge rapidamente il gas. Al fumo, vengono rilasciate dolci note di agrumi, che lasciano un riconoscibile retrogusto di biscotto. Acquista Cherry Pie Questa variet\u00e0 \u00e8 nota per le sue propriet\u00e0 curative che alleviano il dolore cronico senza trasformarti in un pantofolaio. Sherblato \u00e8 un forte ibrido a predominanza indica che colpisce! Gli incroci che fanno Sherblato sono Sherbert e Gelato! Quando apri per la prima volta la bottiglia di Sherblato senti un forte odore di gas molto pungente, una seconda esplosione di un biscotto forte che travolge rapidamente il gas. Al fumo, vengono rilasciate dolci note di agrumi, che lasciano un riconoscibile retrogusto di biscotto. Acquista Cherry Pie Questa variet\u00e0 \u00e8 nota per le sue propriet\u00e0 curative che alleviano il dolore cronico senza trasformarti in un teledipendente. Sherblato \u00e8 un forte ibrido a predominanza indica che colpisce! Gli incroci che fanno Sherblato sono Sherbert e Gelato! Quando apri per la prima volta la bottiglia di Sherblato senti un forte odore di gas molto pungente, una seconda esplosione di un biscotto forte che travolge rapidamente il gas. chi ha tutto! Gli incroci che fanno Sherblato sono Sherbert e Gelato! Quando apri per la prima volta la bottiglia di Sherblato senti un forte odore di gas molto pungente, una seconda esplosione di un biscotto forte che travolge rapidamente il gas. chi ha tutto! Gli incroci che fanno Sherblato sono Sherbert e Gelato! Quando apri per la prima volta la bottiglia di Sherblato senti un forte odore di gas molto pungente, una seconda esplosione di un biscotto forte che travolge rapidamente il gas.<\/p>\n<h2>Acquista la variet\u00e0 di marijuana Sherblato online in Austria<\/h2>\n<p>Vengono rilasciate note affumicate e dolci di agrumi che lasciano un riconoscibile retrogusto di biscotto. Member Berry Questa variet\u00e0 \u00e8 nota per le sue propriet\u00e0 curative, alleviando il dolore cronico senza trasformarti in un teledipendente.<br \/>\nSativa-dominanter Hybrid -70% Sativa \/ 30% Indica<br \/>\nTHC: 21% &#8211; 22%.<\/p>","protected":false},"excerpt":{"rendered":"<p>Sherblato \u00e8 una rara variet\u00e0 ibrida a predominanza sativa creata da una deliziosa combinazione delle famigerate variet\u00e0 Sherbet X Gelato. Chiamato cos\u00ec per il suo sapore super delizioso, Sherblato porta il sapore super fruttato con un'espirazione agrumata tropicale leggermente acida ad ogni boccata.<\/p>\n<p>&nbsp;<\/p>","protected":false},"featured_media":701,"comment_status":"open","ping_status":"closed","template":"","meta":{"om_disable_all_campaigns":false,"_monsterinsights_skip_tracking":false,"_monsterinsights_sitenote_active":false,"_monsterinsights_sitenote_note":"","_monsterinsights_sitenote_category":0},"product_brand":[],"product_cat":[126,245,351],"product_tag":[202,203,322],"class_list":{"0":"post-700","1":"product","2":"type-product","3":"status-publish","4":"has-post-thumbnail","6":"product_cat-blumen","7":"product_cat-hybrid-sorten","8":"product_cat-marken-cannabis","9":"product_tag-alice-brownies-online-kaufen-in-new-york","10":"product_tag-cdb-brownies-online-kaufen-in-texas","11":"product_tag-kekspackung-online-kaufen-in-maine","13":"first","14":"instock","15":"featured","16":"shipping-taxable","17":"purchasable","18":"product-type-variable"},"_links":{"self":[{"href":"https:\/\/caliweedonlineshop.com\/it\/wp-json\/wp\/v2\/product\/700","targetHints":{"allow":["GET"]}}],"collection":[{"href":"https:\/\/caliweedonlineshop.com\/it\/wp-json\/wp\/v2\/product"}],"about":[{"href":"https:\/\/caliweedonlineshop.com\/it\/wp-json\/wp\/v2\/types\/product"}],"replies":[{"embeddable":true,"href":"https:\/\/caliweedonlineshop.com\/it\/wp-json\/wp\/v2\/comments?post=700"}],"wp:featuredmedia":[{"embeddable":true,"href":"https:\/\/caliweedonlineshop.com\/it\/wp-json\/wp\/v2\/media\/701"}],"wp:attachment":[{"href":"https:\/\/caliweedonlineshop.com\/it\/wp-json\/wp\/v2\/media?parent=700"}],"wp:term":[{"taxonomy":"product_brand","embeddable":true,"href":"https:\/\/caliweedonlineshop.com\/it\/wp-json\/wp\/v2\/product_brand?post=700"},{"taxonomy":"product_cat","embeddable":true,"href":"https:\/\/caliweedonlineshop.com\/it\/wp-json\/wp\/v2\/product_cat?post=700"},{"taxonomy":"product_tag","embeddable":true,"href":"https:\/\/caliweedonlineshop.com\/it\/wp-json\/wp\/v2\/product_tag?post=700"}],"curies":[{"name":"wp","href":"https:\/\/api.w.org\/{rel}","templated":true}]}}