{"id":706,"date":"2023-01-14T18:48:53","date_gmt":"2023-01-14T18:48:53","guid":{"rendered":"https:\/\/caliweedonlineshop.com\/?post_type=product&#038;p=706"},"modified":"2023-01-16T07:01:30","modified_gmt":"2023-01-16T07:01:30","slug":"sinmint","status":"publish","type":"product","link":"https:\/\/caliweedonlineshop.com\/it\/product\/sinmint\/","title":{"rendered":"Sinmint"},"content":{"rendered":"<h1>Acquista la variet\u00e0 di marijuana Sinmint online in Svezia<\/h1>\n<p>Acquista Sinmint Marijuana Strain Online Sweden, nota anche come \"SinMint Cookies\", \u00e8 una variet\u00e0 ibrida leggermente a predominanza indica (60% indica\/40% sativa) creata incrociando le deliziose variet\u00e0 Girl Scout Cookies X Blue Power. Con genitori come questi, sai che Sinmint avr\u00e0 un sapore incredibilmente avvincente e un effetto strabiliante. Si dice che la Sinmint abbia il sapore di un dolce biscotto alla menta, con un pizzico di Kush nell'espirazione che \u00e8 sorprendentemente delizioso. L'aroma \u00e8 praticamente lo stesso, anche se \u00e8 un po' pi\u00f9 terroso del gusto. I boccioli di Sinmint hanno cime sovradimensionate, lunghe, pepate, verde neon con peli ambra chiaro e uno strato di menta di tricomi di cristallo. Lo sballo di Sinmint crea dipendenza tanto quanto il suo gusto, con formicolanti effetti euforici,<\/p>\n<p>SinMint Cookies \u00e8 l'incrocio caratteristico di Sin City Seeds tra Girl Scout Cookies e Blue Power. SinMint Cookies offre un potente effetto euforico che far\u00e0 fluttuare beatamente la tua mente lontano dallo stress della giornata. Il suo aroma \u00e8 una sottile miscela di dolcezza terrosa con un pizzico di menta calda.<\/p>\n<h2>Acquista la variet\u00e0 di marijuana Sinmint online in Svezia<\/h2>","protected":false},"excerpt":{"rendered":"<p>SinMint \u00e8 un ibrido a predominanza indica creato da Sin City Seeds. Derivata dall'esclusiva Girl Scout Cookies, questa variet\u00e0 ha l'esclusivo sapore di nocciola di Cookies con un tocco di menta in pi\u00f9<\/p>\n<p>&nbsp;<\/p>","protected":false},"featured_media":707,"comment_status":"open","ping_status":"closed","template":"","meta":{"om_disable_all_campaigns":false,"_monsterinsights_skip_tracking":false,"_monsterinsights_sitenote_active":false,"_monsterinsights_sitenote_note":"","_monsterinsights_sitenote_category":0},"product_brand":[],"product_cat":[126,245,351],"product_tag":[],"class_list":{"0":"post-706","1":"product","2":"type-product","3":"status-publish","4":"has-post-thumbnail","6":"product_cat-blumen","7":"product_cat-hybrid-sorten","8":"product_cat-marken-cannabis","10":"first","11":"instock","12":"featured","13":"shipping-taxable","14":"purchasable","15":"product-type-variable"},"_links":{"self":[{"href":"https:\/\/caliweedonlineshop.com\/it\/wp-json\/wp\/v2\/product\/706","targetHints":{"allow":["GET"]}}],"collection":[{"href":"https:\/\/caliweedonlineshop.com\/it\/wp-json\/wp\/v2\/product"}],"about":[{"href":"https:\/\/caliweedonlineshop.com\/it\/wp-json\/wp\/v2\/types\/product"}],"replies":[{"embeddable":true,"href":"https:\/\/caliweedonlineshop.com\/it\/wp-json\/wp\/v2\/comments?post=706"}],"wp:featuredmedia":[{"embeddable":true,"href":"https:\/\/caliweedonlineshop.com\/it\/wp-json\/wp\/v2\/media\/707"}],"wp:attachment":[{"href":"https:\/\/caliweedonlineshop.com\/it\/wp-json\/wp\/v2\/media?parent=706"}],"wp:term":[{"taxonomy":"product_brand","embeddable":true,"href":"https:\/\/caliweedonlineshop.com\/it\/wp-json\/wp\/v2\/product_brand?post=706"},{"taxonomy":"product_cat","embeddable":true,"href":"https:\/\/caliweedonlineshop.com\/it\/wp-json\/wp\/v2\/product_cat?post=706"},{"taxonomy":"product_tag","embeddable":true,"href":"https:\/\/caliweedonlineshop.com\/it\/wp-json\/wp\/v2\/product_tag?post=706"}],"curies":[{"name":"wp","href":"https:\/\/api.w.org\/{rel}","templated":true}]}}