{"id":712,"date":"2023-01-14T18:53:32","date_gmt":"2023-01-14T18:53:32","guid":{"rendered":"https:\/\/caliweedonlineshop.com\/?post_type=product&#038;p=712"},"modified":"2023-05-13T13:16:25","modified_gmt":"2023-05-13T13:16:25","slug":"sour-diesel","status":"publish","type":"product","link":"https:\/\/caliweedonlineshop.com\/it\/product\/sour-diesel\/","title":{"rendered":"Sour diesel"},"content":{"rendered":"<h1>Acquista Sour Diesel online in Danimarca<\/h1>\n<p>Acquista Sour Diesel online in Danimarca. L'effetto energico e positivo della Sour Diesel rende facile capire perch\u00e9 questa variet\u00e0 sia cos\u00ec popolare negli Stati Uniti. Ha generato variet\u00e0 popolari e saporite come Sour Tsunami e Sour Jack, ispirando anche variet\u00e0 come la NYC Diesel che imitano il suo sapore unico. Ugualmente piacevole in contesti sociali vivaci come quando viene consumata da sola, la sua combinazione di effetti fisici e mentali la rende abbastanza versatile da soddisfare lo scopo dell'utente. La Sour Diesel, a volte abbreviata in Sour D, \u00e8 una variet\u00e0 estremamente popolare caratterizzata dall'odore chimico simile al carburante delle sue cime. Ha uno sballo prevalentemente sativa con alcuni sottili indicatori di rilassamento fisico, che la rendono popolare sia tra i consumatori ricreativi che terapeutici. \u00c8 una variet\u00e0 potente con livelli di THC misurati tra il 20% e il 25%. Acquista le compresse di Diazepam 10mg online.<\/p>\n<p>Poich\u00e9 il mercato clandestino della cannabis degli anni '80 e '90 funzionava senza alcun tipo di documentazione permanente, l'origine esatta di Sour Diesel \u00e8 sconosciuta. Sebbene non ci sia un accordo definitivo sulla sua composizione genetica originale, la popolarit\u00e0 della Sour Diesel l'ha resa oggetto di molte speculazioni. Alcuni credono che la vera Sour Diesel abbia avuto origine come fenotipo distinto di una variet\u00e0 originale chiamata Diesel. Altri dicono che fosse un fenotipo di Chemdawg che tendeva pi\u00f9 verso la sativa che verso l'indica. Altri ancora affermano che fosse un incrocio tra Chemdawg e Northern Lights, o forse Chemdawg, Northern Lights e Skunk #1. Acquista Sour Diesel online in Danimarca<\/p>\n<p>Acquista Sour Diesel a New York. Sour Diesel ha cime rotonde di medie dimensioni con foglie che sembrano verde-giallastre. I peli rossi chiamati pistilli, strutture che servono a catturare il polline delle piante maschili, contrastano con le foglie fitte. Se conciate correttamente, le cime sono un po' appiccicose - i tricomi non sono cos\u00ec evidenti come nelle variet\u00e0 pi\u00f9 resinose come la White Widow. La rottura delle cime, tuttavia, rivela i tricomi che ricoprono l'interno delle dense cime. Le cime hanno un odore opprimente che, fedele al nome di questa variet\u00e0, \u00e8 molto simile alla benzina. L'odore ha anche sentori di arancia. La rottura o la frantumazione dei boccioli intensifica ulteriormente questo odore, aggiungendo componenti di muschio e linfa di pino. Sour Diesel ha un fumo notoriamente pungente e acre che pu\u00f2 far tossire o lacerare i seni nasali. Il fumo ha un sapore aspro e vagamente puzzolente che molti descrivono come sgradevole; durante l'espirazione, il sapore quasi ammoniacale del gasolio punge il palato e pu\u00f2 persistere a lungo. I fumatori che cercano di rimanere discreti dovrebbero essere avvertiti che si tratta di una variet\u00e0 molto pungente e il profumo pu\u00f2 essere rilevato a grande distanza. Acquista Sour Diesel online in Danimarca. durante l'espirazione, il sapore quasi ammoniacale del gasolio punge il palato e pu\u00f2 persistere a lungo. I fumatori che cercano di rimanere discreti dovrebbero essere avvertiti che si tratta di una variet\u00e0 molto pungente e il profumo pu\u00f2 essere rilevato a grande distanza. Acquista Sour Diesel online in Danimarca. durante l'espirazione, il sapore quasi ammoniacale del gasolio punge il palato e pu\u00f2 persistere a lungo. I fumatori che cercano di rimanere discreti dovrebbero essere avvertiti che si tratta di una variet\u00e0 molto pungente e il profumo pu\u00f2 essere rilevato a grande distanza. Acquista Sour Diesel online in Danimarca.<\/p>\n<h2>Acquista Sour Diesel online in Danimarca<\/h2>\n<p>Lo sballo della Sour Diesel colpisce rapidamente i consumatori sotto forma di un caldo e piacevole mal di testa. Si pu\u00f2 anche sentire un miglioramento dell'umore. Sebbene la Sour Diesel stimoli l'attivit\u00e0 sinaptica nel cervello, il carattere di questo effetto cerebrale \u00e8 spaziale piuttosto che intensamente cerebrale. I consumatori possono sentirsi loquaci quando sono circondati da altri, o un po' introspettivi quando si godono la variet\u00e0 da soli. Per molti, questo sballo vertiginoso \u00e8 in parte ancorato da un leggero senso di rilassamento fisico. Tuttavia, il rilassamento fisico che porta al completo blocco del divano \u00e8 raro. Il senso di euforia che accompagna questa variet\u00e0 pu\u00f2 essere utile nel trattamento di alcuni sintomi di lieve stress, ansia o depressione. La tua tendenza al pensiero associativo pu\u00f2 evocare una piccola ispirazione creativa. I fan di questa variet\u00e0 descrivono anche sollievo da fastidiosi dolori. La combinazione di effetti mentali e somatici della Sour Diesel pu\u00f2 anche renderla un potente afrodisiaco in determinate situazioni. Come \u00e8 comune con molte sativa forti, lo stato mentale alterato che Sour Diesel induce pu\u00f2 rivelarsi opprimente per alcuni, portando a pensieri paranoici e ricorsivi o una sensazione generalmente di non avere alcun controllo sulla propria mente o sul proprio corpo. Gli utenti, in particolare quelli con una minore tolleranza al THC, dovrebbero adeguare il loro consumo di conseguenza. Acquista Florida Cake Jungleboys Sour Diesel ha una lunghezza media alta che dura circa 2 o 3 ore. Acquista Sour Diesel online in Danimarca. Compra Gruntz nel Connecticut<\/p>\n<p>I semi di Sour Diesel sono confezionati e disponibili per la vendita da varie banche di semi. Gli allevatori possono anche allevare piante come cloni prelevando talee da piante adulte dello stesso ceppo. La Sour Diesel pu\u00f2 essere coltivata indoor o all'aperto, sebbene la coltivazione all'aperto richieda un clima mediterraneo semi-umido con temperature giornaliere comprese tra 22 e 25 gradi Fahrenheit. Le piante sono pi\u00f9 tipicamente sativa che indica, con un aspetto alto, a forma di fuso e un'ampia distanza tra i nodi fioriti. Le piante possono raggiungere pi\u00f9 di un metro di altezza, aumentando esponenzialmente di altezza durante la fioritura. Quando si coltiva indoor, la piegatura dei rami e la potatura all'inizio della fase vegetativa possono aiutare le piante ad adattarsi allo spazio verticale limitato. La Sour Diesel fiorisce in 10 settimane indoor e all'inizio di novembre all'aperto. Ha una resa moderatamente alta: i coltivatori possono aspettarsi tra 42 e 56 grammi (o tra 1,5 e 2 once) per metro quadrato di pianta. Acquista Sour Diesel online in Danimarca.<\/p>","protected":false},"excerpt":{"rendered":"<p>L'effetto energico e positivo della Sour Diesel rende facile capire perch\u00e9 questa variet\u00e0 sia cos\u00ec popolare negli Stati Uniti<\/p>\n<p>&nbsp;<\/p>","protected":false},"featured_media":713,"comment_status":"open","ping_status":"closed","template":"","meta":{"om_disable_all_campaigns":false,"_monsterinsights_skip_tracking":false,"_monsterinsights_sitenote_active":false,"_monsterinsights_sitenote_note":"","_monsterinsights_sitenote_category":0},"product_brand":[],"product_cat":[126,245,351],"product_tag":[276,324,323,325,326,327,328,329,331,330],"class_list":{"0":"post-712","1":"product","2":"type-product","3":"status-publish","4":"has-post-thumbnail","6":"product_cat-blumen","7":"product_cat-hybrid-sorten","8":"product_cat-marken-cannabis","9":"product_tag-garrison-lane-in-virginia-kaufen","10":"product_tag-kekse-vorverpackt-in-new-york-kaufen","11":"product_tag-keksmischung-online-kaufen-in-maine","12":"product_tag-sour-diesel-in-chicago-kaufen","13":"product_tag-sour-diesel-in-denver-kaufen","14":"product_tag-sour-diesel-in-illinois-kaufen","15":"product_tag-sour-diesel-in-los-angeles-kaufen","16":"product_tag-sour-diesel-in-new-york-kaufen","17":"product_tag-sour-diesel-in-texas-kaufen","18":"product_tag-sour-diesel-kaufen-in-orleans","20":"first","21":"instock","22":"featured","23":"shipping-taxable","24":"purchasable","25":"product-type-variable"},"_links":{"self":[{"href":"https:\/\/caliweedonlineshop.com\/it\/wp-json\/wp\/v2\/product\/712","targetHints":{"allow":["GET"]}}],"collection":[{"href":"https:\/\/caliweedonlineshop.com\/it\/wp-json\/wp\/v2\/product"}],"about":[{"href":"https:\/\/caliweedonlineshop.com\/it\/wp-json\/wp\/v2\/types\/product"}],"replies":[{"embeddable":true,"href":"https:\/\/caliweedonlineshop.com\/it\/wp-json\/wp\/v2\/comments?post=712"}],"wp:featuredmedia":[{"embeddable":true,"href":"https:\/\/caliweedonlineshop.com\/it\/wp-json\/wp\/v2\/media\/713"}],"wp:attachment":[{"href":"https:\/\/caliweedonlineshop.com\/it\/wp-json\/wp\/v2\/media?parent=712"}],"wp:term":[{"taxonomy":"product_brand","embeddable":true,"href":"https:\/\/caliweedonlineshop.com\/it\/wp-json\/wp\/v2\/product_brand?post=712"},{"taxonomy":"product_cat","embeddable":true,"href":"https:\/\/caliweedonlineshop.com\/it\/wp-json\/wp\/v2\/product_cat?post=712"},{"taxonomy":"product_tag","embeddable":true,"href":"https:\/\/caliweedonlineshop.com\/it\/wp-json\/wp\/v2\/product_tag?post=712"}],"curies":[{"name":"wp","href":"https:\/\/api.w.org\/{rel}","templated":true}]}}