{"id":718,"date":"2023-01-14T19:00:03","date_gmt":"2023-01-14T19:00:03","guid":{"rendered":"https:\/\/caliweedonlineshop.com\/?post_type=product&#038;p=718"},"modified":"2023-01-14T19:00:03","modified_gmt":"2023-01-14T19:00:03","slug":"strawberry-kush","status":"publish","type":"product","link":"https:\/\/caliweedonlineshop.com\/it\/product\/strawberry-kush\/","title":{"rendered":"strawberry kush"},"content":{"rendered":"<h1>Acquista Strawberry Kush online<\/h1>\n<p>Acquista Strawberry Kush Online: Strawberry Kush \u00e8 una variet\u00e0 forte e dolce che \u00e8 una signora ben arrotondata. Con il suo sapore muschiato di fragola, questa variet\u00e0 \u00e8 all'altezza del suo lignaggio. Tipicamente un incrocio tra la dolce Strawberry Cough e la pungente OG Kush, la Strawberry Kush \u00e8 forte ma non travolgente. Una variet\u00e0 potente per.<\/p>\n<p>Principianti, \u00e8 una variet\u00e0 sonnolenta che produce una sensazione di corpo pesante e calmante, anche se gli effetti possono variare a seconda del dosaggio e degli utilizzatori. Per i coltivatori, Strawberry Kush \u00e8 disponibile solo come clone e in genere fiorisce tra le 8 e le 9 settimane.<\/p>\n<h2>Acquista Strawberry Kush online<\/h2>\n<p>Acquista Strawberry Kush online. \u00e8 dolce, forte e veramente a tutto tondo. Questa variet\u00e0 giustifica sicuramente il suo lignaggio e racchiude un sapore muschiato di fragola artificiale con un livello di THC del 16 \u2013 18%. Trovata essenzialmente come incrocio tra l'amara OG Kush e la zuccherina Strawberry Cough, di solito \u00e8 forte ma non opprimente. La parentela di questo ceppo varia a seconda del dispensario. Alcuni dispensari offrono pi\u00f9 versioni a predominanza sativa o ibride che producono l'effetto stimolante opposto. Questa variet\u00e0 fiorisce tipicamente in otto-nove settimane ed \u00e8 ottenibile solo attraverso la clonazione. La Strawberry Kush contiene genetiche sativa ed \u00e8 fumata pi\u00f9 come una sativa che come un'indica. Quando accendi quest'erba, riconosci immediatamente gli agrumi, pino e naturalmente fragole. La combinazione fruttata fornisce un gusto pulito e l'effetto di questa erba stimoler\u00e0 una persona mentalmente, lasciandola vigile e pronta all'azione. comprare erba online Europa Strawberry Kush \u00e8 un buon fumo diurno in quanto non ti fa venire sonno. Da un punto di vista medico, aiuta i pazienti con stress e perdita di appetito.<\/p>\n<h3>Informazioni sulla variet\u00e0<\/h3>\n<p>Geneticamente classificata come Sativa (80% Sativa e 20% Indica). Si dice che questa variet\u00e0 sia un incrocio tra la Strawberry Fields e una misteriosa variet\u00e0 Haze della vecchia scuola. Anche se ci sono molte speculazioni su come sia nata questa potente sativa.<\/p>\n<h3>Aroma, gusto e aspetto<\/h3>\n<p>Come suggerisce il nome, l'aroma complessivo della Strawberry Kush \u00e8 per lo pi\u00f9 buono. fragole; ricorda le fresche bacche estive che crescono in un campo di campagna. Alcune sfumature spiccano anche attraverso il profilo del profumo, con sentori di terra e skunk, che potrebbero essere il motivo per cui questa variet\u00e0 di marijuana tende ad essere. causare tosse dopo l'inalazione. Il profumo consuma istantaneamente qualsiasi stanza in cui si trova e rimane a lungo. Anche dopo che i boccioli stessi sono stati chiusi ermeticamente.<br \/>\nIl gusto della Strawberry Banana Kush \u00e8 simile all'aroma, a parte alcune sottili differenze. Il sapore generale \u00e8 ovviamente ricco di fragole fruttate, ma c'\u00e8 anche un sentore di terra da gustare, simile a una bacca colta direttamente dalla terra.<\/p>\n<h5>Effetti<\/h5>\n<p>La Strawberry Kush \u00e8 una variet\u00e0 sativa alquanto complessa, in quanto mostra la stessa energia e portanza di altre variet\u00e0 della stessa categoria, pur essendo molto morbida e rilassante allo stesso tempo.<\/p>\n<p>&nbsp;<\/p>\n<p>&nbsp;<\/p>\n<p>&nbsp;<\/p>","protected":false},"excerpt":{"rendered":"<p>La Strawberry Kush \u00e8 una variet\u00e0 sativa alquanto complessa, che mostra la stessa energia e portanza di altre variet\u00e0 della stessa categoria, pur essendo molto morbida e rilassante allo stesso tempo.<\/p>\n<p>&nbsp;<\/p>","protected":false},"featured_media":719,"comment_status":"open","ping_status":"closed","template":"","meta":{"om_disable_all_campaigns":false,"_monsterinsights_skip_tracking":false,"_monsterinsights_sitenote_active":false,"_monsterinsights_sitenote_note":"","_monsterinsights_sitenote_category":0},"product_brand":[],"product_cat":[126,245],"product_tag":[],"class_list":{"0":"post-718","1":"product","2":"type-product","3":"status-publish","4":"has-post-thumbnail","6":"product_cat-blumen","7":"product_cat-hybrid-sorten","9":"first","10":"instock","11":"shipping-taxable","12":"purchasable","13":"product-type-variable"},"_links":{"self":[{"href":"https:\/\/caliweedonlineshop.com\/it\/wp-json\/wp\/v2\/product\/718","targetHints":{"allow":["GET"]}}],"collection":[{"href":"https:\/\/caliweedonlineshop.com\/it\/wp-json\/wp\/v2\/product"}],"about":[{"href":"https:\/\/caliweedonlineshop.com\/it\/wp-json\/wp\/v2\/types\/product"}],"replies":[{"embeddable":true,"href":"https:\/\/caliweedonlineshop.com\/it\/wp-json\/wp\/v2\/comments?post=718"}],"wp:featuredmedia":[{"embeddable":true,"href":"https:\/\/caliweedonlineshop.com\/it\/wp-json\/wp\/v2\/media\/719"}],"wp:attachment":[{"href":"https:\/\/caliweedonlineshop.com\/it\/wp-json\/wp\/v2\/media?parent=718"}],"wp:term":[{"taxonomy":"product_brand","embeddable":true,"href":"https:\/\/caliweedonlineshop.com\/it\/wp-json\/wp\/v2\/product_brand?post=718"},{"taxonomy":"product_cat","embeddable":true,"href":"https:\/\/caliweedonlineshop.com\/it\/wp-json\/wp\/v2\/product_cat?post=718"},{"taxonomy":"product_tag","embeddable":true,"href":"https:\/\/caliweedonlineshop.com\/it\/wp-json\/wp\/v2\/product_tag?post=718"}],"curies":[{"name":"wp","href":"https:\/\/api.w.org\/{rel}","templated":true}]}}