{"id":724,"date":"2023-01-14T19:05:55","date_gmt":"2023-01-14T19:05:55","guid":{"rendered":"https:\/\/caliweedonlineshop.com\/?post_type=product&#038;p=724"},"modified":"2023-01-14T19:05:55","modified_gmt":"2023-01-14T19:05:55","slug":"wedding-cake","status":"publish","type":"product","link":"https:\/\/caliweedonlineshop.com\/it\/product\/wedding-cake\/","title":{"rendered":"Wedding Cake"},"content":{"rendered":"<h1>Acquista la torta nuziale online<\/h1>\n<p>Acquista la torta nuziale online. Secondo l'allevatore Seed Junky Genetics, la Wedding Cake, nota anche come Pink Cookies, \u00e8 un fenotipo Triangle Mints. Ricco di speziato, terra dolce e pepe, questo delizioso dolcetto prende note e dimensioni<\/p>\n<p>dalla sua parentela OG. Goditi questa doppia dose di densa prelibatezza con cautela, poich\u00e9 alcune fattorie hanno notato i suoi livelli di THC estremamente elevati.<\/p>\n<p>La maggior parte delle persone deve sposarsi per una torta nuziale cos\u00ec buona. Non preoccuparti delle scartoffie, ci pensiamo noi.<\/p>\n<p>La torta nuziale \u00e8 pi\u00f9 di un dolce regalo; \u00e8 un ibrido equilibrato che eccita i sensi. La Wedding Cake, conosciuta anche come Pink Cookies, \u00e8 un delizioso incrocio tra Cherry Pie e Girl Scout Cookies. Se non conosci ancora nessuno di questi, allora dovresti partecipare alla prossima serata dei genitori.<\/p>\n<h2>Acquista la torta nuziale online<\/h2>\n<p>Pink Cookies \u00e8 un ibrido discendente dalla linea Girl Scout Cookies in termini di struttura delle cime. I boccioli densi sono fitti e ricoperti di peli arancioni. Uno sguardo al bocciolo e capisci che si tratta di una variet\u00e0 di altissima qualit\u00e0.<\/p>\n<p>Se la cannabis avesse un sapore da hall of fame, la torta nuziale sarebbe senza dubbio l\u00ec. La variet\u00e0 ha preso il nome dal suo sapore unico che ricorda pi\u00f9 un dessert che la cannabis. Un forte aroma fruttato e dolce avvolge la lingua fin dalla prima boccata. Il fumo contiene anche un vago accenno di pepe terroso, ma non corrisponde del tutto ai sapori dominanti. Alcuni consumatori potrebbero trovare il fumo un po' aspro, ma il sapore e la consistenza compensano eventuali aspetti negativi.<\/p>\n<h3>Effetti torta nuziale + vantaggi<\/h3>\n<p>Wedding Cake \u00e8 una variet\u00e0 un po' ingannevole. Alcuni la percepiscono pi\u00f9 come una furtiva, mentre altri notano immediatamente il fantasma. Pink Cookies \u00e8 un moment booster nella sua forma pi\u00f9 pura. Dall'inizio dell'intossicazione, la risposta dei sensi agli stimoli si intensifica. Una passeggiata serale in un parco diventa un'esperienza pi\u00f9 ricca. Si possono notare le foglie che cadono dolcemente dagli alberi mentre si avvicina l'inverno. O i motivi dei fiori e il modo in cui reagiscono al sole al tramonto color ambra. Potresti anche sentire il dolce profumo di un piccolo cespuglio di mirtilli nascosto dietro una quercia a 20 metri di distanza.<\/p>\n<p>Qualunque sia l'ambientazione, Wedding Cake ha un profondo effetto sui sensi.<\/p>\n<p>Come accennato in precedenza, Pink Cookies ha un potenziale stato di creep. Ma una volta che lo sballo inizia, il lignaggio indica diventa ovvio. La sedazione permea il corpo, alleviando la tensione e rilassando i muscoli rigidi. Lo sballo fisico unito alla stimolazione cerebrale produce uno stato euforico che dura un paio d'ore. Gli utenti tendono a godere di attivit\u00e0 che attivano mentalmente come B. risolvere enigmi, suonare musica, disegnare o leggere.<\/p>\n<p>Tuttavia, \u00e8 possibile avere troppo di una cosa buona. Una dose elevata di torta nuziale pu\u00f2 indurre uno stato di sonnolenza.<\/p>\n<p>Pink Cookie allevia i sintomi del disturbo da stress post-traumatico. A parte il disturbo da stress post-traumatico, il ceppo ad alte dosi riduce il dolore cronico, l'infiammazione e l'insonnia. https:\/\/greensulotionweed.com\/product\/buy-purple-punch-online-uk\/<\/p>\n<p>Se nella tua scorta manca una variet\u00e0 saporita di prima qualit\u00e0, allora d\u00ec I Do to Wedding Cake. Non tutti i matrimoni sono fatti per durare, ma l'amore a prima vista \u00e8 un'altra storia. https:\/\/greensulotionweed.com\/product\/buy-cbd-brownies-in-us\/<\/p>\n<p>Bis zu 23-25% THC<\/p>\n<p>&nbsp;<\/p>\n<p>Geschm\u00e4cker: S\u00fc\u00df, erdig, Vanille<\/p>\n<p>Wirkungen: Entspannend, Gl\u00fccklich, Euphorisch, Erhebend, Kreativ<\/p>\n<p>Benefici medicinali: stress, depressione, dolore, insonnia, perdita di appetito<\/p>","protected":false},"excerpt":{"rendered":"<p>Pink Cookies \u00e8 un ibrido che riprende l'aspetto della linea Girl Scout Cookies in termini di struttura delle cime.<br \/>\nI boccioli densi sono fitti e ricoperti di peli arancioni. Uno sguardo al bocciolo e sai che \u00e8 una variet\u00e0 di prim'ordine.<\/p>","protected":false},"featured_media":725,"comment_status":"open","ping_status":"closed","template":"","meta":{"om_disable_all_campaigns":false,"_monsterinsights_skip_tracking":false,"_monsterinsights_sitenote_active":false,"_monsterinsights_sitenote_note":"","_monsterinsights_sitenote_category":0},"product_brand":[],"product_cat":[126,245],"product_tag":[],"class_list":{"0":"post-724","1":"product","2":"type-product","3":"status-publish","4":"has-post-thumbnail","6":"product_cat-blumen","7":"product_cat-hybrid-sorten","9":"first","10":"instock","11":"shipping-taxable","12":"purchasable","13":"product-type-variable"},"_links":{"self":[{"href":"https:\/\/caliweedonlineshop.com\/it\/wp-json\/wp\/v2\/product\/724","targetHints":{"allow":["GET"]}}],"collection":[{"href":"https:\/\/caliweedonlineshop.com\/it\/wp-json\/wp\/v2\/product"}],"about":[{"href":"https:\/\/caliweedonlineshop.com\/it\/wp-json\/wp\/v2\/types\/product"}],"replies":[{"embeddable":true,"href":"https:\/\/caliweedonlineshop.com\/it\/wp-json\/wp\/v2\/comments?post=724"}],"wp:featuredmedia":[{"embeddable":true,"href":"https:\/\/caliweedonlineshop.com\/it\/wp-json\/wp\/v2\/media\/725"}],"wp:attachment":[{"href":"https:\/\/caliweedonlineshop.com\/it\/wp-json\/wp\/v2\/media?parent=724"}],"wp:term":[{"taxonomy":"product_brand","embeddable":true,"href":"https:\/\/caliweedonlineshop.com\/it\/wp-json\/wp\/v2\/product_brand?post=724"},{"taxonomy":"product_cat","embeddable":true,"href":"https:\/\/caliweedonlineshop.com\/it\/wp-json\/wp\/v2\/product_cat?post=724"},{"taxonomy":"product_tag","embeddable":true,"href":"https:\/\/caliweedonlineshop.com\/it\/wp-json\/wp\/v2\/product_tag?post=724"}],"curies":[{"name":"wp","href":"https:\/\/api.w.org\/{rel}","templated":true}]}}