{"id":736,"date":"2023-01-14T19:17:05","date_gmt":"2023-01-14T19:17:05","guid":{"rendered":"https:\/\/caliweedonlineshop.com\/?post_type=product&#038;p=736"},"modified":"2023-01-16T07:01:30","modified_gmt":"2023-01-16T07:01:30","slug":"white-cherry-gelato-2","status":"publish","type":"product","link":"https:\/\/caliweedonlineshop.com\/it\/product\/white-cherry-gelato-2\/","title":{"rendered":"white cherry gelato"},"content":{"rendered":"<h1>Acquista il gelato alla ciliegia bianca in Australia<\/h1>\n<p>Acquista gelato alla ciliegia bianca in Australia. che ha guadagnato popolarit\u00e0 negli ultimi anni. Con il loro profumo e sapore di burro di arachidi. La maggior parte dei fumatori ha ammirato e consigliato la variet\u00e0 White Cherry Gelato. Con un tale gusto, non sarai mai soddisfatto del tuo dosaggio. La White Cherry Gelato \u00e8 anche un'altra grande variet\u00e0 della famiglia Cherry. Non \u00e8 esagerato affermare che \u00e8 una delle migliori variet\u00e0 ibride\/esotiche. Come suggerisce il nome, questa variet\u00e0 ha un sapore dolce, simile a un sorbetto, che ricorda sempre il bianco e i mirtilli. Ha anche un sapore legnoso. Acquista Gelato alla Ciliegia Bianca online. Acquista funghi magici cubani online.<\/p>\n<p>Questa variet\u00e0 discende dal lignaggio di Sunset Sorbet, Thin Mint Girl Scout Cookies e Lemon Haze. Pertanto, il loro gusto e odore sono cos\u00ec vari e deliziosi. Che variet\u00e0 meravigliosa con cos\u00ec tante belle propriet\u00e0. Acquista Pluto Cookies<\/p>\n<h2>White Cherry Gelato in Australien kaufen<\/h2>\n<p>Acquista gelato alla ciliegia bianca in Australia. Se coltivato in condizioni favorevoli, un lotto di White Cherry Gelato Nuggets produrr\u00e0 un verde intenso. Si alleggeriscono verso il gambo in punta e presentano una leggera tricomizzazione. La White Cherry Gelato ha un livello di THC di circa il 23-25%. Con livelli di THC cos\u00ec alti, questa variet\u00e0 \u00e8 nota per essere utilizzata per risolvere molti problemi di salute. Questi problemi di salute che si risolvono fumando Lemon Cherry Gelato includono mal di testa, dolori muscolari e affaticamento. Acquista White Runtz a Seattle Aiuta anche a concedersi relax, calma e pace quando lo provi. comprare i biscotti chapo<\/p>\n<p>Name der Sorte: White Cherry Gelato.<\/p>\n<p>Geschm\u00e4cker: Zitrone, Zitrusfr\u00fcchte, S\u00fc\u00df.<\/p>\n<p>Wirkungen: Gl\u00fccklich, Aufgeputscht, Euphorisch, Energetisch, Entspannend. MoneyBagg Runtz in Dammam kaufen<\/p>\n<p>Medizinische Anwendungen Stress, Depression, Schmerz, M\u00fcdigkeit, Kopfschmerzen. Big Mex Magic Mushroom Online USA.<\/p>\n<p>Acquista White Cherry Gelato Dopo aver letto tutto questo su questa meravigliosa variet\u00e0, perch\u00e9 non provarla? S\u00ec, certo, dai un'occhiata alle cime e prendi te stesso. <a href=\"https:\/\/caliweedonlineshop.com\/it\/\">Wo kann man in Europa Gras online kaufen<\/a>?<\/p>\n<p>&nbsp;<\/p>\n<p>&nbsp;<\/p>\n<p>&nbsp;<\/p>","protected":false},"excerpt":{"rendered":"<p>Se coltivata in condizioni favorevoli, un lotto di White Cherry Gelato produrr\u00e0 cime verde intenso. Alle loro punte che si schiariscono verso lo stelo e una leggera impollinazione di tricomi. La White Cherry Gelato ha un livello di THC di circa il 23-25%. Con livelli di THC cos\u00ec alti, questa variet\u00e0 \u00e8 nota per essere utilizzata per risolvere molti problemi di salute<\/p>\n<p>&nbsp;<\/p>","protected":false},"featured_media":737,"comment_status":"open","ping_status":"closed","template":"","meta":{"om_disable_all_campaigns":false,"_monsterinsights_skip_tracking":false,"_monsterinsights_sitenote_active":false,"_monsterinsights_sitenote_note":"","_monsterinsights_sitenote_category":0},"product_brand":[],"product_cat":[126,245,351],"product_tag":[],"class_list":{"0":"post-736","1":"product","2":"type-product","3":"status-publish","4":"has-post-thumbnail","6":"product_cat-blumen","7":"product_cat-hybrid-sorten","8":"product_cat-marken-cannabis","10":"first","11":"instock","12":"featured","13":"shipping-taxable","14":"purchasable","15":"product-type-variable"},"_links":{"self":[{"href":"https:\/\/caliweedonlineshop.com\/it\/wp-json\/wp\/v2\/product\/736","targetHints":{"allow":["GET"]}}],"collection":[{"href":"https:\/\/caliweedonlineshop.com\/it\/wp-json\/wp\/v2\/product"}],"about":[{"href":"https:\/\/caliweedonlineshop.com\/it\/wp-json\/wp\/v2\/types\/product"}],"replies":[{"embeddable":true,"href":"https:\/\/caliweedonlineshop.com\/it\/wp-json\/wp\/v2\/comments?post=736"}],"wp:featuredmedia":[{"embeddable":true,"href":"https:\/\/caliweedonlineshop.com\/it\/wp-json\/wp\/v2\/media\/737"}],"wp:attachment":[{"href":"https:\/\/caliweedonlineshop.com\/it\/wp-json\/wp\/v2\/media?parent=736"}],"wp:term":[{"taxonomy":"product_brand","embeddable":true,"href":"https:\/\/caliweedonlineshop.com\/it\/wp-json\/wp\/v2\/product_brand?post=736"},{"taxonomy":"product_cat","embeddable":true,"href":"https:\/\/caliweedonlineshop.com\/it\/wp-json\/wp\/v2\/product_cat?post=736"},{"taxonomy":"product_tag","embeddable":true,"href":"https:\/\/caliweedonlineshop.com\/it\/wp-json\/wp\/v2\/product_tag?post=736"}],"curies":[{"name":"wp","href":"https:\/\/api.w.org\/{rel}","templated":true}]}}