{"id":748,"date":"2023-01-14T19:24:15","date_gmt":"2023-01-14T19:24:15","guid":{"rendered":"https:\/\/caliweedonlineshop.com\/?post_type=product&#038;p=748"},"modified":"2026-04-02T04:39:44","modified_gmt":"2026-04-02T04:39:44","slug":"your-highness","status":"publish","type":"product","link":"https:\/\/caliweedonlineshop.com\/it\/product\/your-highness\/","title":{"rendered":"your highness"},"content":{"rendered":"<h1>Acquista la variet\u00e0 di marijuana di Sua Altezza in Georgia<\/h1>\n<p>Acquista la variet\u00e0 di marijuana di tua altezza in Georgia. La Royal Highness \u00e8 una variet\u00e0 pluripremiata della Royal Queen Seeds, il culmine di due variet\u00e0 molto ricercate. Spazza la stanza con uno sballo cerebrale, offrendo sapori cos\u00ec brillanti che li desidererai ardentemente tra un tiro e l'altro. Questo ibrido a predominanza sativa, che ha ottenuto il 3\u00b0 posto nella competizione Colorado Cannabis Cup 2016 per il miglior fiore di CBD, \u00e8 altrettanto potente e potente dei suoi iconici genitori, Dance Hall e Respect. Acquista funghi magici cubani online.<\/p>\n<p>Con un contenuto di THC di circa il 14%, questo sballo \u00e8 bilanciato tra le sue qualit\u00e0 rilassanti e la sua capacit\u00e0 di stimolare la mente. Queste pepite verde bosco offrono un dolce profumo di frutta e terra con un leggero accenno di puzzola, mentre il palato si affida maggiormente ai sapori di mirtillo con sfumature dolci di frutti d'albero. Le ricche sfumature viola e la glassa piena di tricomi di lavanda fanno apparire questo bocciolo tanto fruttato quanto profumato.compra Lpsc X Km 24<\/p>\n<h2>Acquista la variet\u00e0 di marijuana di Sua Altezza in Georgia<\/h2>","protected":false},"excerpt":{"rendered":"<p>La Royal Highness \u00e8 una gemma pluripremiata della Royal Queen Seeds che spazza la stanza con uno sballo cerebrale, offrendo sapori cos\u00ec brillanti che li desidererai ardentemente tra un tiro e l'altro.<\/p>\n<p>&nbsp;<\/p>","protected":false},"featured_media":749,"comment_status":"open","ping_status":"closed","template":"","meta":{"om_disable_all_campaigns":false,"_monsterinsights_skip_tracking":false,"_monsterinsights_sitenote_active":false,"_monsterinsights_sitenote_note":"","_monsterinsights_sitenote_category":0},"product_brand":[],"product_cat":[126,245,351],"product_tag":[202,343,344,347,348,349,350,345,346],"class_list":{"0":"post-748","1":"product","2":"type-product","3":"status-publish","4":"has-post-thumbnail","6":"product_cat-blumen","7":"product_cat-hybrid-sorten","8":"product_cat-marken-cannabis","9":"product_tag-alice-brownies-online-kaufen-in-new-york","10":"product_tag-banana-kush-online-kaufen-in-los-angeles","11":"product_tag-kaufen-banana-kush-online-in-philadelphia","12":"product_tag-kaufen-sie-ihre-hoheit-in-deutschland","13":"product_tag-kaufen-sie-ihre-hoheit-in-polen","14":"product_tag-kaufen-sie-ihre-hoheit-in-spanien","15":"product_tag-kaufen-sie-ihre-hoheit-in-stockton","16":"product_tag-kaufen-sie-your-highness-in-europa","17":"product_tag-kaufen-sie-your-highness-in-frankreich","19":"first","20":"instock","21":"featured","22":"shipping-taxable","23":"purchasable","24":"product-type-variable"},"_links":{"self":[{"href":"https:\/\/caliweedonlineshop.com\/it\/wp-json\/wp\/v2\/product\/748","targetHints":{"allow":["GET"]}}],"collection":[{"href":"https:\/\/caliweedonlineshop.com\/it\/wp-json\/wp\/v2\/product"}],"about":[{"href":"https:\/\/caliweedonlineshop.com\/it\/wp-json\/wp\/v2\/types\/product"}],"replies":[{"embeddable":true,"href":"https:\/\/caliweedonlineshop.com\/it\/wp-json\/wp\/v2\/comments?post=748"}],"wp:featuredmedia":[{"embeddable":true,"href":"https:\/\/caliweedonlineshop.com\/it\/wp-json\/wp\/v2\/media\/749"}],"wp:attachment":[{"href":"https:\/\/caliweedonlineshop.com\/it\/wp-json\/wp\/v2\/media?parent=748"}],"wp:term":[{"taxonomy":"product_brand","embeddable":true,"href":"https:\/\/caliweedonlineshop.com\/it\/wp-json\/wp\/v2\/product_brand?post=748"},{"taxonomy":"product_cat","embeddable":true,"href":"https:\/\/caliweedonlineshop.com\/it\/wp-json\/wp\/v2\/product_cat?post=748"},{"taxonomy":"product_tag","embeddable":true,"href":"https:\/\/caliweedonlineshop.com\/it\/wp-json\/wp\/v2\/product_tag?post=748"}],"curies":[{"name":"wp","href":"https:\/\/api.w.org\/{rel}","templated":true}]}}