{"id":78,"date":"2022-11-30T13:44:02","date_gmt":"2022-11-30T13:44:02","guid":{"rendered":"https:\/\/caliweedonlineshop.com\/?post_type=product&#038;p=78"},"modified":"2022-11-30T13:44:22","modified_gmt":"2022-11-30T13:44:22","slug":"bubba-kush","status":"publish","type":"product","link":"https:\/\/caliweedonlineshop.com\/it\/product\/bubba-kush\/","title":{"rendered":"BUBBA KUSH"},"content":{"rendered":"<p>bubba kush \u00e8 una variet\u00e0 indica nota per i suoi forti effetti sedativi negli Stati Uniti e altrove. All'espirazione, dolci sapori di hashish con sottili note di cioccolato e caff\u00e8 deliziano il palato mentre il potente rilassamento prende il sopravvento. I muscoli si allentano con la pesantezza dalla testa ai piedi mentre l'euforia sognante ricopre la mente, schiacciando lo stress mentre costringe gli stati d'animo felici. Controlla ora il prezzo di bubba kush<\/p>\n<p>La statura tozza della pianta di Bubba e la struttura voluminosa delle cime indicano un'ascendenza afgana, ma le origini genetiche sono sconosciute. Secondo l'allevatore da cui prende il nome questa variet\u00e0, \u00e8 apparsa poco dopo il 1996, quando un ibrido OG Kush ha impollinato una variet\u00e0 indica sconosciuta ottenuta a New Orleans. Si diceva che l'aurora boreale fosse la pianta madre, ma l'indica geneticamente ambigua era semplicemente chiamata \"Bubba\". il prezzo di bubba kush era conveniente<\/p>\n<p>La storia genetica di questa variet\u00e0 pu\u00f2 essere fatta risalire alle montagne dell'Hindu Kush, ma la sua storia completa \u00e8 quasi sconosciuta a causa della scarsa documentazione. \u00c8 indica al 100 percento, puoi aspettarti uno sballo corporeo rilassante che ti far\u00e0 bloccare sul divano. Molti pazienti preferiscono questa variet\u00e0 perch\u00e9 pu\u00f2 aiutare con insonnia, depressione, stress e\/o ADD\/ADHD.<\/p>\n<p>Bubba Kush, noto anche come \"BK\", \"Bubba\" e \"Bubba OG Kush\" \u00e8 una variet\u00e0 di marijuana indica che ha guadagnato notoriet\u00e0 negli Stati Uniti e oltre per i suoi pesanti effetti tranquillanti. Sapori dolci di hashish con sottili note di cioccolato e caff\u00e8 emergono all'espirazione, deliziando il palato mentre il potente rilassamento prende il sopravvento. Dalla testa ai piedi, i muscoli si rilassano con la pesantezza mentre l'euforia sognante ricopre la mente, schiacciando lo stress e portando stati d'animo felici. Bubba Kush mostra una struttura distintiva e voluminosa delle cime con sfumature che vanno dal verde foresta al viola pallido.<\/p>","protected":false},"excerpt":{"rendered":"<p>Se stai cercando un fumo dolce che ti rilassi, la bubba kush \u00e8 la variet\u00e0 che fa per te, il prezzo della bubba kush \u00e8 alla portata di tutti. La storia genetica di questa variet\u00e0 pu\u00f2 essere fatta risalire alle montagne dell'Hindu Kush, ma la sua storia completa \u00e8 quasi sconosciuta a causa della scarsa documentazione. \u00e8 indica al 100%, puoi aspettarti uno sballo corporeo rilassante che ti far\u00e0 bloccare sul divano. Molti pazienti preferiscono questa variet\u00e0 perch\u00e9 il prezzo della bubba kush \u00e8 conveniente, pu\u00f2 aiutare con insonnia, depressione, stress e\/o ADD\/ADHD. Sebbene possa aiutare con una variet\u00e0 di disturbi, non \u00e8 raccomandato per l'uso durante il giorno, a meno che tu non abbia intenzione di dormire tutto il giorno. Quando la fumi, sarai accolto con un sapore terroso e dolce, oltre a un profumo di pino. ha boccioli verde brillante e viola ricoperti di peli ambrati. A causa dell'abbondanza di tricomi,<\/p>","protected":false},"featured_media":79,"comment_status":"open","ping_status":"closed","template":"","meta":{"om_disable_all_campaigns":false,"_monsterinsights_skip_tracking":false,"_monsterinsights_sitenote_active":false,"_monsterinsights_sitenote_note":"","_monsterinsights_sitenote_category":0},"product_brand":[],"product_cat":[21],"product_tag":[22,23,24,25,26,27,28,29,30,31,32,33,34,35,36,37,38,39,40,41,42,43,44,45,46,47,48,49,50,51,52,53,54,55,56,57,58,59,60,61,62,63,64],"class_list":{"0":"post-78","1":"product","2":"type-product","3":"status-publish","4":"has-post-thumbnail","6":"product_cat-indica-strains","7":"product_tag-american-weed-shop-uk-delivery","8":"product_tag-best-bubba-strains","9":"product_tag-bubba-kush-37","10":"product_tag-bubba-kush-cbd","11":"product_tag-bubba-kush-delta-8","12":"product_tag-bubba-kush-near-me","13":"product_tag-bubba-kush-og","14":"product_tag-bubba-kush-pictures","15":"product_tag-bubba-kush-price","16":"product_tag-bubba-kush-price-per-ounce","17":"product_tag-bubba-kush-seedsman","18":"product_tag-buy-weed-online-in-britain","19":"product_tag-buy-weed-online-in-croatia","20":"product_tag-buy-weed-online-in-european-union","21":"product_tag-buy-weed-uk","22":"product_tag-cannabis-delivery-service-uk","23":"product_tag-cannabis-delivery-uk","24":"product_tag-cannabis-for-sale-uk","25":"product_tag-cannabis-for-sale-uk-delivery","26":"product_tag-cannabis-online-uk","27":"product_tag-cannabis-uk-delivery","28":"product_tag-g4-strain","29":"product_tag-get-medical-cannabis-online-uk","30":"product_tag-gg14-strain","31":"product_tag-how-many-bubba-strains-are-there","32":"product_tag-how-much-is-a-quarter-of-bubba-kush","33":"product_tag-marijuana-uk-buy","34":"product_tag-medical-cannabis-uk-delivery","35":"product_tag-order-cannabis-online-in-china","36":"product_tag-order-marijuana-online-uk","37":"product_tag-order-weed-online-in-australia","38":"product_tag-order-weed-online-in-denmark","39":"product_tag-order-weed-online-uk","40":"product_tag-platinum-bubba-kush","41":"product_tag-platinum-bubba-strain","42":"product_tag-platinum-kush-strain","43":"product_tag-purchase-weed-online-in-belgium","44":"product_tag-weed-delivery-uk","45":"product_tag-weed-for-sale-uk","46":"product_tag-weed-online-uk","47":"product_tag-weed-shop-london-uk","48":"product_tag-weed-shop-online-uk","49":"product_tag-weed-shop-uk","51":"first","52":"instock","53":"sale","54":"shipping-taxable","55":"purchasable","56":"product-type-simple"},"_links":{"self":[{"href":"https:\/\/caliweedonlineshop.com\/it\/wp-json\/wp\/v2\/product\/78","targetHints":{"allow":["GET"]}}],"collection":[{"href":"https:\/\/caliweedonlineshop.com\/it\/wp-json\/wp\/v2\/product"}],"about":[{"href":"https:\/\/caliweedonlineshop.com\/it\/wp-json\/wp\/v2\/types\/product"}],"replies":[{"embeddable":true,"href":"https:\/\/caliweedonlineshop.com\/it\/wp-json\/wp\/v2\/comments?post=78"}],"wp:featuredmedia":[{"embeddable":true,"href":"https:\/\/caliweedonlineshop.com\/it\/wp-json\/wp\/v2\/media\/79"}],"wp:attachment":[{"href":"https:\/\/caliweedonlineshop.com\/it\/wp-json\/wp\/v2\/media?parent=78"}],"wp:term":[{"taxonomy":"product_brand","embeddable":true,"href":"https:\/\/caliweedonlineshop.com\/it\/wp-json\/wp\/v2\/product_brand?post=78"},{"taxonomy":"product_cat","embeddable":true,"href":"https:\/\/caliweedonlineshop.com\/it\/wp-json\/wp\/v2\/product_cat?post=78"},{"taxonomy":"product_tag","embeddable":true,"href":"https:\/\/caliweedonlineshop.com\/it\/wp-json\/wp\/v2\/product_tag?post=78"}],"curies":[{"name":"wp","href":"https:\/\/api.w.org\/{rel}","templated":true}]}}