{"id":781,"date":"2023-01-16T07:55:30","date_gmt":"2023-01-16T07:55:30","guid":{"rendered":"https:\/\/caliweedonlineshop.com\/?post_type=product&#038;p=781"},"modified":"2023-01-16T07:55:31","modified_gmt":"2023-01-16T07:55:31","slug":"la-kush-cake-jungleboy-bestellen","status":"publish","type":"product","link":"https:\/\/caliweedonlineshop.com\/it\/product\/la-kush-cake-jungleboy-bestellen\/","title":{"rendered":"LA Kush Cake Jungleboy bestellen"},"content":{"rendered":"<h1>Ordina LA Kush Cake Jungleboy nel Delaware<\/h1>\n<p>Ordina LA Kush Cake Jungleboys nel Delaware. Jungleboys Dispensary Near Me Buy LA Kush Cake Jungleboys Dopo oltre un decennio di coltivazione di cannabis, l'unica cosa che \u00e8 cambiata \u00e8 la struttura in cui coltiviamo. Agricoltori purosangue di Los Angeles, i Jungleboys coltivano cime pulite e di qualit\u00e0 dall'inizio degli anni 2000 e si sono recentemente specializzati in estratti e colofonia. La nostra missione \u00e8 semplice: ricercare e perfezionare la cannabis attraverso pratiche artigianali che rispettano e onorano la pianta. Attraverso questo semplice metodo, siamo in grado di fornire ai nostri pazienti la medicina che meritano e di cui possono godere. Ordina LA Kush Cake Jungleboys in Delaware Acquista Florida Cake Jungleboys.<\/p>\n<p>Jungle Cake, a volte indicata come CAKE (i nomi sono letteralmente intercambiabili), \u00e8 una variet\u00e0 di marijuana dolce e pietrosa con un nome che si abbina al suo effetto edificante e al suo gustoso profilo aromatico. Compra Florida Cake Jungle Boys. Compra MoneyBagg Runtz<br \/>\nIn primo luogo, i consumatori di cannabis adorano la torta della giungla per la sua capacit\u00e0 di trasformare i momenti aspri in qualcosa di bello, poich\u00e9 le capacit\u00e0 di alterare l'umore di questa variet\u00e0 sono potenti, cos\u00ec come le sue capacit\u00e0 di guarire il corpo. Agisce come una medicina equilibrata, ideale soprattutto la sera o pi\u00f9 tardi, dopo il lavoro, quando questa variet\u00e0 di cannabis ibrida pu\u00f2 dare il meglio di s\u00e9. Acquista semi di Kush afgana online<\/p>\n<p>Anche la creazione specifica di questa razza \u00e8 stata la modifica di uno dei preferiti dai fan, Girl Scout Cookies. consegna giungla torta jungleboys acquisto torta giungla jungleboys ordine Florida torta Jungleboys. Ordina LA Kush Cake Jungleboys nel Delaware<\/p>\n<p>Dispensario Jungleboys vicino a me. Compra Peach Kobbler Runtz<\/p>\n<p>Consiglierei di consumare Gelato #33 dopo il lavoro poich\u00e9 questa variet\u00e0 rilassa il tuo corpo ma il tuo cervello pu\u00f2 rallentare un po' quando viene medicato. Non consiglierei questa variet\u00e0 se avete cose importanti nella vostra agenda, ma questa variet\u00e0 porta un senso di positivit\u00e0, che la rende ottima per film comici, cabaret o con amici intimi che non si assumono la responsabilit\u00e0 di \u00e8 notte Compra Florida Cake Jungle Boys<\/p>","protected":false},"excerpt":{"rendered":"<p>Jungle Cake, a volte indicata come CAKE (i nomi sono letteralmente intercambiabili), \u00e8 una variet\u00e0 di marijuana dolce e pietrosa con un nome che si abbina ai suoi effetti edificanti e al gustoso profilo aromatico.<\/p>\n<p>&nbsp;<\/p>","protected":false},"featured_media":782,"comment_status":"open","ping_status":"closed","template":"","meta":{"om_disable_all_campaigns":false,"_monsterinsights_skip_tracking":false,"_monsterinsights_sitenote_active":false,"_monsterinsights_sitenote_note":"","_monsterinsights_sitenote_category":0},"product_brand":[],"product_cat":[126,352],"product_tag":[],"class_list":{"0":"post-781","1":"product","2":"type-product","3":"status-publish","4":"has-post-thumbnail","6":"product_cat-blumen","7":"product_cat-dschungeljungen","9":"first","10":"instock","11":"shipping-taxable","12":"purchasable","13":"product-type-simple"},"_links":{"self":[{"href":"https:\/\/caliweedonlineshop.com\/it\/wp-json\/wp\/v2\/product\/781","targetHints":{"allow":["GET"]}}],"collection":[{"href":"https:\/\/caliweedonlineshop.com\/it\/wp-json\/wp\/v2\/product"}],"about":[{"href":"https:\/\/caliweedonlineshop.com\/it\/wp-json\/wp\/v2\/types\/product"}],"replies":[{"embeddable":true,"href":"https:\/\/caliweedonlineshop.com\/it\/wp-json\/wp\/v2\/comments?post=781"}],"wp:featuredmedia":[{"embeddable":true,"href":"https:\/\/caliweedonlineshop.com\/it\/wp-json\/wp\/v2\/media\/782"}],"wp:attachment":[{"href":"https:\/\/caliweedonlineshop.com\/it\/wp-json\/wp\/v2\/media?parent=781"}],"wp:term":[{"taxonomy":"product_brand","embeddable":true,"href":"https:\/\/caliweedonlineshop.com\/it\/wp-json\/wp\/v2\/product_brand?post=781"},{"taxonomy":"product_cat","embeddable":true,"href":"https:\/\/caliweedonlineshop.com\/it\/wp-json\/wp\/v2\/product_cat?post=781"},{"taxonomy":"product_tag","embeddable":true,"href":"https:\/\/caliweedonlineshop.com\/it\/wp-json\/wp\/v2\/product_tag?post=781"}],"curies":[{"name":"wp","href":"https:\/\/api.w.org\/{rel}","templated":true}]}}