{"id":794,"date":"2023-01-16T08:15:02","date_gmt":"2023-01-16T08:15:02","guid":{"rendered":"https:\/\/caliweedonlineshop.com\/?post_type=product&#038;p=794"},"modified":"2023-01-16T08:15:35","modified_gmt":"2023-01-16T08:15:35","slug":"kurupt-moon-rock","status":"publish","type":"product","link":"https:\/\/caliweedonlineshop.com\/it\/product\/kurupt-moon-rock\/","title":{"rendered":"Kurupt Moon Rock"},"content":{"rendered":"<h1>Acquista Moonrocks online in Europa<\/h1>\n<p>Acquista online Moonrocks Europe, un tipo di marijuana, non proviene da un ceppo specifico di cannabis ma \u00e8 una combinazione di un potente ceppo di cannabis noto come Girl Scout Cookies che viene immerso nell'olio di hashish e cosparso di kief (resine delle piante di cannabis). Ci\u00f2 porta ad un notevole aumento del principio attivo della cannabis, il delta-9-tetraidrocannabinolo (THC). Acquista Moonrocks online in Europa. Compra Gruntz nel Connecticut<\/p>\n<p>Secondo la Substance Abuse and Mental Health Services Administration (SAMHSA), anche il termine moonrocks pu\u00f2. Si riferisce a una gamma di cannabinoidi sintetici. Sostanze chimiche prodotte in laboratorio che vengono spruzzate su materiale vegetale e destinate al fumo. Come alternative legali ai prodotti a base di marijuana. ACQUISTA I PACCHETTI JUNGLEBOYS ONLINE alle Hawaii<\/p>\n<p>Acquista pietre lunari online in Germania. Acquista Cannabis Wax Online Vendi marijuana in Inghilterra compra erba a Berlino. comprare pietre lunari Acquista OG Kush online. Acquista i biscotti Pluto online<\/p>\n<h2>Acquista Moonrocks online in Europa<\/h2>\n<p>Entrambe le sostanze sono potenzialmente pericolose. L'inalazione di Moon Rocks produce un sapore di kief estremamente piacevole e ricco di terpeni che ti far\u00e0 dire: \"Woooo, \u00e8 delizioso.\" Le nuvole di fumo prodotte sono super grandi e piene, rendendo ogni boccata quasi un'esperienza a s\u00e9 stante. Compra la torta di ciliegie<\/p>\n<p>E l'intossicazione? Oh amico, oh amico, non farmi nemmeno iniziare in alto. Lo sballo di Moon Rocks inizia nella testa e alla fine si diffonde in tutto il corpo fino alle dita dei piedi. Lo sballo di Moon Rocks \u00e8 uno di quegli alti lenti che senti all'inizio, ma 30 minuti dopo ti rendi conto di aver raggiunto la vetta di una montagna che potresti non essere pronto a scalare. Ho fumato il mio grammo di Moon Rocks intorno alle 17:00 e quando mi sono svegliato alle 7:00 del mattino successivo ero ancora su Marte in attesa del treno per tornare sulla Terra. Acquista pietre lunari online in Germania. Acquista Cannabis Wax Online Marijuana in vendita in Inghilterra.<\/p>\n<h3>Sebbene i Moon Rocks siano generalmente realizzati con fiori GSC e\/o concentrato GSC, puoi creare i tuoi Moon Rocks come preferisci. Tutto ci\u00f2 di cui hai bisogno \u00e8 quanto segue:<\/h3>\n<p>La tua variet\u00e0\/fiore preferito<br \/>\nIl tuo concentrato\/olio di hashish preferito<br \/>\nUna grande ciotola di kief dal fondo del macinino<br \/>\nUn paio di pinze (o qualsiasi dispositivo di presa\/trazione). Acquista Moonrocks online in Europa<br \/>\nUn contagocce liquido<br \/>\nPassaggio 1: prendi un bocciolo o due del tuo bocciolo\/fiore preferito. Suggerisco di usare una delle cime pi\u00f9 dense in quanto terr\u00e0 insieme meglio il cocktail di cannabis finale. Passaggio 2: prendi il tuo concentrato preferito. Se \u00e8 molto denso e difficile da maneggiare, scaldalo finch\u00e9 non diventa un po' liquido, quindi usa un gocciolatore che ti permetta di coprire completamente le cime senza doverlo immergere nel concentrato. (Una saturazione eccessiva delle cime potrebbe comportare tempi di asciugatura pi\u00f9 lunghi e difficolt\u00e0 di illuminazione). Acquista Moonrocks online Europa Passaggio 3: afferra il bocciolo con le pinze e arrotolalo nel kief finch\u00e9 l'intera cima non \u00e8 ricoperta di bont\u00e0 cristallina.<\/p>","protected":false},"excerpt":{"rendered":"<p>Acquista moonrocks online, Dr. Lo stelo Zodiak moonrock della farmacia \u00e8 il bocciolo pi\u00f9 forte che tu abbia mai trovato nella tua galassia, acquista Zodiak moonrock chiaro. \u2026.dove acquistare moonrocks online irlanda.dove acquistare moonrocks online germania.<\/p>\n<p>&nbsp;<\/p>","protected":false},"featured_media":795,"comment_status":"open","ping_status":"closed","template":"","meta":{"om_disable_all_campaigns":false,"_monsterinsights_skip_tracking":false,"_monsterinsights_sitenote_active":false,"_monsterinsights_sitenote_note":"","_monsterinsights_sitenote_category":0},"product_brand":[],"product_cat":[363],"product_tag":[],"class_list":{"0":"post-794","1":"product","2":"type-product","3":"status-publish","4":"has-post-thumbnail","6":"product_cat-moonrock-prerolls","8":"first","9":"instock","10":"shipping-taxable","11":"purchasable","12":"product-type-simple"},"_links":{"self":[{"href":"https:\/\/caliweedonlineshop.com\/it\/wp-json\/wp\/v2\/product\/794","targetHints":{"allow":["GET"]}}],"collection":[{"href":"https:\/\/caliweedonlineshop.com\/it\/wp-json\/wp\/v2\/product"}],"about":[{"href":"https:\/\/caliweedonlineshop.com\/it\/wp-json\/wp\/v2\/types\/product"}],"replies":[{"embeddable":true,"href":"https:\/\/caliweedonlineshop.com\/it\/wp-json\/wp\/v2\/comments?post=794"}],"wp:featuredmedia":[{"embeddable":true,"href":"https:\/\/caliweedonlineshop.com\/it\/wp-json\/wp\/v2\/media\/795"}],"wp:attachment":[{"href":"https:\/\/caliweedonlineshop.com\/it\/wp-json\/wp\/v2\/media?parent=794"}],"wp:term":[{"taxonomy":"product_brand","embeddable":true,"href":"https:\/\/caliweedonlineshop.com\/it\/wp-json\/wp\/v2\/product_brand?post=794"},{"taxonomy":"product_cat","embeddable":true,"href":"https:\/\/caliweedonlineshop.com\/it\/wp-json\/wp\/v2\/product_cat?post=794"},{"taxonomy":"product_tag","embeddable":true,"href":"https:\/\/caliweedonlineshop.com\/it\/wp-json\/wp\/v2\/product_tag?post=794"}],"curies":[{"name":"wp","href":"https:\/\/api.w.org\/{rel}","templated":true}]}}