{"id":796,"date":"2023-01-16T10:19:49","date_gmt":"2023-01-16T10:19:49","guid":{"rendered":"https:\/\/caliweedonlineshop.com\/?post_type=product&#038;p=796"},"modified":"2023-01-16T10:19:49","modified_gmt":"2023-01-16T10:19:49","slug":"moonrocks","status":"publish","type":"product","link":"https:\/\/caliweedonlineshop.com\/it\/product\/moonrocks\/","title":{"rendered":"Rocce lunari"},"content":{"rendered":"<h1>Compra Moonrock in Italia<\/h1>\n<p>Acquista Moonrock in Australia Sei mai stato cos\u00ec in alto da non sentire le sopracciglia anche se le tocchi? In caso contrario, prova a fumare Moon Rocks e ti garantisco che ci riuscirai. Recentemente l'ho fumata per la prima volta e due mesi dopo non sono ancora in grado di riconoscere i miei tratti del viso. (Ne vale la pena, comunque.)<\/p>\n<p>Attraverso questo processo, il prodotto raggiunge un contenuto di THC del 51,2%. A piccole dosi allevia il dolore, stimola l'appetito e riduce la nausea.<\/p>\n<h2>Compra Moonrock in Italia<\/h2>\n<p>Per il miglior sapore e fumo, le ragazze di Kush N Wax consigliano di usare una ciotola o una pipa per l'hashish e di non macinare le cime con un macinino, poich\u00e9 nel processo perderai la maggior parte del kif.<br \/>\nIl prezzo di un grammo di marijuana pu\u00f2 sembrare alto, ma la qualit\u00e0 del prodotto parla da s\u00e9. Lo stesso Snoop Dogg pu\u00f2 essere visto dare la sua opinione di esperto sulla cannabis del suo membro di Dog Pound.<\/p>\n<p>Giorno | Acquista il chiaro di luna online, acquista il chiaro di luna online, acquista il chiaro di luna, dove acquistare il chiaro di luna online, come acquistare il chiaro di luna online. Acquista erba online<\/p>\n<p>Cosa sono le rocce lunari?<br \/>\nLe Moon Rock non sono in realt\u00e0 un tipo di variet\u00e0 di marijuana, ma piuttosto un modo di consumare la cannabis. In genere, sono pepite della variet\u00e0 di marijuana Girl Scout Cookies, immerse nell'olio di hashish e poi cosparse di kef. Vendo pietre lunari<\/p>\n<p>Se hai mai immerso i coni gelato nel cioccolato e li hai ricoperti di granelli, allora sai esattamente cos'\u00e8 Moon Rocks. Quando combini il consumo di rocce lunari con coni gelato, \u00e8 sicuramente delizioso.<\/p>\n<p>Fai una passeggiata sulla luna<br \/>\nAlcune celebrit\u00e0 hanno marchiato le proprie erbe lunari, che secondo loro sono i prodotti di canapa pi\u00f9 potenti sul mercato. Krupp, il rapper americano ed ex vicepresidente della Death Row Records, ha \"Kurrupts Mooncrock\", che ha un contenuto di THC del 51,2%. A piccole dosi, un prodotto a base di cannabis cos\u00ec super Frankenstein pu\u00f2 essere efficace per alleviare il dolore<br \/>\n. Grandi quantit\u00e0 possono essere semplicemente inviate sulla luna. Vendo rocce lunari<\/p>\n<p>Inserisci qui l'astronave. Compra il gelato Moonrock<br \/>\nPer un consumo ottimale di Moon Rocks, usa una ciotola di hashish o una pipa e fai attenzione a non macinare le cime in un macinino o perderai il kief.<br \/>\nTieni presente che l'erba media contiene tra il 17% e il 30% di THC. Moon Rocks ha quasi il doppio della quantit\u00e0 di THC. Vendo pietre lunari<br \/>\nSe non riesci a trovare facilmente Moon Rocks in una farmacia, puoi chiedere al tuo amico preferito come farlo da solo. Dovresti chiedergli quante cose dovresti comprare e che tipo di variet\u00e0, olio di hashish e kif hai bisogno per costruire la tua astronave sulla luna. Vorrei anche chiedere loro se questo \u00e8 il tipo di esperienza con la cannabis da vivere nella sicurezza e nel comfort della propria casa, o se sarebbero abbastanza decenti da renderlo pubblico. sto solo dicendo. Acquista Moon Rocks in vendita Mirtillo<\/p>\n<p>Le origini di Moon Rocks sono un po' poco chiare, ma si dice che la farmacia Starbudz760 le abbia inventate per prime, con il leggendario rapper della West Coast Kurupt che ha reso popolare il prodotto e registrato la sua versione chiamata Kurupt Moonrock. compra i biscotti Pluto<\/p>\n<p>Le Moon Rocks sono un megazord di THC: sono essenzialmente cime di cannabis (storicamente GSC, ma qualsiasi variet\u00e0 va bene) immerse o spruzzate con olio di hashish, quindi arrotolate.<\/p>","protected":false},"excerpt":{"rendered":"<p>Abbiamo in vendita Moon Rocks al 100% di THC. Garantiamo un ordine postale al 100% ed emettiamo numeri di tracciamento e fattura dopo ogni...<\/p>\n<p>&nbsp;<\/p>","protected":false},"featured_media":797,"comment_status":"open","ping_status":"closed","template":"","meta":{"om_disable_all_campaigns":false,"_monsterinsights_skip_tracking":false,"_monsterinsights_sitenote_active":false,"_monsterinsights_sitenote_note":"","_monsterinsights_sitenote_category":0},"product_brand":[],"product_cat":[16],"product_tag":[],"class_list":{"0":"post-796","1":"product","2":"type-product","3":"status-publish","4":"has-post-thumbnail","6":"product_cat-uncategorized","8":"first","9":"instock","10":"shipping-taxable","11":"purchasable","12":"product-type-variable"},"_links":{"self":[{"href":"https:\/\/caliweedonlineshop.com\/it\/wp-json\/wp\/v2\/product\/796","targetHints":{"allow":["GET"]}}],"collection":[{"href":"https:\/\/caliweedonlineshop.com\/it\/wp-json\/wp\/v2\/product"}],"about":[{"href":"https:\/\/caliweedonlineshop.com\/it\/wp-json\/wp\/v2\/types\/product"}],"replies":[{"embeddable":true,"href":"https:\/\/caliweedonlineshop.com\/it\/wp-json\/wp\/v2\/comments?post=796"}],"wp:featuredmedia":[{"embeddable":true,"href":"https:\/\/caliweedonlineshop.com\/it\/wp-json\/wp\/v2\/media\/797"}],"wp:attachment":[{"href":"https:\/\/caliweedonlineshop.com\/it\/wp-json\/wp\/v2\/media?parent=796"}],"wp:term":[{"taxonomy":"product_brand","embeddable":true,"href":"https:\/\/caliweedonlineshop.com\/it\/wp-json\/wp\/v2\/product_brand?post=796"},{"taxonomy":"product_cat","embeddable":true,"href":"https:\/\/caliweedonlineshop.com\/it\/wp-json\/wp\/v2\/product_cat?post=796"},{"taxonomy":"product_tag","embeddable":true,"href":"https:\/\/caliweedonlineshop.com\/it\/wp-json\/wp\/v2\/product_tag?post=796"}],"curies":[{"name":"wp","href":"https:\/\/api.w.org\/{rel}","templated":true}]}}