{"id":90,"date":"2022-11-30T13:54:45","date_gmt":"2022-11-30T13:54:45","guid":{"rendered":"https:\/\/caliweedonlineshop.com\/?post_type=product&#038;p=90"},"modified":"2022-11-30T13:54:46","modified_gmt":"2022-11-30T13:54:46","slug":"grand-daddy","status":"publish","type":"product","link":"https:\/\/caliweedonlineshop.com\/it\/product\/grand-daddy\/","title":{"rendered":"Grand Daddy"},"content":{"rendered":"","protected":false},"excerpt":{"rendered":"<p>Grand Daddy kush Grado A (Indica) in vendita online negli Stati Uniti. Puoi acquistarlo dal nostro negozio online di erba. Abbiamo marijuana in vendita, erba in vendita online. \u2026 Grand Daddy Purps) \u00e8 una delle variet\u00e0 Indica pi\u00f9 popolari sulla costa occidentale ed \u00e8 forse la variet\u00e0 di cannabis \"viola\" pi\u00f9 conosciuta negli Stati Uniti.<\/p>","protected":false},"featured_media":91,"comment_status":"open","ping_status":"closed","template":"","meta":{"om_disable_all_campaigns":false,"_monsterinsights_skip_tracking":false,"_monsterinsights_sitenote_active":false,"_monsterinsights_sitenote_note":"","_monsterinsights_sitenote_category":0},"product_brand":[],"product_cat":[16],"product_tag":[],"class_list":{"0":"post-90","1":"product","2":"type-product","3":"status-publish","4":"has-post-thumbnail","6":"product_cat-uncategorized","8":"first","9":"instock","10":"sale","11":"shipping-taxable","12":"purchasable","13":"product-type-simple"},"_links":{"self":[{"href":"https:\/\/caliweedonlineshop.com\/it\/wp-json\/wp\/v2\/product\/90","targetHints":{"allow":["GET"]}}],"collection":[{"href":"https:\/\/caliweedonlineshop.com\/it\/wp-json\/wp\/v2\/product"}],"about":[{"href":"https:\/\/caliweedonlineshop.com\/it\/wp-json\/wp\/v2\/types\/product"}],"replies":[{"embeddable":true,"href":"https:\/\/caliweedonlineshop.com\/it\/wp-json\/wp\/v2\/comments?post=90"}],"wp:featuredmedia":[{"embeddable":true,"href":"https:\/\/caliweedonlineshop.com\/it\/wp-json\/wp\/v2\/media\/91"}],"wp:attachment":[{"href":"https:\/\/caliweedonlineshop.com\/it\/wp-json\/wp\/v2\/media?parent=90"}],"wp:term":[{"taxonomy":"product_brand","embeddable":true,"href":"https:\/\/caliweedonlineshop.com\/it\/wp-json\/wp\/v2\/product_brand?post=90"},{"taxonomy":"product_cat","embeddable":true,"href":"https:\/\/caliweedonlineshop.com\/it\/wp-json\/wp\/v2\/product_cat?post=90"},{"taxonomy":"product_tag","embeddable":true,"href":"https:\/\/caliweedonlineshop.com\/it\/wp-json\/wp\/v2\/product_tag?post=90"}],"curies":[{"name":"wp","href":"https:\/\/api.w.org\/{rel}","templated":true}]}}