{"id":93,"date":"2022-11-30T13:56:49","date_gmt":"2022-11-30T13:56:49","guid":{"rendered":"https:\/\/caliweedonlineshop.com\/?post_type=product&#038;p=93"},"modified":"2022-11-30T13:57:27","modified_gmt":"2022-11-30T13:57:27","slug":"gelato-weed-copy","status":"publish","type":"product","link":"https:\/\/caliweedonlineshop.com\/it\/product\/gelato-weed-copy\/","title":{"rendered":"Gelato Weed (Copy)"},"content":{"rendered":"<p>La variet\u00e0 gelato weed uk ha aromi e sapori che sono stati descritti come terrosi, dolci, di menta, agrumati, simili a frutti di bosco, legno di quercia, sorbetto, arancia, lavanda e biscotti. La pianta del Gelato \u00e8 bassa e tozza. Le sue foglie sono di colore verde bosco con sfumature viola scuro. Le cime della variet\u00e0 Gelato appaiono viola scuro e attraversate da pistilli arancione brillante. Le sue cime sono appiccicose con una copertura media di cristalli di tricomi.<\/p>\n<p>La variet\u00e0 di marijuana Gelato ha alti livelli di THC che vanno dal 15 al 25%, rendendola una variet\u00e0 abbastanza potente. Gli effetti ibridi di THC Design sono ben bilanciati: un'interessante miscela di rinvigorimento e rilassamento. Se un corpo indica tonico con una chiarezza sativa che ti mantiene abbastanza attivo da goderti gli effetti di una variet\u00e0 \u00e8 il tuo desiderio, allora questa \u00e8 per te. I suoi effetti sono rapidi, a partire da un colpo di testa e un'euforia pesante. Lo sballo che offre \u00e8 beato ed edificante. Un brivido corporeo strisciante si impone gradualmente fino a quando non ti senti completamente rilassato e calmo, ma fornendo abbastanza energia e concentrazione per mantenerti positivo e socievole.<\/p>\n<p>Acquista gelato 45 UK, gelato #45 vs 33 acquista anche gelato 45 allbud, gelato 41 strain, gelato #45 yield, gelato 45 strain smart cart, gelato 45 vs 33, gelato 45 strain indica o sativa, gelati vs gelato strain, gelato strain 45, variet\u00e0 di gelato allo squalo, variet\u00e0 di gelato 41, variet\u00e0 di torta nuziale, variet\u00e0 di gelato al mirtillo, variet\u00e0 di gelato al limone, cannabis<\/p>\n<p>Benefici medici dell'utilizzo della variet\u00e0 ibrida di Gelato Weed<br \/>\nIl leggero effetto cerebrale di Gelato con il suo simultaneo rilassamento corporeo lo rende uno dei preferiti per i disturbi d'ansia e lo stress cronico. Il gelato fornisce una spinta di energia cerebrale che aiuter\u00e0 ad alleviare la depressione cronica. Questa stimolazione pu\u00f2 anche aiutare a trattare i pazienti con disturbi dell'attenzione come ADHD e ADD. La componente Indica rilasser\u00e0 il corpo per sopprimere l'iperattivit\u00e0, mentre la Sativa fornir\u00e0 la stimolazione necessaria per una concentrazione prolungata. La variet\u00e0 Gelato aiuter\u00e0 con la nausea grazie al suo sapore e odore seducenti; Anche questa variet\u00e0 di cannabis gelato aiuter\u00e0 anche con l'appetito per i pazienti che soffrono di nausea a causa della chemioterapia per cancro o malattie autoimmuni.<\/p>\n<p>Effects Of Gelato 45 marijuana strain<br \/>\nHappy<br \/>\nEuphoric<br \/>\nRelaxed<br \/>\nUplifted<br \/>\nCreative<br \/>\nClassification: 55% Indica\/45% Sativa<\/p>\n<p>Genitori: Thin Mint Girl Scout Cookies X Sunset Sherbet<\/p>","protected":false},"excerpt":{"rendered":"<p>Gelato Weed uk ha tutto il fascino morbido e fruttato di Sunset Sherbert con la bont\u00e0 terrosa ed erbacea di Thin Mints. Con una disponibilit\u00e0 limitata e un aspetto e un gusto audaci, questa variet\u00e0 rientra in una categoria emergente di ibridi artigianali della costa occidentale che si concentrano sul gusto. Portando molteplici tratti desiderabili dal suo lignaggio fortemente incrociato, Gelato ha effetti visivi e gusto straordinari. La sua atmosfera trippy ma rilassante lo rende una scelta perfetta per un po' di introspezione da solista o per socializzare in modo chiacchierone.<\/p>","protected":false},"featured_media":92,"comment_status":"open","ping_status":"closed","template":"","meta":{"om_disable_all_campaigns":false,"_monsterinsights_skip_tracking":false,"_monsterinsights_sitenote_active":false,"_monsterinsights_sitenote_note":"","_monsterinsights_sitenote_category":0},"product_brand":[],"product_cat":[21],"product_tag":[22,120,65,66,67,68,69,70,71,72,73,74,75,76,77,78,79,80,37,38,40,41,42,81,82,83,119,84,85,86,87,88,89,90,91,92,93,94,95,96,124,97,98,99,100,101,102,103,48,49,118,121,123,54,104,105,106,107,108,109,122,117,110,111,112,113,114,59,60,61,62,63,64,115,116],"class_list":{"0":"post-93","1":"product","2":"type-product","3":"status-publish","4":"has-post-thumbnail","6":"product_cat-indica-strains","7":"product_tag-american-weed-shop-uk-delivery","8":"product_tag-berry-like","9":"product_tag-black-cherry-gelato-backpackboyz","10":"product_tag-black-cherry-gelato-backpackboyz-price","11":"product_tag-black-cherry-gelato-packs","12":"product_tag-black-cherry-gelato-price","13":"product_tag-black-cherry-gelato-review","14":"product_tag-black-cherry-gelato-seeds","15":"product_tag-black-cherry-gelato-seeds-for-sale","16":"product_tag-black-cherry-gelato-shatter","17":"product_tag-black-cherry-gelato-strain","18":"product_tag-black-cherry-gelato-strain-cookies","19":"product_tag-black-cherry-gelato-strain-price","20":"product_tag-black-cherry-gelato-strain-yield","21":"product_tag-black-gelato","22":"product_tag-buy-gelato-45-uk","23":"product_tag-buy-gelato-weed","24":"product_tag-buy-weed-online-uk","25":"product_tag-cannabis-delivery-service-uk","26":"product_tag-cannabis-delivery-uk","27":"product_tag-cannabis-for-sale-uk-delivery","28":"product_tag-cannabis-online-uk","29":"product_tag-cannabis-uk-delivery","30":"product_tag-cherry-gelato-strain-allbud","31":"product_tag-cherry-gelato-strain-backpackboyz","32":"product_tag-cherry-gelato-strain-leafly","33":"product_tag-citrusy","34":"product_tag-double-scoop-strain","35":"product_tag-eu-buy-cannabis-online","36":"product_tag-europe","37":"product_tag-gelati-vs-gelato-strain","38":"product_tag-gelato-45-vs-33","39":"product_tag-gelato-45-yield","40":"product_tag-gelato-41-strain","41":"product_tag-gelato-45-allbud","42":"product_tag-gelato-45-strain-indica-or-sativa","43":"product_tag-gelato-45-strain-smart-cart","44":"product_tag-gelato-strain","45":"product_tag-gelato-strain-45","46":"product_tag-how-to-buy-gelato-strain","47":"product_tag-lavender","48":"product_tag-lemon-cherry-gelato","49":"product_tag-lemon-cherry-gelato-backpackboyz","50":"product_tag-lemon-cherry-gelato-strain-effects","51":"product_tag-lemon-cherry-gelato-strain-review","52":"product_tag-lemon-cherry-gelato-strain-seeds","53":"product_tag-lemon-gelato-strain","54":"product_tag-mail-order-weed-uk","55":"product_tag-marijuana-uk-buy","56":"product_tag-medical-cannabis-uk-delivery","57":"product_tag-minty","58":"product_tag-oaky","59":"product_tag-orange","60":"product_tag-order-weed-online-uk","61":"product_tag-scoops-strain-allbud","62":"product_tag-scoops-strain-info","63":"product_tag-scoops-strain-leafly","64":"product_tag-scoops-strain-review","65":"product_tag-scoops-strain-yield","66":"product_tag-shark-gelato-strain","67":"product_tag-sherbet","68":"product_tag-sweet","69":"product_tag-sweet-cherry-gelato-strain","70":"product_tag-triple-scoop-gelato-strain","71":"product_tag-triple-scoop-strain","72":"product_tag-usa","73":"product_tag-wedding-cake-strain","74":"product_tag-weed-delivery-uk","75":"product_tag-weed-for-sale-uk","76":"product_tag-weed-online-uk","77":"product_tag-weed-shop-london-uk","78":"product_tag-weed-shop-online-uk","79":"product_tag-weed-shop-uk","80":"product_tag-where-to-buy-gelato-weed","81":"product_tag-white-cherry-gelato-description-additional-information-reviews-3-description-buy-gelato-weed-uk-gelato-weed-uk-strain-has-aromas-and-flavors-that-have-been-described-as-earthy","83":"first","84":"instock","85":"sale","86":"shipping-taxable","87":"purchasable","88":"product-type-simple"},"_links":{"self":[{"href":"https:\/\/caliweedonlineshop.com\/it\/wp-json\/wp\/v2\/product\/93","targetHints":{"allow":["GET"]}}],"collection":[{"href":"https:\/\/caliweedonlineshop.com\/it\/wp-json\/wp\/v2\/product"}],"about":[{"href":"https:\/\/caliweedonlineshop.com\/it\/wp-json\/wp\/v2\/types\/product"}],"replies":[{"embeddable":true,"href":"https:\/\/caliweedonlineshop.com\/it\/wp-json\/wp\/v2\/comments?post=93"}],"wp:featuredmedia":[{"embeddable":true,"href":"https:\/\/caliweedonlineshop.com\/it\/wp-json\/wp\/v2\/media\/92"}],"wp:attachment":[{"href":"https:\/\/caliweedonlineshop.com\/it\/wp-json\/wp\/v2\/media?parent=93"}],"wp:term":[{"taxonomy":"product_brand","embeddable":true,"href":"https:\/\/caliweedonlineshop.com\/it\/wp-json\/wp\/v2\/product_brand?post=93"},{"taxonomy":"product_cat","embeddable":true,"href":"https:\/\/caliweedonlineshop.com\/it\/wp-json\/wp\/v2\/product_cat?post=93"},{"taxonomy":"product_tag","embeddable":true,"href":"https:\/\/caliweedonlineshop.com\/it\/wp-json\/wp\/v2\/product_tag?post=93"}],"curies":[{"name":"wp","href":"https:\/\/api.w.org\/{rel}","templated":true}]}}