{"id":255,"date":"2023-01-12T15:09:40","date_gmt":"2023-01-12T15:09:40","guid":{"rendered":"https:\/\/caliweedonlineshop.com\/?post_type=product&#038;p=255"},"modified":"2023-01-12T15:10:56","modified_gmt":"2023-01-12T15:10:56","slug":"grapefruit","status":"publish","type":"product","link":"https:\/\/caliweedonlineshop.com\/nl\/product\/grapefruit\/","title":{"rendered":"Grapefruit"},"content":{"rendered":"<h1>Koop Grapefruit Marijuana Strain online in Frankrijk<\/h1>\n<p>Koop Grapefruit-marihuanasoort online in Frankrijk. Deze krachtige sativa is ontstaan \u200b\u200bdoor kruisingCenterilla 99ontwikkeld met een snelbloeiende sativa geselecteerd vanwege zijn rijke grapefruitaroma. De tropische citrusgeur van grapefruit vermengt zich met de stimulerende effecten om je een gelukkige stressverlichter te geven die ook goed is voor het bestrijden van migraine. <a href=\"https:\/\/www.leafly.com\/strains\/cinderella-99\" target=\"_blank\" rel=\"noopener\">Centerrilla 99<\/a> mit einer schnell bl\u00fchenden Sativa entwickelt, die wegen ihres reichen Grapefruit-Aromas ausgew\u00e4hlt wurde. Der tropische Zitrusduft der Grapefruit vermischt sich mit der energetischen Wirkung, um Ihnen einen gl\u00fccklichen Stressabbau zu verschaffen, der auch gut zur Bek\u00e4mpfung von Migr\u00e4ne geeignet ist.<\/p>\n<p>Welkom in de wereld van grapefruit, de <a href=\"https:\/\/caliweedonlineshop.com\/nl\/\">Sativa<\/a>waar zij de baas is en we allemaal volgens haar regels leven. Als afstammeling van de Cinderella 99-soort gekruist met een niet-ge\u00efdentificeerde soort, is de smaak als geen ander. KOOP MARIHUANA ONLINE IN NEDERLAND<\/p>\n<p>Koop Grapefruit Marijuana Strain online in Frankrijk<br \/>\nEsthetiek<\/p>\n<p>Stammen worden vaak verkeerd gelabeld en krijgen een naam die ze niet verdienen. Grapefruit smaakt precies zoals je zou verwachten, alleen 10 keer beter. Citroenachtige boventonen bedekken de tong en smaken als een dure Duitse shandy. Als je dacht dat de smaak geweldig was, wacht dan tot de geur je neusgaten binnendringt. De geur is onge\u00ebvenaard door enige andere wiet op de markt. Big Mex Magic Mushroom Online VS<\/p>\n<p>Een zoete en aromatische ervaring die je hersenen laat denken dat je met je gezicht naar voren in een vers geplukte grapefruit bent gelopen. Wat wil je als liefhebber van fruitige soorten nog meer?<\/p>\n<p>Grapefruiteffecten + voordelen<\/p>\n<p>Je hebt alle benodigdheden die je nodig hebt: penselen, schildersezel, water- en acrylverf staan \u200b\u200bklaar voor een middag vol magie. Als je voor de 5e keer met de kwast in de gele kleur tikt, zitten je hersenen op slot alsof je met de handrem erop staat. Enigszins gefrustreerd leg je de borstel weer neer en zucht. Misschien is vandaag niet het juiste moment. Diazepam 10 mg tabletten online kopen<\/p>\n<p>een zeer creatief veld. Binnen momenten van consumptie is het alsof de oogkleppen van het paard loskomen en de borstel vanzelf beweegt. Zo hoort kunst te zijn, eenvoudig en stressverlagend, niet andersom.<\/p>\n<p>Het is moeilijk om een \u200b\u200bsoort te vinden die geschikt is voor gebruik overdag. Net als je denkt haar gevonden te hebben, lijkt het alsof je een paar uur later alweer in slaap valt. Grapefruit heeft veel positieve kanten, maar het grootste wapen is het gebrek aan verdoving en gevoelens van welzijn. Angst doet er niet toe, het lost op als zout in water en spoelt elk gevoel van onbehagen weg. Koop Grapefruit Marijuana Strain online in Frankrijk<\/p>\n<p>Zo'n geweldige soort komt niet elke dag langs. Loop de deur uit en het leven in met het vertrouwen om het voortouw te nemen met Grapefruit. KOOP SCOUT BISCUITS ONLINE IN EUROPA<\/p>\n<p>Bis zu 18-20% THC<\/p>","protected":false},"excerpt":{"rendered":"<p>Welkom in de wereld van grapefruit, de sativa, waar zij de baas is en wij allemaal volgens haar regels leven. Afstammeling van de Cinderella 99-soort gekruist met een niet-ge\u00efdentificeerde soort, de smaak is als geen ander.<\/p>\n<p>&nbsp;<\/p>","protected":false},"featured_media":256,"comment_status":"open","ping_status":"closed","template":"","meta":{"om_disable_all_campaigns":false,"_monsterinsights_skip_tracking":false,"_monsterinsights_sitenote_active":false,"_monsterinsights_sitenote_note":"","_monsterinsights_sitenote_category":0},"product_brand":[],"product_cat":[126,127],"product_tag":[142,143,144,145,146,147],"class_list":{"0":"post-255","1":"product","2":"type-product","3":"status-publish","4":"has-post-thumbnail","6":"product_cat-blumen","7":"product_cat-sativa-sorte","8":"product_tag-buy-grapefruit-online-in-australia","9":"product_tag-buy-grapefruit-online-in-colorado","10":"product_tag-buy-grapefruit-online-in-europe","11":"product_tag-buy-grapefruit-online-in-las-vegas","12":"product_tag-buy-grapefruit-online-in-mexico","13":"product_tag-buy-grapefruit-online-in-new-york","15":"first","16":"instock","17":"shipping-taxable","18":"purchasable","19":"product-type-variable"},"_links":{"self":[{"href":"https:\/\/caliweedonlineshop.com\/nl\/wp-json\/wp\/v2\/product\/255","targetHints":{"allow":["GET"]}}],"collection":[{"href":"https:\/\/caliweedonlineshop.com\/nl\/wp-json\/wp\/v2\/product"}],"about":[{"href":"https:\/\/caliweedonlineshop.com\/nl\/wp-json\/wp\/v2\/types\/product"}],"replies":[{"embeddable":true,"href":"https:\/\/caliweedonlineshop.com\/nl\/wp-json\/wp\/v2\/comments?post=255"}],"wp:featuredmedia":[{"embeddable":true,"href":"https:\/\/caliweedonlineshop.com\/nl\/wp-json\/wp\/v2\/media\/256"}],"wp:attachment":[{"href":"https:\/\/caliweedonlineshop.com\/nl\/wp-json\/wp\/v2\/media?parent=255"}],"wp:term":[{"taxonomy":"product_brand","embeddable":true,"href":"https:\/\/caliweedonlineshop.com\/nl\/wp-json\/wp\/v2\/product_brand?post=255"},{"taxonomy":"product_cat","embeddable":true,"href":"https:\/\/caliweedonlineshop.com\/nl\/wp-json\/wp\/v2\/product_cat?post=255"},{"taxonomy":"product_tag","embeddable":true,"href":"https:\/\/caliweedonlineshop.com\/nl\/wp-json\/wp\/v2\/product_tag?post=255"}],"curies":[{"name":"wp","href":"https:\/\/api.w.org\/{rel}","templated":true}]}}