{"id":311,"date":"2023-01-12T18:26:41","date_gmt":"2023-01-12T18:26:41","guid":{"rendered":"https:\/\/caliweedonlineshop.com\/?post_type=product&#038;p=311"},"modified":"2026-03-29T09:56:39","modified_gmt":"2026-03-29T09:56:39","slug":"purple-haze","status":"publish","type":"product","link":"https:\/\/caliweedonlineshop.com\/nl\/product\/purple-haze\/","title":{"rendered":"Purple haze"},"content":{"rendered":"<h1>Koop Purple Haze online in Duitsland<\/h1>\n<p>Koop Purple Haze online in Duitsland. Purple Haze, beroemd geworden door Jimi Hendrix' klassieker uit 1967, levert een dromerige uitbarsting van euforie die ervaren gebruikers terugvoert naar hun psychedelische hoogtijdagen. Dit nostalgische sativa-hoofdbestanddeel wordt nog steeds gewaardeerd om zijn energieke cerebrale stimulatie die de hele dag creativiteit en gelukzalige tevredenheid inspireert. Aangenomen wordt dat Purple Haze afstamt van de oudersoorten Purple Thai en Haze, die een mix van zoete en aardse aroma's doorgeven, ondersteund door tonen van bessen en hete kruiden. Purple Haze-toppen hebben typisch een heldere lavendeltint, wat de naamgeving van deze soort verder rechtvaardigt. Ak 47<\/p>\n<p>Dankzij de hit \"Purple Haze\" van Jimi Hendrix zou dit een van de meest bekende soorten ter wereld kunnen zijn. Na het roken van deze soort weet je waarom ze is vernoemd naar het beroemde rocknummer. KOOP KWEEK (per gram) Purple Haze's sativa-dominante genetica zal je voorzien van een verbazingwekkende head high die zelfs kan overgaan in de rijken van psychedelische trippyness. Koop Purple Haze online in Duitsland<\/p>\n<p>stroom<\/p>\n<p>De meeste sativa-soorten hebben een THC-gehalte van rond de 13,5%. OG Kush Purple Haze zit ergens tussen de 13% en 20% THC. De potentie van de specifieke wiet die je in handen krijgt, speelt een sleutelrol in hoe intens je high uiteindelijk zal zijn. Banaan Runtz<\/p>\n<h2>Koop Purple Haze online in Duitsland<\/h2>\n<p>Effecten<\/p>\n<p>Bij deze soort draait alles om de hersenen. Na het nuttigen van Purple Haze kun je je verheugen op een duidelijke en sterke cerebrale high. Je zult je zeker euforisch, energiek, verheven en creatief voelen. En als je een krachtige bloem gebruikt of een hogere dosis neemt, kun je ook wat trippy psychedelische effecten ervaren. Hoe dan ook, na een paar hijsjes van deze eersteklas cannabissoort ben je in de hemel. Super Og-koekje kopen<\/p>\n<p>Geur smaak<\/p>\n<p>Purple Haze heeft een aardse geur met zoete tonen. Hetzelfde profiel wordt doorgevoerd in de smaak van de rook, die ook een lichte bessensmaak krijgt. Koop Purple Haze online in Duitsland. Koop Cubaanse Paddo's online.<\/p>\n<p>Purple Haze is een sativa-dominante hybride (85% sativa\/15% indica) die een krachtige kruising is tussen de zeldzame maar populaire Purple Thai X Haze-soorten. Purple Haze, vernoemd naar het klassieke nummer van Jimi Hendrix uit 1967, is een van de meest bekende soorten dankzij haar populariteit in de jaren '60. Honey Bun kopen Gebruikers omschrijven de Purple Haze-high als een high van bijna onmiddellijke hoogenergetische cerebrale stimulatie, vergezeld van een intens gevoel van creatieve inspiratie en gelukzalige tevredenheid. Wiet online kopen Europa Er kan een lichte lichamelijke high worden ervaren die verwarmend is en zich vanuit het hoofd en de nek verspreidt over het hele lichaam. Vanwege deze krachtige effecten is Purple Haze een ideale soort voor de behandeling van pati\u00ebnten die lijden aan vermoeidheid, lijdt aan milde tot matige depressie, chronische stress of angst. Koop Cherry PiePurple Haze heeft lange, dichte, gepeperde toppen die licht mintgroen zijn met een rijke paarse ondertoon. Deze klompjes zijn bedekt met lange dunne licht- en donkerpaarse haren en een fijn laagje melkwitte trichomen en zoete, kleverige hars. Het heeft een zoet, aards bessenaroma en een scherpe bessensmaak met hints van kruiden. Koop Purple Haze online in Duitsland. Big Mex Magic Mushroom Online VS. Deze klompjes zijn bedekt met lange dunne licht- en donkerpaarse haren en een fijn laagje melkwitte trichomen en zoete, kleverige hars. Het heeft een zoet, aards bessenaroma en een scherpe bessensmaak met hints van kruiden. Koop Purple Haze online in Duitsland. Big Mex Magic Mushroom Online VS. Deze klompjes zijn bedekt met lange dunne licht- en donkerpaarse haren en een fijn laagje melkwitte trichomen en zoete, kleverige hars. Het heeft een zoet, aards bessenaroma en een scherpe bessensmaak met hints van kruiden. Koop Purple Haze online in Duitsland. Big Mex Magic Mushroom Online VS.<\/p>","protected":false},"excerpt":{"rendered":"<p>Purple Haze online kaufen in Deutschland Purple Haze online kaufen in Deutschland. Bekannt geworden durch Jimi Hendrix&#8216; Klassiker von 1967, liefert Purple Haze einen tr\u00e4umerischen Ausbruch von Euphorie, der altgediente Konsumenten zur\u00fcck in ihre psychedelische Glanzzeit bringt. Dieses nostalgische Sativa-Grundnahrungsmittel wird nach wie vor f\u00fcr seine hochenergetische zerebrale Stimulation gesch\u00e4tzt, die den ganzen Tag \u00fcber [&hellip;]<\/p>","protected":false},"featured_media":312,"comment_status":"open","ping_status":"closed","template":"","meta":{"om_disable_all_campaigns":false,"_monsterinsights_skip_tracking":false,"_monsterinsights_sitenote_active":false,"_monsterinsights_sitenote_note":"","_monsterinsights_sitenote_category":0},"product_brand":[],"product_cat":[126,127],"product_tag":[169,170,171,172],"class_list":{"0":"post-311","1":"product","2":"type-product","3":"status-publish","4":"has-post-thumbnail","6":"product_cat-blumen","7":"product_cat-sativa-sorte","8":"product_tag-buy-purple-haze-online-in-los-angeles","9":"product_tag-buy-purple-haze-online-in-new-york","10":"product_tag-buy-purple-haze-online-in-usa","11":"product_tag-buy-purple-haze-onlinein-jacksonville","13":"first","14":"instock","15":"shipping-taxable","16":"purchasable","17":"product-type-variable"},"_links":{"self":[{"href":"https:\/\/caliweedonlineshop.com\/nl\/wp-json\/wp\/v2\/product\/311","targetHints":{"allow":["GET"]}}],"collection":[{"href":"https:\/\/caliweedonlineshop.com\/nl\/wp-json\/wp\/v2\/product"}],"about":[{"href":"https:\/\/caliweedonlineshop.com\/nl\/wp-json\/wp\/v2\/types\/product"}],"replies":[{"embeddable":true,"href":"https:\/\/caliweedonlineshop.com\/nl\/wp-json\/wp\/v2\/comments?post=311"}],"wp:featuredmedia":[{"embeddable":true,"href":"https:\/\/caliweedonlineshop.com\/nl\/wp-json\/wp\/v2\/media\/312"}],"wp:attachment":[{"href":"https:\/\/caliweedonlineshop.com\/nl\/wp-json\/wp\/v2\/media?parent=311"}],"wp:term":[{"taxonomy":"product_brand","embeddable":true,"href":"https:\/\/caliweedonlineshop.com\/nl\/wp-json\/wp\/v2\/product_brand?post=311"},{"taxonomy":"product_cat","embeddable":true,"href":"https:\/\/caliweedonlineshop.com\/nl\/wp-json\/wp\/v2\/product_cat?post=311"},{"taxonomy":"product_tag","embeddable":true,"href":"https:\/\/caliweedonlineshop.com\/nl\/wp-json\/wp\/v2\/product_tag?post=311"}],"curies":[{"name":"wp","href":"https:\/\/api.w.org\/{rel}","templated":true}]}}