{"id":359,"date":"2023-01-13T05:23:20","date_gmt":"2023-01-13T05:23:20","guid":{"rendered":"https:\/\/caliweedonlineshop.com\/?post_type=product&#038;p=359"},"modified":"2023-01-13T05:23:20","modified_gmt":"2023-01-13T05:23:20","slug":"black-domina","status":"publish","type":"product","link":"https:\/\/caliweedonlineshop.com\/nl\/product\/black-domina\/","title":{"rendered":"Black Domina"},"content":{"rendered":"<h1>Koop zwarte femdom online<\/h1>\n<p>Koop zwarte femdom online. bestel zwarte domina online Het werken met vier premium exemplaren van Cannabis Afghanica bracht Sensi Seeds ertoe om 's werelds beste <a href=\"https:\/\/caliweedonlineshop.com\/index.php\/product-category\/blumen\/indica-sorten\/\">Indica-Genetik<\/a> mengen tot een snelbloeiende, met kristallen bedekte hybride: Black Domina. Door gewenste eigenschappen van de te combinerenNoorderlicht <a href=\"https:\/\/www.space.com\/15139-northern-lights-auroras-earth-facts-sdcmp.html\" target=\"_blank\" rel=\"noopener\">Northern Lights<\/a>, <a href=\"https:\/\/www.leafly.com\/strains\/ortega\" target=\"_blank\" rel=\"noopener\">Ortega<\/a>, <a href=\"https:\/\/www.wikileaf.com\/strain\/hash-plant\/\" target=\"_blank\" rel=\"noopener\">Hash Plant<\/a> en Afghani SA is deze soort even geschikt voor de behoeften van commerci\u00eble kwekers, connaisseurs en beginnende kwekers. Black Domina levert een pittig paprikaaroma naast overweldigende ontspanning en slaperigheid, waardoor deze soort ideaal is voor nachtelijk gebruik. Cake Mix\/Mintz kopen<\/p>\n<p>Deze soort is geweldig! Het is als het roken van een antidepressivum. Zeer euforische head-high in het begin, en de burn-out laat je nog steeds erg vredig achter - niet suf en boos dat je niet meer high bent.<\/p>\n<h3>Koop zwarte femdom online<\/h3>\n<p>Koop zwarte femdom online. Bestel zwarte femdom online. De toppen zijn groot, dicht en superdonker. Bijna allemaal diep paars maakt deze soort degene die je moet kopen voor een waanzinnige zeldzame soort. Ik had nog nooit van haar gehoord totdat ik haar in handen kreeg. E\u00e9n blik, \u00e9\u00e9n geur en \u00e9\u00e9n hit brachten deze soort op onze lijst. Koop Strawnana<\/p>\n<p>&nbsp;<\/p>\n<p>Een geweldige nachtelijke soort voor degenen die wat slaap nodig hebben. Vergeet schaapjes tellen, rook en val in slaap.<\/p>","protected":false},"excerpt":{"rendered":"<p>Sensi Seeds werkte met vier eersteklas exemplaren van Cannabis Afghanica en mengde 's werelds beste indica-genetica tot een snelbloeiende, met kristallen omhulde hybride.<\/p>\n<p>&nbsp;<\/p>","protected":false},"featured_media":360,"comment_status":"open","ping_status":"closed","template":"","meta":{"om_disable_all_campaigns":false,"_monsterinsights_skip_tracking":false,"_monsterinsights_sitenote_active":false,"_monsterinsights_sitenote_note":"","_monsterinsights_sitenote_category":0},"product_brand":[],"product_cat":[126,195],"product_tag":[],"class_list":{"0":"post-359","1":"product","2":"type-product","3":"status-publish","4":"has-post-thumbnail","6":"product_cat-blumen","7":"product_cat-indica-sorten","9":"first","10":"instock","11":"shipping-taxable","12":"purchasable","13":"product-type-variable"},"_links":{"self":[{"href":"https:\/\/caliweedonlineshop.com\/nl\/wp-json\/wp\/v2\/product\/359","targetHints":{"allow":["GET"]}}],"collection":[{"href":"https:\/\/caliweedonlineshop.com\/nl\/wp-json\/wp\/v2\/product"}],"about":[{"href":"https:\/\/caliweedonlineshop.com\/nl\/wp-json\/wp\/v2\/types\/product"}],"replies":[{"embeddable":true,"href":"https:\/\/caliweedonlineshop.com\/nl\/wp-json\/wp\/v2\/comments?post=359"}],"wp:featuredmedia":[{"embeddable":true,"href":"https:\/\/caliweedonlineshop.com\/nl\/wp-json\/wp\/v2\/media\/360"}],"wp:attachment":[{"href":"https:\/\/caliweedonlineshop.com\/nl\/wp-json\/wp\/v2\/media?parent=359"}],"wp:term":[{"taxonomy":"product_brand","embeddable":true,"href":"https:\/\/caliweedonlineshop.com\/nl\/wp-json\/wp\/v2\/product_brand?post=359"},{"taxonomy":"product_cat","embeddable":true,"href":"https:\/\/caliweedonlineshop.com\/nl\/wp-json\/wp\/v2\/product_cat?post=359"},{"taxonomy":"product_tag","embeddable":true,"href":"https:\/\/caliweedonlineshop.com\/nl\/wp-json\/wp\/v2\/product_tag?post=359"}],"curies":[{"name":"wp","href":"https:\/\/api.w.org\/{rel}","templated":true}]}}