{"id":591,"date":"2023-01-14T17:01:33","date_gmt":"2023-01-14T17:01:33","guid":{"rendered":"https:\/\/caliweedonlineshop.com\/?post_type=product&#038;p=591"},"modified":"2023-01-14T17:01:33","modified_gmt":"2023-01-14T17:01:33","slug":"gelato","status":"publish","type":"product","link":"https:\/\/caliweedonlineshop.com\/nl\/product\/gelato\/","title":{"rendered":"Gelato"},"content":{"rendered":"<h1>Gelato online kopen<\/h1>\n<p>Gelato online kopen. Gelato (ook wel \"<a href=\"https:\/\/en.wikipedia.org\/wiki\/Larry_Bird\" target=\"_blank\" rel=\"noopener\">Larry Bird<\/a>\") is een aanlokkelijke <a href=\"https:\/\/caliweedonlineshop.com\/index.php\/product-category\/blumen\/hybrid-sorten\/\">Cannabis-Hybridsorte<\/a> door Cookie Fam en Sherbinski, in de voetsporen van haar ouders Sunset Sherbet en Thin Mint GSC. Inheems in de Bay Area van Californi\u00eb, dankt deze soort haar naam aan het fruitige, dessertachtige aroma dat als een rode draad door de Cookie-familie loopt. Haar toppen hebben de neiging om te bloeien in dieppaarse tinten, verlicht door vurig oranje haartjes en een glanzende witte laag kristalhars. Nieuweling<\/p>\n<p>Zouden deze THC-krachtpatser voorzichtig moeten benaderen, maar degenen met een hoge tolerantie zullen genieten van de logge euforie van Gelato. Lichamelijke ontspanning treedt in werking, maar velen merken dat ze nog steeds mentaal alert genoeg zijn om productief en creatief te blijven wanneer ze de hele dag door van gelato genieten.<\/p>\n<h2>Gelato online kopen<\/h2>\n<p><strong>INDICA %SATIVA %ZUIVERHEID \/ POTENTI\u00cbLE ONTSPANNINGSLAAPENERGIE EUFORIE PIJNVERLICHTING<\/strong><\/p>\n<p>Stamnaam: Gelato Cannabis Stam<\/p>\n<p>Dominante soort: Indica dominant met 55% Indica \/ 45% Sativa.<\/p>\n<p>Korte geschiedenis: Gelato, afkomstig uit de Bay Area, Californi\u00eb, is ontwikkeld door Cookie Fam Genetics. Deze heerlijke soort is ontstaan \u200b\u200bdoor Sunset Sherbet te kruisen met Thin Mint Girl Scout Cookies. De oudersoorten staan \u200b\u200bbeide bekend om hun krachtige effecten.<\/p>\n<p>Laat je echter niet voor de gek houden door de schattige naam. Gelato is een zeer krachtige soort. Deze heerlijke soort heeft tenslotte alle beste eigenschappen van haar oudersoorten.<\/p>\n<p>Onderscheidende kenmerken: Gelato's toppen zijn iets kleiner in vergelijking met andere soorten. Ze zijn echter dik en dicht op elkaar gepakt. De toppen hebben een donkere bosgroene kleur afgewisseld met levendige paarse en oranje haren. De bladeren zijn ook bosgroen van kleur met een lichte paarse tint.<\/p>\n<p>Unterscheidende Merkmale: Die Knospen von Gelato sind im Vergleich zu anderen Sorten etwas kleiner. Sie sind jedoch dick und dicht aneinander gepackt. Die Knospen haben eine dunkle, waldgr\u00fcne Farbe, die mit lebhaften lila und orangefarbenen Haaren durchsetzt ist. Die Bl\u00e4tter haben ebenfalls eine waldgr\u00fcne Farbe mit einem leichten violetten Schimmer.<\/p>\n<p>Cannabino\u00efde- en terpenenprofiel: Het THC-gehalte van Gelato is hoog, rond de 20%, hoewel uit sommige tests is gebleken dat het kan oplopen tot 25%. Het CBD-gehalte ligt rond de 0,1%, waarbij sommige tests een CBD-gehalte van wel 1,59% laten zien. Het CBN-gehalte is met 0,07% laag.<br \/>\nHet terpeenprofiel van Gelato omvat myrceen, caryofylleen en pineen.<\/p>\n<p>Smaken\/Aroma: Gelato doet zijn zoete naam eer aan. Het heeft een zoet, aards aroma met heerlijke hints van bosbessen en sinaasappels. Het ruikt ook zoet en houtachtig, met krachtige tonen van fruit zoals bessen, kersen en citrus zoals citroen en limoen. Je zult ook enkele ondertonen van lavendel opmerken.<\/p>\n<p>Effecten: Gelato is een indica-dominante soort waarvan de cerebrale en fysieke effecten je snel en krachtig kunnen treffen. U kunt de krachtige effecten zelfs voelen voordat u daadwerkelijk uitademt.<br \/>\nEerst voel je een sterke head high, die al snel gevolgd wordt door een even sterke body high. Door deze effecten voel je je volledig ontspannen, kalm, gelukkig, euforisch en opgewekt. Het ontspannende effect zorgt er echter niet voor dat je in een couch-lock terechtkomt.<\/p>","protected":false},"excerpt":{"rendered":"<p>Gelato online kopen. Gelato online kopen. Gelato online kopen. Cannabissoort is een 55\/45 indica dominante hybride gekweekt door Cookie Fam Genetics. Ze staat bekend om haar\u2026<\/p>\n<p>&nbsp;<\/p>","protected":false},"featured_media":592,"comment_status":"open","ping_status":"closed","template":"","meta":{"om_disable_all_campaigns":false,"_monsterinsights_skip_tracking":false,"_monsterinsights_sitenote_active":false,"_monsterinsights_sitenote_note":"","_monsterinsights_sitenote_category":0},"product_brand":[],"product_cat":[126,245],"product_tag":[],"class_list":{"0":"post-591","1":"product","2":"type-product","3":"status-publish","4":"has-post-thumbnail","6":"product_cat-blumen","7":"product_cat-hybrid-sorten","9":"first","10":"instock","11":"shipping-taxable","12":"purchasable","13":"product-type-variable"},"_links":{"self":[{"href":"https:\/\/caliweedonlineshop.com\/nl\/wp-json\/wp\/v2\/product\/591","targetHints":{"allow":["GET"]}}],"collection":[{"href":"https:\/\/caliweedonlineshop.com\/nl\/wp-json\/wp\/v2\/product"}],"about":[{"href":"https:\/\/caliweedonlineshop.com\/nl\/wp-json\/wp\/v2\/types\/product"}],"replies":[{"embeddable":true,"href":"https:\/\/caliweedonlineshop.com\/nl\/wp-json\/wp\/v2\/comments?post=591"}],"wp:featuredmedia":[{"embeddable":true,"href":"https:\/\/caliweedonlineshop.com\/nl\/wp-json\/wp\/v2\/media\/592"}],"wp:attachment":[{"href":"https:\/\/caliweedonlineshop.com\/nl\/wp-json\/wp\/v2\/media?parent=591"}],"wp:term":[{"taxonomy":"product_brand","embeddable":true,"href":"https:\/\/caliweedonlineshop.com\/nl\/wp-json\/wp\/v2\/product_brand?post=591"},{"taxonomy":"product_cat","embeddable":true,"href":"https:\/\/caliweedonlineshop.com\/nl\/wp-json\/wp\/v2\/product_cat?post=591"},{"taxonomy":"product_tag","embeddable":true,"href":"https:\/\/caliweedonlineshop.com\/nl\/wp-json\/wp\/v2\/product_tag?post=591"}],"curies":[{"name":"wp","href":"https:\/\/api.w.org\/{rel}","templated":true}]}}