{"id":682,"date":"2023-01-14T18:26:38","date_gmt":"2023-01-14T18:26:38","guid":{"rendered":"https:\/\/caliweedonlineshop.com\/?post_type=product&#038;p=682"},"modified":"2023-01-14T18:26:38","modified_gmt":"2023-01-14T18:26:38","slug":"purple-haze-2","status":"publish","type":"product","link":"https:\/\/caliweedonlineshop.com\/nl\/product\/purple-haze-2\/","title":{"rendered":"Purple haze"},"content":{"rendered":"<h1>Koop Purple Haze online in Duitsland<\/h1>\n<p>Koop Purple Haze online in Duitsland. Purple Haze, beroemd geworden door Jimi Hendrix' klassieker uit 1967, levert een dromerige uitbarsting van euforie die ervaren gebruikers terugvoert naar hun psychedelische hoogtijdagen. Dit nostalgische sativa-hoofdbestanddeel wordt nog steeds gewaardeerd om zijn energieke cerebrale stimulatie die de hele dag creativiteit en gelukzalige tevredenheid inspireert. Aangenomen wordt dat Purple Haze afstamt van de oudersoorten Purple Thai en Haze, die een mix van zoete en aardse aroma's doorgeven, ondersteund door tonen van bessen en hete kruiden. De toppen van Purple Haze hebben typisch een heldere lavendeltint, wat de naamgeving van deze soort verder rechtvaardigt.<\/p>\n<p>Dankzij de hit \"Purple Haze\" van Jimi Hendrix zou dit een van de meest bekende soorten ter wereld kunnen zijn. Na het roken van deze soort weet je waarom ze is vernoemd naar het beroemde rocknummer. KOOP KWEEK (per gram) Purple Haze's sativa-dominante genetica zal je voorzien van een verbazingwekkende head high die zelfs kan overgaan in de rijken van psychedelische trippyness. Koop Purple Haze online in Duitsland<\/p>\n<p><strong>stroom<\/strong><\/p>\n<p>Die meisten Sativa-Sorten haben einen THC-Gehalt von etwa 13,5%. OG Kush Purple Haze liegt irgendwo zwischen 13% und 20% THC. Die Potenz der spezifischen Knospen, die Du in die H\u00e4nde bekommst, wird eine Schl\u00fcsselrolle dabei spielen, wie intensiv Dein Rausch am Ende sein wird.<\/p>\n<h2>Koop Purple Haze online in Duitsland<\/h2>\n<p><strong>Effecten<\/strong><\/p>\n<p>Bij deze soort draait alles om de hersenen. Na het nuttigen van Purple Haze kun je je verheugen op een duidelijke en sterke cerebrale high. Je zult je zeker euforisch, energiek, verheven en creatief voelen. En als je een krachtige bloem gebruikt of een hogere dosis neemt, kun je ook wat trippy psychedelische effecten ervaren. Hoe dan ook, na een paar hijsjes van deze eersteklas cannabissoort ben je in de hemel. Super Og-koekje kopen<\/p>\n<p><strong>Geur smaak<\/strong><\/p>\n<p>Purple Haze hat einen erdigen Geruch mit s\u00fc\u00dfen Noten. Das gleiche Profil \u00fcbertr\u00e4gt sich auf den Geschmack des Rauchs, der auch einen leichten Beerengeschmack annimmt. Purple Haze online in Deutschland kaufen.<br \/>\nPurple Haze ist ein Sativa-dominanter Hybrid (85% Sativa\/15% Indica), der eine potente Kreuzung zwischen den seltenen, aber beliebten Purple Thai X Haze-Sorten ist. Purple Haze wurde nach dem klassischen Song von Jimi Hendrix aus dem Jahr 1967 benannt und ist dank ihrer Popularit\u00e4t in den 1960er Jahren eine der bekanntesten Sorten \u00fcberhaupt. Honey Bun kaufen Benutzer beschreiben den Purple Haze-Rausch als einen mit fast sofortiger hochenergetischer zerebraler Stimulation, begleitet von einem intensiven Gef\u00fchl der kreativen Inspiration und gl\u00fcckseliger Zufriedenheit. Weed online kaufen Europa Man kann einen leichten K\u00f6rperrausch erleben, der w\u00e4rmend ist und sich von Kopf und Nacken auf den ganzen K\u00f6rper ausbreitet. Aufgrund dieser starken Wirkungen ist Purple Haze eine ideale Sorte f\u00fcr die Behandlung von Patienten, die unter M\u00fcdigkeit, leichten bis mittelschweren Depressionen, chronischem Stress oder Angstzust\u00e4nden leiden. Cherry Pie kaufenPurple Haze hat lange, dichte, pfefferf\u00f6rmige Knospen, die leicht minzgr\u00fcn mit reichen lila Untert\u00f6nen sind. Diese Nuggets sind mit langen d\u00fcnnen hell- und dunkelvioletten Haaren und einer feinen Schicht aus milchig-wei\u00dfen Trichomen und s\u00fc\u00dfem, klebrigem Harz bedeckt. Es hat ein s\u00fc\u00dfes erdiges Beerenaroma und einen scharfen Beerengeschmack mit einem Hauch von Gew\u00fcrzen. Purple Haze online kaufen in Deutschland.<\/p>","protected":false},"excerpt":{"rendered":"<p>Het THC-gehalte ligt bij de meeste sativa-soorten rond de 13,5%. Purple Haze zit ergens tussen de 13% en 20% THC. De potentie van de specifieke wiet die je in handen krijgt, speelt een sleutelrol in hoe intens je high uiteindelijk zal zijn.<\/p>\n<p>&nbsp;<\/p>","protected":false},"featured_media":683,"comment_status":"open","ping_status":"closed","template":"","meta":{"om_disable_all_campaigns":false,"_monsterinsights_skip_tracking":false,"_monsterinsights_sitenote_active":false,"_monsterinsights_sitenote_note":"","_monsterinsights_sitenote_category":0},"product_brand":[],"product_cat":[126,245],"product_tag":[],"class_list":{"0":"post-682","1":"product","2":"type-product","3":"status-publish","4":"has-post-thumbnail","6":"product_cat-blumen","7":"product_cat-hybrid-sorten","9":"first","10":"instock","11":"shipping-taxable","12":"purchasable","13":"product-type-variable"},"_links":{"self":[{"href":"https:\/\/caliweedonlineshop.com\/nl\/wp-json\/wp\/v2\/product\/682","targetHints":{"allow":["GET"]}}],"collection":[{"href":"https:\/\/caliweedonlineshop.com\/nl\/wp-json\/wp\/v2\/product"}],"about":[{"href":"https:\/\/caliweedonlineshop.com\/nl\/wp-json\/wp\/v2\/types\/product"}],"replies":[{"embeddable":true,"href":"https:\/\/caliweedonlineshop.com\/nl\/wp-json\/wp\/v2\/comments?post=682"}],"wp:featuredmedia":[{"embeddable":true,"href":"https:\/\/caliweedonlineshop.com\/nl\/wp-json\/wp\/v2\/media\/683"}],"wp:attachment":[{"href":"https:\/\/caliweedonlineshop.com\/nl\/wp-json\/wp\/v2\/media?parent=682"}],"wp:term":[{"taxonomy":"product_brand","embeddable":true,"href":"https:\/\/caliweedonlineshop.com\/nl\/wp-json\/wp\/v2\/product_brand?post=682"},{"taxonomy":"product_cat","embeddable":true,"href":"https:\/\/caliweedonlineshop.com\/nl\/wp-json\/wp\/v2\/product_cat?post=682"},{"taxonomy":"product_tag","embeddable":true,"href":"https:\/\/caliweedonlineshop.com\/nl\/wp-json\/wp\/v2\/product_tag?post=682"}],"curies":[{"name":"wp","href":"https:\/\/api.w.org\/{rel}","templated":true}]}}