{"id":694,"date":"2023-01-14T18:38:33","date_gmt":"2023-01-14T18:38:33","guid":{"rendered":"https:\/\/caliweedonlineshop.com\/?post_type=product&#038;p=694"},"modified":"2023-04-18T21:00:09","modified_gmt":"2023-04-18T21:00:09","slug":"runtz","status":"publish","type":"product","link":"https:\/\/caliweedonlineshop.com\/nl\/product\/runtz\/","title":{"rendered":"Runtz"},"content":{"rendered":"<h1>Koop Runtz Wiet online<\/h1>\n<p>Koop Runtz-wiet online, Zkittlez is een indica-dominante hybride <a href=\"https:\/\/www.wikileaf.com\/strain\/grape-ape\/\" target=\"_blank\" rel=\"noopener\">Grape Ape<\/a> und <a href=\"https:\/\/www.hytiva.com\/strains\/sativa\/grapefruit\" target=\"_blank\" rel=\"noopener\">Grapefruit<\/a>dat met een ander<\/p>\n<p>werd gekruist om deze cannabis met snoepsmaak te produceren, gekweekt door 3rd Gen Family en Terp Hogs. Deze prijs<\/p>\n<p>De winnende combinatie behaalde de 1e plaats bij de Emerald Cup 2016 en de 1e plaats Indica bij de Cannabis Cups 2015 in San Koop Diamond OG Hash<\/p>\n<p>Runtz, de gehypte soort uit de Cookies-familie, is een kruising tussen Zkittlez en Gelato die zeldzaam en gewild is. Geroemd om haar ongelooflijk fruitige profiel dat ruikt naar een zak snoep, heeft de soort met hars doordrenkte toppen die in kleur vari\u00ebren van rijk paars tot limoengroen. Runtz staat ook bekend om haar romige rook die zacht en uitnodigend is<\/p>\n<p>naast een euforische en opbeurende high die uren aanhoudt. Online wiet kopen in Europa<\/p>\n<h2>Koop Runtz Wiet online<\/h2>\n<h4>Indica-dominanter Hybrid &#8211; 70% Indica \/ 30% Sativa<br \/>\nTHC: 13% &#8211; 15%<\/h4>\n<p>Koop ook Runtz <a href=\"https:\/\/caliweedonlineshop.com\/index.php\/product\/blue-skittlez\/\">Zkittlez<\/a> is een indica-dominante mix van Grape Ape en Grapefruit gekruist met een andere naamloze soort om deze cannabis met snoepsmaak te cre\u00ebren, gekweekt door 3rd Gen Family en Terp Hogs. Deze bekroonde combinatie behaalde de 1e plaats bij de Emerald Cup 2016 en de 1e plaats indica bij de Cannabis Cups 2015 in San Francisco en Michigan. De stevige cola's exploderen in een spectrum van felgroene tinten en stralen een zoete, tropische mix van fruitsmaken uit. De effecten van Zkittlez zijn verrassend opbeurend voor een indica, waardoor gebruikers gefocust, wakker en gelukkig blijven terwijl ze het lichaam ontspannen om op elk moment van de dag te ontspannen.<\/p>\n<h3>Koop Zkittlez-marihuana online<\/h3>\n<p>Francisco en Michigan. De dikke cola's exploderen in een spectrum van felgroene tinten en stralen Fire OG uit<\/p>\n<p>Een zoete, tropische mix van fruitsmaken. Het effect van Zkittlez is verbazingwekkend opbeurend en ontspannend voor een indica<\/p>\n<p>Consumenten blijven gefocust, wakker en gelukkig terwijl ze het lichaam ontspannen om op elk moment van de dag tot rust te komen. Koop Runtz Wiet online<\/p>\n<p>&nbsp;<\/p>\n<p>&nbsp;<\/p>\n<p>&nbsp;<\/p>","protected":false},"excerpt":{"rendered":"<p>Runtz Weed Online kaufen Buy Runtz weed Online, Zkittlez ist eine Indica-dominante Mischung aus Grape Ape und Grapefruit, die mit einer anderen gekreuzt wurde, um dieses Cannabis mit S\u00fc\u00dfigkeitengeschmack zu produzieren, das von 3rd Gen Family und Terp Hogs gez\u00fcchtet wurde. Diese preis- die siegreiche Kombination belegte den 1. Platz beim Emerald Cup 2016 und [&hellip;]<\/p>","protected":false},"featured_media":695,"comment_status":"open","ping_status":"closed","template":"","meta":{"om_disable_all_campaigns":false,"_monsterinsights_skip_tracking":false,"_monsterinsights_sitenote_active":false,"_monsterinsights_sitenote_note":"","_monsterinsights_sitenote_category":0},"product_brand":[],"product_cat":[126,245,351],"product_tag":[],"class_list":{"0":"post-694","1":"product","2":"type-product","3":"status-publish","4":"has-post-thumbnail","6":"product_cat-blumen","7":"product_cat-hybrid-sorten","8":"product_cat-marken-cannabis","10":"first","11":"instock","12":"featured","13":"shipping-taxable","14":"purchasable","15":"product-type-variable"},"_links":{"self":[{"href":"https:\/\/caliweedonlineshop.com\/nl\/wp-json\/wp\/v2\/product\/694","targetHints":{"allow":["GET"]}}],"collection":[{"href":"https:\/\/caliweedonlineshop.com\/nl\/wp-json\/wp\/v2\/product"}],"about":[{"href":"https:\/\/caliweedonlineshop.com\/nl\/wp-json\/wp\/v2\/types\/product"}],"replies":[{"embeddable":true,"href":"https:\/\/caliweedonlineshop.com\/nl\/wp-json\/wp\/v2\/comments?post=694"}],"wp:featuredmedia":[{"embeddable":true,"href":"https:\/\/caliweedonlineshop.com\/nl\/wp-json\/wp\/v2\/media\/695"}],"wp:attachment":[{"href":"https:\/\/caliweedonlineshop.com\/nl\/wp-json\/wp\/v2\/media?parent=694"}],"wp:term":[{"taxonomy":"product_brand","embeddable":true,"href":"https:\/\/caliweedonlineshop.com\/nl\/wp-json\/wp\/v2\/product_brand?post=694"},{"taxonomy":"product_cat","embeddable":true,"href":"https:\/\/caliweedonlineshop.com\/nl\/wp-json\/wp\/v2\/product_cat?post=694"},{"taxonomy":"product_tag","embeddable":true,"href":"https:\/\/caliweedonlineshop.com\/nl\/wp-json\/wp\/v2\/product_tag?post=694"}],"curies":[{"name":"wp","href":"https:\/\/api.w.org\/{rel}","templated":true}]}}