{"id":748,"date":"2023-01-14T19:24:15","date_gmt":"2023-01-14T19:24:15","guid":{"rendered":"https:\/\/caliweedonlineshop.com\/?post_type=product&#038;p=748"},"modified":"2026-04-02T04:39:44","modified_gmt":"2026-04-02T04:39:44","slug":"your-highness","status":"publish","type":"product","link":"https:\/\/caliweedonlineshop.com\/nl\/product\/your-highness\/","title":{"rendered":"your highness"},"content":{"rendered":"<h1>Kaufen Sie Ihre Hoheit Marihuana Strain in Georgien<\/h1>\n<p>Kaufen Sie Your Highness Marihuana Strain in Georgien. Royal Highness ist eine preisgekr\u00f6nte Sorte von Royal Queen Seeds, die aus zwei sehr gefragten Sorten hervorgegangen ist. Sie fegt mit einem zerebralen Rausch durch den Raum und liefert so brillante Aromen, dass man sich zwischen den Z\u00fcgen nach ihnen sehnt. Dieser Sativa-dominante Hybrid, der beim Colorado Cannabis Cup 2016 den 3. Platz im Wettbewerb um die beste CBD-Bl\u00fcte belegte, steht seinen kultigen Eltern Dance Hall und Respect in Sachen Intensit\u00e4t und Wirkung in nichts nach. Kubanische Magic Mushrooms online kaufen.<\/p>\n<p>Mit einem THC-Gehalt von etwa 14% ist dieses High ausgewogen in seinen entspannenden Qualit\u00e4ten und seiner F\u00e4higkeit, den Geist anzuregen. Diese waldgr\u00fcnen Nuggets bieten einen s\u00fc\u00dfen Geruch von Fr\u00fcchten und Erde mit einem leichten Hauch von Stinktier, w\u00e4hrend der Geschmack Gaumen verl\u00e4sst sich mehr auf die Heidelbeere Aromen mit s\u00fc\u00dfen Baumfr\u00fcchten Untert\u00f6ne. Die reichen lila Untert\u00f6nen und voller Zuckerguss von Lavendel Trichomen machen diese Knospe erscheinen so fruchtig wie es riecht.kaufen Lpsc X Km 24<\/p>\n<h2>Kaufen Sie Ihre Hoheit Marihuana Strain in Georgien<\/h2>","protected":false},"excerpt":{"rendered":"<p>Royal Highness is een prijswinnende wiet van Royal Queen Seeds die de kamer overspoelt met een cerebrale high en smaken levert die zo briljant zijn dat je er tussen de trekjes door naar hunkert.<\/p>\n<p>&nbsp;<\/p>","protected":false},"featured_media":749,"comment_status":"open","ping_status":"closed","template":"","meta":{"om_disable_all_campaigns":false,"_monsterinsights_skip_tracking":false,"_monsterinsights_sitenote_active":false,"_monsterinsights_sitenote_note":"","_monsterinsights_sitenote_category":0},"product_brand":[],"product_cat":[126,245,351],"product_tag":[202,343,344,347,348,349,350,345,346],"class_list":{"0":"post-748","1":"product","2":"type-product","3":"status-publish","4":"has-post-thumbnail","6":"product_cat-blumen","7":"product_cat-hybrid-sorten","8":"product_cat-marken-cannabis","9":"product_tag-alice-brownies-online-kaufen-in-new-york","10":"product_tag-banana-kush-online-kaufen-in-los-angeles","11":"product_tag-kaufen-banana-kush-online-in-philadelphia","12":"product_tag-kaufen-sie-ihre-hoheit-in-deutschland","13":"product_tag-kaufen-sie-ihre-hoheit-in-polen","14":"product_tag-kaufen-sie-ihre-hoheit-in-spanien","15":"product_tag-kaufen-sie-ihre-hoheit-in-stockton","16":"product_tag-kaufen-sie-your-highness-in-europa","17":"product_tag-kaufen-sie-your-highness-in-frankreich","19":"first","20":"instock","21":"featured","22":"shipping-taxable","23":"purchasable","24":"product-type-variable"},"_links":{"self":[{"href":"https:\/\/caliweedonlineshop.com\/nl\/wp-json\/wp\/v2\/product\/748","targetHints":{"allow":["GET"]}}],"collection":[{"href":"https:\/\/caliweedonlineshop.com\/nl\/wp-json\/wp\/v2\/product"}],"about":[{"href":"https:\/\/caliweedonlineshop.com\/nl\/wp-json\/wp\/v2\/types\/product"}],"replies":[{"embeddable":true,"href":"https:\/\/caliweedonlineshop.com\/nl\/wp-json\/wp\/v2\/comments?post=748"}],"wp:featuredmedia":[{"embeddable":true,"href":"https:\/\/caliweedonlineshop.com\/nl\/wp-json\/wp\/v2\/media\/749"}],"wp:attachment":[{"href":"https:\/\/caliweedonlineshop.com\/nl\/wp-json\/wp\/v2\/media?parent=748"}],"wp:term":[{"taxonomy":"product_brand","embeddable":true,"href":"https:\/\/caliweedonlineshop.com\/nl\/wp-json\/wp\/v2\/product_brand?post=748"},{"taxonomy":"product_cat","embeddable":true,"href":"https:\/\/caliweedonlineshop.com\/nl\/wp-json\/wp\/v2\/product_cat?post=748"},{"taxonomy":"product_tag","embeddable":true,"href":"https:\/\/caliweedonlineshop.com\/nl\/wp-json\/wp\/v2\/product_tag?post=748"}],"curies":[{"name":"wp","href":"https:\/\/api.w.org\/{rel}","templated":true}]}}